{"id":1622,"date":"2021-05-31T14:38:12","date_gmt":"2021-05-31T12:38:12","guid":{"rendered":"https:\/\/www.nordictransport.org\/elected-representatives\/"},"modified":"2026-03-17T10:24:48","modified_gmt":"2026-03-17T08:24:48","slug":"elected-representatives","status":"publish","type":"page","link":"https:\/\/www.nordictransport.org\/en\/elected-representatives\/","title":{"rendered":"Elected representatives"},"content":{"rendered":"<p>[et_pb_section fb_built=&#8221;1&#8243; fullwidth=&#8221;on&#8221; admin_label=&#8221;Hero Section&#8221; _builder_version=&#8221;4.8.2&#8243; background_image=&#8221;https:\/\/www.nordictransport.org\/wp-content\/uploads\/2020\/12\/NTFbild3-scaled.jpg&#8221; global_colors_info=&#8221;{}&#8221;][et_pb_fullwidth_header title=&#8221;Elected representatives&#8221; header_fullscreen=&#8221;on&#8221; background_overlay_color=&#8221;rgba(0,0,0,0.5)&#8221; title_font_color=&#8221;#ffffff&#8221; subhead_font_color=&#8221;#ffffff&#8221; _builder_version=&#8221;4.8.2&#8243; title_font=&#8221;Nunito||||||||&#8221; title_text_align=&#8221;center&#8221; title_text_color=&#8221;#ffffff&#8221; title_font_size=&#8221;80px&#8221; content_font=&#8221;||||||||&#8221; subhead_font=&#8221;Open Sans||||||||&#8221; subhead_text_color=&#8221;#ffffff&#8221; subhead_font_size=&#8221;24px&#8221; subhead_line_height=&#8221;1.6em&#8221; background_color=&#8221;RGBA(0,0,0,0)&#8221; background_enable_image=&#8221;off&#8221; custom_button_one=&#8221;on&#8221; button_one_text_size=&#8221;14px&#8221; button_one_text_color=&#8221;#ffffff&#8221; button_one_bg_color=&#8221;#0099e5&#8243; button_one_border_width=&#8221;12px&#8221; button_one_border_color=&#8221;#0099e5&#8243; button_one_border_radius=&#8221;0px&#8221; button_one_letter_spacing=&#8221;2px&#8221; button_one_font=&#8221;Nunito|700||on|||||&#8221; button_one_use_icon=&#8221;off&#8221; background_layout=&#8221;light&#8221; animation_style=&#8221;fade&#8221; title_font_size_tablet=&#8221;&#8221; title_font_size_phone=&#8221;41px&#8221; title_font_size_last_edited=&#8221;on|phone&#8221; subhead_font_size_tablet=&#8221;&#8221; subhead_font_size_phone=&#8221;&#8221; subhead_font_size_last_edited=&#8221;on|phone&#8221; button_one_text_color_hover=&#8221;#ffffff&#8221; button_one_border_color_hover=&#8221;#0099e5&#8243; button_one_border_radius_hover=&#8221;0px&#8221; button_one_letter_spacing_hover=&#8221;2px&#8221; button_one_bg_color_hover=&#8221;#0099e5&#8243; global_colors_info=&#8221;{}&#8221; button_one_text_size__hover_enabled=&#8221;off&#8221; button_two_text_size__hover_enabled=&#8221;off&#8221; button_one_text_color__hover_enabled=&#8221;on&#8221; button_one_text_color__hover=&#8221;#ffffff&#8221; button_two_text_color__hover_enabled=&#8221;off&#8221; button_one_border_width__hover_enabled=&#8221;off&#8221; button_two_border_width__hover_enabled=&#8221;off&#8221; button_one_border_color__hover_enabled=&#8221;on&#8221; button_one_border_color__hover=&#8221;#0099e5&#8243; button_two_border_color__hover_enabled=&#8221;off&#8221; button_one_border_radius__hover_enabled=&#8221;on&#8221; button_one_border_radius__hover=&#8221;0px&#8221; button_two_border_radius__hover_enabled=&#8221;off&#8221; button_one_letter_spacing__hover_enabled=&#8221;on&#8221; button_one_letter_spacing__hover=&#8221;2px&#8221; button_two_letter_spacing__hover_enabled=&#8221;off&#8221; button_one_bg_color__hover_enabled=&#8221;on&#8221; button_one_bg_color__hover=&#8221;#0099e5&#8243; button_two_bg_color__hover_enabled=&#8221;off&#8221;][\/et_pb_fullwidth_header][\/et_pb_section][et_pb_section fb_built=&#8221;1&#8243; _builder_version=&#8221;4.8.2&#8243; _module_preset=&#8221;default&#8221; custom_padding=&#8221;4px||4px|||&#8221; global_colors_info=&#8221;{}&#8221;][et_pb_row _builder_version=&#8221;4.8.2&#8243; _module_preset=&#8221;default&#8221; custom_padding=&#8221;39px||12px|||&#8221; global_colors_info=&#8221;{}&#8221;][et_pb_column type=&#8221;4_4&#8243; _builder_version=&#8221;4.8.2&#8243; _module_preset=&#8221;default&#8221; global_colors_info=&#8221;{}&#8221;][et_pb_text _builder_version=&#8221;4.9.4&#8243; _module_preset=&#8221;default&#8221; global_colors_info=&#8221;{}&#8221;]<\/p>\n<h2>Elected representatives and auditors<\/h2>\n<p>The federation\u2019s highest body is the Congress, which meets every five years. The Congress deals with, among other things, business reports and annual reports, submitted motions and decides on membership fees. The Congress elects the President of the Federation, the Vice-President and 11 members of the Board.<\/p>\n<p>Between congressional meetings, the Executive Board is the federation&#8217;s highest decision-making body. The board appoints a Management Committee consisting of four board members from different countries.<\/p>\n<p>The seven sections are an important part of the federation&#8217;s activities. The sections are responsible for the activities related to their own industry. In connection with each congress, each section selects its Steering Committee.<\/p>\n<p>[\/et_pb_text][\/et_pb_column][\/et_pb_row][et_pb_row _builder_version=&#8221;4.8.2&#8243; _module_preset=&#8221;default&#8221; custom_padding=&#8221;19px||1px|||&#8221; global_colors_info=&#8221;{}&#8221;][et_pb_column type=&#8221;4_4&#8243; _builder_version=&#8221;4.8.2&#8243; _module_preset=&#8221;default&#8221; global_colors_info=&#8221;{}&#8221;][et_pb_divider _builder_version=&#8221;4.8.2&#8243; _module_preset=&#8221;default&#8221; global_colors_info=&#8221;{}&#8221;][\/et_pb_divider][\/et_pb_column][\/et_pb_row][\/et_pb_section][et_pb_section fb_built=&#8221;1&#8243; admin_label=&#8221;Category Search Section&#8221; _builder_version=&#8221;4.11.2&#8243; custom_padding=&#8221;9px||29px|||&#8221; global_colors_info=&#8221;{}&#8221;][et_pb_row column_structure=&#8221;1_2,1_2&#8243; _builder_version=&#8221;4.11.2&#8243; _module_preset=&#8221;default&#8221; global_colors_info=&#8221;{}&#8221;][et_pb_column type=&#8221;1_2&#8243; _builder_version=&#8221;4.11.2&#8243; _module_preset=&#8221;default&#8221; global_colors_info=&#8221;{}&#8221;][et_pb_text _builder_version=&#8221;4.11.2&#8243; _module_preset=&#8221;default&#8221; hover_enabled=&#8221;0&#8243; global_colors_info=&#8221;{}&#8221; sticky_enabled=&#8221;0&#8243;]<\/p>\n<h2><strong>Executive Board<\/strong><\/h2>\n<p><strong>Ismo Kokko<\/strong>, AKT, Finland (President)<\/p>\n<p><strong>Jahn Cato Bakken<\/strong>, Norsk Sj\u00f8mannsforbund, Norway (Vice President)<\/p>\n<p><strong>Flemming Overgaard<\/strong>, 3F Transport, Denmark (Management Committee member)<\/p>\n<p><strong>Tommy Wreeth<\/strong>, Transportarbetaref\u00f6rbundet, Sweden (Management Committee member)<\/p>\n<p><strong>Joachim Alatalo<\/strong>, FSU, Finland<\/p>\n<p><strong>Robert Darelius<\/strong>, Kommunal, Sweden<\/p>\n<p><strong>Gitte Geertsen<\/strong>, HK Privat, Denmark<\/p>\n<p><strong>Sigr\u00fan J\u00f3nsd\u00f3ttir<\/strong>, FFI, Iceland<\/p>\n<p><strong>Teppo J\u00e4rnstedt<\/strong>, JHL, Finland<\/p>\n<p><strong>Hans Lindau<\/strong>, Unionen, Sweden<\/p>\n<p><strong>Johan Lindholm<\/strong>, Seko, Sweden<\/p>\n<p><strong>Kasper Palm<\/strong>, Dansk Metal, Denmark<\/p>\n<p><strong>Terje Samuelsen<\/strong>, Fellesforbundet, Norway<\/p>\n<p>Agreed observer:<\/p>\n<p><strong>Torfinn H\u00e5verstad<\/strong>, NJF, Norway<\/p>\n<p>&nbsp;<\/p>\n<p>&nbsp;<\/p>\n<p>[\/et_pb_text][\/et_pb_column][et_pb_column type=&#8221;1_2&#8243; _builder_version=&#8221;4.11.2&#8243; _module_preset=&#8221;default&#8221; global_colors_info=&#8221;{}&#8221;][et_pb_image src=&#8221;https:\/\/www.nordictransport.org\/wp-content\/uploads\/2020\/12\/Gods-scaled.jpg&#8221; title_text=&#8221;winding roads at faroe islands&#8221; _builder_version=&#8221;4.11.2&#8243; _module_preset=&#8221;default&#8221; global_colors_info=&#8221;{}&#8221;][\/et_pb_image][\/et_pb_column][\/et_pb_row][et_pb_row column_structure=&#8221;1_2,1_2&#8243; _builder_version=&#8221;4.11.2&#8243; _module_preset=&#8221;default&#8221; custom_padding=&#8221;||0px|||&#8221; global_colors_info=&#8221;{}&#8221;][et_pb_column type=&#8221;1_2&#8243; _builder_version=&#8221;4.11.2&#8243; _module_preset=&#8221;default&#8221; global_colors_info=&#8221;{}&#8221;][et_pb_text _builder_version=&#8221;4.11.2&#8243; _module_preset=&#8221;default&#8221; global_colors_info=&#8221;{}&#8221;]<\/p>\n<h2><b>Lay Auditors<\/b><\/h2>\n<p><strong>Lars Mikaelsson<\/strong>, Transportarbetaref\u00f6rbundet, Sweden<\/p>\n<p><strong>Mikael Lindmark<\/strong>, Seko, Sweden<\/p>\n<p>[\/et_pb_text][\/et_pb_column][et_pb_column type=&#8221;1_2&#8243; _builder_version=&#8221;4.11.2&#8243; _module_preset=&#8221;default&#8221; global_colors_info=&#8221;{}&#8221;][\/et_pb_column][\/et_pb_row][et_pb_row column_structure=&#8221;1_2,1_2&#8243; _builder_version=&#8221;4.11.2&#8243; _module_preset=&#8221;default&#8221; custom_padding=&#8221;45px|||||&#8221; global_colors_info=&#8221;{}&#8221;][et_pb_column type=&#8221;1_2&#8243; _builder_version=&#8221;4.11.2&#8243; _module_preset=&#8221;default&#8221; global_colors_info=&#8221;{}&#8221;][et_pb_image src=&#8221;https:\/\/www.nordictransport.org\/wp-content\/uploads\/2023\/08\/NTF2023_WEB_DAY1-93.jpg&#8221; title_text=&#8221;NTF2023_WEB_DAY1-93&#8243; _builder_version=&#8221;4.11.2&#8243; _module_preset=&#8221;default&#8221; global_colors_info=&#8221;{}&#8221;][\/et_pb_image][\/et_pb_column][et_pb_column type=&#8221;1_2&#8243; _builder_version=&#8221;4.11.2&#8243; _module_preset=&#8221;default&#8221; global_colors_info=&#8221;{}&#8221;][et_pb_text _builder_version=&#8221;4.11.2&#8243; _module_preset=&#8221;default&#8221; global_colors_info=&#8221;{}&#8221;]<hs><strong>Civil aviation\u00a0 &#8211; Section&#8217;s steering committee:<\/strong><\/h2>\n<p><strong>Johanna Tuomaala<\/strong>, AKT, Finland (Chair)<\/p>\n<p><strong>Henrik Bay-Clausen<\/strong>, 3F, Denmark (Vice Chair)<\/p>\n<p><strong>Jonas Eriksson<\/strong>, Unionen, Sweden (Secretary)<\/p>\n<p><strong>Fri\u00f0rik \u00d3marsson<\/strong>, FIA, Iceland<\/p>\n<p><strong>Elisabeth Sundset<\/strong>, HK, Norway<\/p>\n<p>Bild: Pekka Rousi<\/p>\n<p>[\/et_pb_text][\/et_pb_column][\/et_pb_row][et_pb_row column_structure=&#8221;1_2,1_2&#8243; _builder_version=&#8221;4.11.2&#8243; _module_preset=&#8221;default&#8221; global_colors_info=&#8221;{}&#8221;][et_pb_column type=&#8221;1_2&#8243; _builder_version=&#8221;4.11.2&#8243; _module_preset=&#8221;default&#8221; global_colors_info=&#8221;{}&#8221;][et_pb_image src=&#8221;https:\/\/www.nordictransport.org\/wp-content\/uploads\/2023\/08\/NTF2023_WEB_DAY2-11.jpg&#8221; title_text=&#8221;NTF2023_WEB_DAY2-11&#8243; _builder_version=&#8221;4.11.2&#8243; _module_preset=&#8221;default&#8221; global_colors_info=&#8221;{}&#8221;][\/et_pb_image][\/et_pb_column][et_pb_column type=&#8221;1_2&#8243; _builder_version=&#8221;4.11.2&#8243; _module_preset=&#8221;default&#8221; global_colors_info=&#8221;{}&#8221;][et_pb_text _builder_version=&#8221;4.11.2&#8243; _module_preset=&#8221;default&#8221; custom_padding=&#8221;0px|||||&#8221; global_colors_info=&#8221;{}&#8221;]<\/p>\n<h2><strong>Road transport &#8211; Section&#8217;s steering committee:<\/strong><\/h2>\n<p><strong>Joakim Guttman<\/strong>, Transportarbetaref\u00f6rbundet, Sweden (Chair)<\/p>\n<p><strong>Frank Boye<\/strong>, 3F, Denmark (Acting Vice Chair)<\/p>\n<p><strong>Bj\u00f8rn Anders Jonassen<\/strong>, Fellesforbundet, Norway (Acting Secretary)<\/p>\n<p><strong>Vesa Lackman<\/strong>, AKT, Finland<\/p>\n<p><strong>Trude Sande<\/strong>, YTF, Norway<\/p>\n<p>Bild: Pekka Rousi<\/p>\n<p>[\/et_pb_text][\/et_pb_column][\/et_pb_row][et_pb_row column_structure=&#8221;1_2,1_2&#8243; _builder_version=&#8221;4.11.2&#8243; _module_preset=&#8221;default&#8221; global_colors_info=&#8221;{}&#8221;][et_pb_column type=&#8221;1_2&#8243; _builder_version=&#8221;4.11.2&#8243; _module_preset=&#8221;default&#8221; global_colors_info=&#8221;{}&#8221;][et_pb_image src=&#8221;https:\/\/www.nordictransport.org\/wp-content\/uploads\/2023\/08\/NTF2023_WEB_DAY2-8.jpg&#8221; title_text=&#8221;NTF2023_WEB_DAY2-8&#8243; _builder_version=&#8221;4.11.2&#8243; _module_preset=&#8221;default&#8221; global_colors_info=&#8221;{}&#8221;][\/et_pb_image][\/et_pb_column][et_pb_column type=&#8221;1_2&#8243; _builder_version=&#8221;4.11.2&#8243; _module_preset=&#8221;default&#8221; global_colors_info=&#8221;{}&#8221;][et_pb_text _builder_version=&#8221;4.11.2&#8243; _module_preset=&#8221;default&#8221; global_colors_info=&#8221;{}&#8221;]<\/p>\n<h2><strong>Ports- Section&#8217;s steering committee:<\/strong><\/h2>\n<p><strong>Karsten Kristensen<\/strong>, 3F, Denmark (Chair)<\/p>\n<p><strong>Juha Anttila<\/strong>, AKT, Finland (Vice Chair)<\/p>\n<p><strong>Anders Gustafsson<\/strong>, Transportarbetaref\u00f6rbundet, Sweden (Secretary)<\/p>\n<p><strong>Morten B\u00f8rke<\/strong>, Fellesforbundet, Norway<\/p>\n<p><strong>Kim Fivelsdal<\/strong>, Unionen, Sweden<\/p>\n<p>Photo: Pekka Rousi<\/p>\n<p>[\/et_pb_text][\/et_pb_column][\/et_pb_row][et_pb_row column_structure=&#8221;1_2,1_2&#8243; _builder_version=&#8221;4.11.2&#8243; _module_preset=&#8221;default&#8221; global_colors_info=&#8221;{}&#8221;][et_pb_column type=&#8221;1_2&#8243; _builder_version=&#8221;4.11.2&#8243; _module_preset=&#8221;default&#8221; global_colors_info=&#8221;{}&#8221;][et_pb_image src=&#8221;https:\/\/www.nordictransport.org\/wp-content\/uploads\/2023\/08\/NTF2023_WEB_DAY2-2.jpg&#8221; title_text=&#8221;NTF2023_WEB_DAY2-2&#8243; _builder_version=&#8221;4.11.2&#8243; _module_preset=&#8221;default&#8221; global_colors_info=&#8221;{}&#8221;][\/et_pb_image][\/et_pb_column][et_pb_column type=&#8221;1_2&#8243; _builder_version=&#8221;4.11.2&#8243; _module_preset=&#8221;default&#8221; global_colors_info=&#8221;{}&#8221;][et_pb_text _builder_version=&#8221;4.11.2&#8243; _module_preset=&#8221;default&#8221; global_colors_info=&#8221;{}&#8221;]<\/p>\n<h2><strong>Railways &#8211; Section&#8217;s steering committee<\/strong><\/h2>\n<p><strong>Ebbe Dr\u00f6gem\u00fcller<\/strong>, Dansk Jernbaneforbund, Denmark (Chair)<\/p>\n<p><strong>Torfinn H\u00e5verstad<\/strong>, NJF, Norway, (Vice Chair)<\/p>\n<p><strong>Carsten Michael Olesen<\/strong>, Dansk Jernbaneforbund, Denmark (Secretary)<\/p>\n<p><strong>Teppo J\u00e4rnstedt<\/strong>, JHL, Finland<\/p>\n<p><strong>Line Steinseth<\/strong>, NLF, Norway<\/p>\n<p>Photo: Pekka Rousi<\/p>\n<p>[\/et_pb_text][\/et_pb_column][\/et_pb_row][et_pb_row column_structure=&#8221;1_2,1_2&#8243; _builder_version=&#8221;4.11.2&#8243; _module_preset=&#8221;default&#8221; global_colors_info=&#8221;{}&#8221;][et_pb_column type=&#8221;1_2&#8243; _builder_version=&#8221;4.11.2&#8243; _module_preset=&#8221;default&#8221; global_colors_info=&#8221;{}&#8221;][et_pb_image src=&#8221;https:\/\/www.nordictransport.org\/wp-content\/uploads\/2023\/08\/NTF2023_WEB_DAY1-25.jpg&#8221; title_text=&#8221;NTF2023_WEB_DAY1-25&#8243; _builder_version=&#8221;4.11.2&#8243; _module_preset=&#8221;default&#8221; global_colors_info=&#8221;{}&#8221;][\/et_pb_image][\/et_pb_column][et_pb_column type=&#8221;1_2&#8243; _builder_version=&#8221;4.11.2&#8243; _module_preset=&#8221;default&#8221; global_colors_info=&#8221;{}&#8221;][et_pb_text _builder_version=&#8221;4.11.2&#8243; _module_preset=&#8221;default&#8221; global_colors_info=&#8221;{}&#8221;]<\/p>\n<h2><strong>Warehouse and logistics &#8211; Section&#8217;s steering committee:<\/strong><\/h2>\n<p><strong>Magnus Larsson<\/strong>, Transportarbetaref\u00f6rbundet, Sweden (Chair)<\/p>\n<p><strong>Bj\u00f8rn Anders Jonassen<\/strong>, Fellesforbundet, Norway (Vice Chair)<\/p>\n<p><strong>Ole Christensen<\/strong>, 3F, Denmark (Secretary)<\/p>\n<p><strong>Samra Akhtar<\/strong>, HK i Norge, Norway<\/p>\n<p><strong>Dan Kirkel<\/strong>, HK Privat, Denmark<\/p>\n<p><strong>Jari Kudjoi<\/strong>, AKT, Finland<\/p>\n<p><strong>Heidi Nousiainen<\/strong>, Unionen, Sweden<\/p>\n<p><strong>Heri Reynheim<\/strong>, <span>Havnar Arbei\u00f0arafelag, Faroe Islands<\/span><\/p>\n<p>Photo: Pekka Rousi<\/p>\n<p>[\/et_pb_text][\/et_pb_column][\/et_pb_row][et_pb_row column_structure=&#8221;1_2,1_2&#8243; _builder_version=&#8221;4.11.2&#8243; _module_preset=&#8221;default&#8221; global_colors_info=&#8221;{}&#8221;][et_pb_column type=&#8221;1_2&#8243; _builder_version=&#8221;4.11.2&#8243; _module_preset=&#8221;default&#8221; global_colors_info=&#8221;{}&#8221;][et_pb_image src=&#8221;https:\/\/www.nordictransport.org\/wp-content\/uploads\/2023\/08\/NTF2023_WEB_DAY2-4.jpg&#8221; title_text=&#8221;NTF2023_WEB_DAY2-4&#8243; _builder_version=&#8221;4.11.2&#8243; _module_preset=&#8221;default&#8221; global_colors_info=&#8221;{}&#8221;][\/et_pb_image][\/et_pb_column][et_pb_column type=&#8221;1_2&#8243; _builder_version=&#8221;4.11.2&#8243; _module_preset=&#8221;default&#8221; global_colors_info=&#8221;{}&#8221;][et_pb_text _builder_version=&#8221;4.11.2&#8243; _module_preset=&#8221;default&#8221; global_colors_info=&#8221;{}&#8221;]<\/p>\n<h2><strong>Public transport &#8211; Section&#8217;s steering committee:<\/strong><\/h2>\n<p><strong>Dag-Einar Sivertsen<\/strong>, Fellesforbundet, Norway (Chair)<\/p>\n<p><strong>Juha Ollas<\/strong>, AKT, Finland (Vice Chair)<\/p>\n<p><strong>Anna Erixon<\/strong>, Transportarbetaref\u00f6rbundet, Sweden<\/p>\n<p><strong>J\u00f8rn Hedengran<\/strong>, 3F, Denmark <\/p>\n<p><strong>Mario Gavran<\/strong>, Kommunal, Sweden<\/p>\n<p>Photo: Pekka Rousi<\/p>\n<p>[\/et_pb_text][\/et_pb_column][\/et_pb_row][et_pb_row column_structure=&#8221;1_2,1_2&#8243; _builder_version=&#8221;4.11.2&#8243; _module_preset=&#8221;default&#8221; global_colors_info=&#8221;{}&#8221;][et_pb_column type=&#8221;1_2&#8243; _builder_version=&#8221;4.11.2&#8243; _module_preset=&#8221;default&#8221; global_colors_info=&#8221;{}&#8221;][et_pb_image src=&#8221;https:\/\/www.nordictransport.org\/wp-content\/uploads\/2023\/08\/NTF2023_WEB_DAY2-14.jpg&#8221; title_text=&#8221;NTF2023_WEB_DAY2-14&#8243; _builder_version=&#8221;4.11.2&#8243; _module_preset=&#8221;default&#8221; global_colors_info=&#8221;{}&#8221;][\/et_pb_image][\/et_pb_column][et_pb_column type=&#8221;1_2&#8243; _builder_version=&#8221;4.11.2&#8243; _module_preset=&#8221;default&#8221; global_colors_info=&#8221;{}&#8221;][et_pb_text _builder_version=&#8221;4.11.2&#8243; _module_preset=&#8221;default&#8221; global_colors_info=&#8221;{}&#8221;]<\/p>\n<h2><strong>Seafarers and fisheries &#8211; Section&#8217;s steering committee:<\/strong><\/h2>\n<p><strong>Ronny \u00d8ksnes<\/strong>, Norsk Sj\u00f8mannsforbund, Norway (Chair)<\/p>\n<p><strong>Katrina Ansarfwe<\/strong>, Seko, Sweden (Vice-President)<\/p>\n<p><strong>Karsten Kristensen<\/strong>, 3F, Denmark (Secretary)<\/p>\n<p><strong>Heikki Karla<\/strong>, Finlands Sj\u00f6mans-Union FSU, Finland<\/p>\n<p><strong>Christian Petersen<\/strong>, Dansk Metal, Denmark<\/p>\n<p><strong>Jan H\u00f8jgaard<\/strong>, Fiskimannafelag, Faroe Islands<\/p>\n<p><strong>Katrina Ansarfwe<\/strong>, Seko, Sweden<\/p>\n<p><strong>Hans Sande<\/strong>, NSOF, Norway<\/p>\n<p><strong>Line Heimstad<\/strong>, NSU, Norway<\/p>\n<p><strong>Jonas Gardarsson<\/strong>, Sj\u00f3mannaf\u00e9lag \u00cdslands, Iceland<\/p>\n<p>Photo: Pekka Rousi<\/p>\n<p>[\/et_pb_text][\/et_pb_column][\/et_pb_row][\/et_pb_section]<\/p>\n","protected":false},"excerpt":{"rendered":"<p>Elected representatives and auditors The federation\u2019s highest body is the Congress, which meets every five years. The Congress deals with, among other things, business reports and annual reports, submitted motions and decides on membership fees. The Congress elects the President of the Federation, the Vice-President and 11 members of the Board. Between congressional meetings, the [&hellip;]<\/p>\n","protected":false},"author":1,"featured_media":0,"parent":0,"menu_order":2,"comment_status":"closed","ping_status":"closed","template":"","meta":{"_et_pb_use_builder":"on","_et_pb_old_content":"","_et_gb_content_width":""},"_links":{"self":[{"href":"https:\/\/www.nordictransport.org\/en\/wp-json\/wp\/v2\/pages\/1622"}],"collection":[{"href":"https:\/\/www.nordictransport.org\/en\/wp-json\/wp\/v2\/pages"}],"about":[{"href":"https:\/\/www.nordictransport.org\/en\/wp-json\/wp\/v2\/types\/page"}],"author":[{"embeddable":true,"href":"https:\/\/www.nordictransport.org\/en\/wp-json\/wp\/v2\/users\/1"}],"replies":[{"embeddable":true,"href":"https:\/\/www.nordictransport.org\/en\/wp-json\/wp\/v2\/comments?post=1622"}],"version-history":[{"count":166,"href":"https:\/\/www.nordictransport.org\/en\/wp-json\/wp\/v2\/pages\/1622\/revisions"}],"predecessor-version":[{"id":3163,"href":"https:\/\/www.nordictransport.org\/en\/wp-json\/wp\/v2\/pages\/1622\/revisions\/3163"}],"wp:attachment":[{"href":"https:\/\/www.nordictransport.org\/en\/wp-json\/wp\/v2\/media?parent=1622"}],"curies":[{"name":"wp","href":"https:\/\/api.w.org\/{rel}","templated":true}]}}