{"id":1634,"date":"2021-05-31T14:51:05","date_gmt":"2021-05-31T12:51:05","guid":{"rendered":"https:\/\/www.nordictransport.org\/etf-itf\/"},"modified":"2024-11-12T16:09:06","modified_gmt":"2024-11-12T14:09:06","slug":"etf-itf","status":"publish","type":"page","link":"https:\/\/www.nordictransport.org\/en\/etf-itf\/","title":{"rendered":"ETF\/ITF"},"content":{"rendered":"<p>[et_pb_section fb_built=&#8221;1&#8243; fullwidth=&#8221;on&#8221; admin_label=&#8221;Hero Section&#8221; _builder_version=&#8221;4.11.2&#8243; background_color=&#8221;#ffffff&#8221; background_image=&#8221;https:\/\/www.nordictransport.org\/wp-content\/uploads\/2024\/11\/ITF-2024-group-picture.jpg&#8221; background_enable_video_mp4=&#8221;off&#8221; collapsed=&#8221;on&#8221; global_colors_info=&#8221;{}&#8221;][et_pb_fullwidth_header title=&#8221;NTF&#8217;s role at European and global level&#8221; text_orientation=&#8221;center&#8221; header_fullscreen=&#8221;on&#8221; background_overlay_color=&#8221;rgba(0,0,0,0.5)&#8221; title_font_color=&#8221;#ffffff&#8221; subhead_font_color=&#8221;#ffffff&#8221; _builder_version=&#8221;4.11.2&#8243; title_font=&#8221;Nunito||||||||&#8221; title_text_color=&#8221;#ffffff&#8221; title_font_size=&#8221;80px&#8221; content_font=&#8221;||||||||&#8221; subhead_font=&#8221;Open Sans||||||||&#8221; subhead_text_color=&#8221;#ffffff&#8221; subhead_font_size=&#8221;24px&#8221; subhead_line_height=&#8221;1.6em&#8221; background_enable_color=&#8221;off&#8221; background_enable_image=&#8221;off&#8221; background_enable_video_mp4=&#8221;off&#8221; custom_button_one=&#8221;on&#8221; button_one_text_size=&#8221;14px&#8221; button_one_text_color=&#8221;#ffffff&#8221; button_one_bg_color=&#8221;#0099e5&#8243; button_one_border_width=&#8221;12px&#8221; button_one_border_color=&#8221;#0099e5&#8243; button_one_border_radius=&#8221;0px&#8221; button_one_letter_spacing=&#8221;2px&#8221; button_one_font=&#8221;Nunito|700||on|||||&#8221; button_one_use_icon=&#8221;off&#8221; background_layout=&#8221;light&#8221; custom_margin=&#8221;||-1px|||&#8221; animation_style=&#8221;fade&#8221; title_font_size_tablet=&#8221;&#8221; title_font_size_phone=&#8221;48px&#8221; title_font_size_last_edited=&#8221;on|phone&#8221; subhead_font_size_tablet=&#8221;&#8221; subhead_font_size_phone=&#8221;&#8221; subhead_font_size_last_edited=&#8221;on|phone&#8221; button_one_text_color_hover=&#8221;#ffffff&#8221; button_one_border_color_hover=&#8221;#0099e5&#8243; button_one_border_radius_hover=&#8221;0px&#8221; button_one_letter_spacing_hover=&#8221;2px&#8221; button_one_bg_color_hover=&#8221;#0099e5&#8243; global_colors_info=&#8221;{}&#8221; button_one_text_size__hover_enabled=&#8221;off&#8221; button_two_text_size__hover_enabled=&#8221;off&#8221; button_one_text_color__hover_enabled=&#8221;on&#8221; button_one_text_color__hover=&#8221;#ffffff&#8221; button_two_text_color__hover_enabled=&#8221;off&#8221; button_one_border_width__hover_enabled=&#8221;off&#8221; button_two_border_width__hover_enabled=&#8221;off&#8221; button_one_border_color__hover_enabled=&#8221;on&#8221; button_one_border_color__hover=&#8221;#0099e5&#8243; button_two_border_color__hover_enabled=&#8221;off&#8221; button_one_border_radius__hover_enabled=&#8221;on&#8221; button_one_border_radius__hover=&#8221;0px&#8221; button_two_border_radius__hover_enabled=&#8221;off&#8221; button_one_letter_spacing__hover_enabled=&#8221;on&#8221; button_one_letter_spacing__hover=&#8221;2px&#8221; button_two_letter_spacing__hover_enabled=&#8221;off&#8221; button_one_bg_color__hover_enabled=&#8221;on&#8221; button_one_bg_color__hover=&#8221;#0099e5&#8243; button_two_bg_color__hover_enabled=&#8221;off&#8221;][\/et_pb_fullwidth_header][\/et_pb_section][et_pb_section fb_built=&#8221;1&#8243; admin_label=&#8221;Sektion&#8221; _builder_version=&#8221;4.8.2&#8243; _module_preset=&#8221;default&#8221; custom_margin=&#8221;-3px|||||&#8221; custom_padding=&#8221;6px||0px|||&#8221; top_divider_color=&#8221;rgba(0,0,0,0.6)&#8221; top_divider_height=&#8221;40px&#8221; global_colors_info=&#8221;{}&#8221;][et_pb_row _builder_version=&#8221;4.8.2&#8243; _module_preset=&#8221;default&#8221; custom_margin=&#8221;|auto|-6px|auto||&#8221; custom_padding=&#8221;40px|||||&#8221; global_colors_info=&#8221;{}&#8221;][et_pb_column type=&#8221;4_4&#8243; _builder_version=&#8221;4.6.5&#8243; _module_preset=&#8221;default&#8221; global_colors_info=&#8221;{}&#8221;][et_pb_text _builder_version=&#8221;4.11.2&#8243; _module_preset=&#8221;default&#8221; custom_margin=&#8221;||23px|||&#8221; global_colors_info=&#8221;{}&#8221;]<\/p>\n<h2>NTF&#8217;s role at a European and a global level<\/h2>\n<p>NTF is an independent federation of the Nordic transport workers&#8217; unions and is not formally affiliated to any other international trade union federation. Our member organisations, on the other hand, are members of both the ETF and the ITF. In this way, our members actively participate in international trade union work at a global as well as a European level.<\/p>\n<p>In addition, NTF coordinates the Nordic nominations to the ETF and ITF boards. The NTF Women&#8217;s Conference coordinates the prioritisation and nomination of the Nordic candidates for the European and global women&#8217;s Committees.<\/p>\n<p>[\/et_pb_text][et_pb_divider _builder_version=&#8221;4.8.2&#8243; _module_preset=&#8221;default&#8221; custom_margin=&#8221;||11px|||&#8221; global_colors_info=&#8221;{}&#8221;][\/et_pb_divider][et_pb_text _builder_version=&#8221;4.11.2&#8243; _module_preset=&#8221;default&#8221; global_colors_info=&#8221;{}&#8221;]<\/p>\n<h3>ETF &#8211; European level<\/h3>\n<p>The European Transport Workers&#8217; Federation (ETF) is a pan-European trade union that includes transport unions from the EU, the European Economic Area and countries in Central and Eastern Europe.<\/p>\n<p>The ETF was founded in 1999, but has its roots in pan-European trade unions stretching back 60 years. Today, the ETF represents more than 5 million transport workers from more than 200 transport unions in 41 European countries. These workers are found in all parts of the transport industry \u2013 on land, at sea and in the air.<\/p>\n<p><strong>ETF Constitution<\/strong><\/p>\n<p>ETF conducts its work according to a principle of fair transport: quality jobs for transport workers and a safe, reliable and affordable service for users. As the ETF Constitution describes, the main purpose is to represent the social and economic interests of workers in transport (including logistics, fisheries and tourism).<\/p>\n<p>All work promotes equal opportunities and the elimination of discrimination on the grounds of gender, age, ethnic origin, sexual orientation, disability or faith.<\/p>\n<p>The ETF cooperates closely with the International Transport Workers&#8217; Federation (ITF) and the European Trade Union Confederation (ETUC).<\/p>\n<p><a href=\"https:\/\/www.etf-europe.org\/\">https:\/\/www.etf-europe.org\/<\/a><\/p>\n<p>[\/et_pb_text][et_pb_text _builder_version=&#8221;4.9.4&#8243; _module_preset=&#8221;default&#8221; custom_margin=&#8221;||11px|||&#8221; global_colors_info=&#8221;{}&#8221;]<\/p>\n<h4>Nordic representatives in ETF&#8217;s management<\/h4>\n<p>[\/et_pb_text][et_pb_tabs _builder_version=&#8221;4.11.2&#8243; _module_preset=&#8221;default&#8221; hover_enabled=&#8221;0&#8243; global_colors_info=&#8221;{}&#8221; sticky_enabled=&#8221;0&#8243;][et_pb_tab title=&#8221;ETF Management Committee&#8221; _builder_version=&#8221;4.11.2&#8243; _module_preset=&#8221;default&#8221; body_line_height=&#8221;1.5em&#8221; global_colors_info=&#8221;{}&#8221;]<\/p>\n<p><strong>Jan Villadsen <\/strong>(vice president), 3F Transport, Denmark<\/p>\n<p>[\/et_pb_tab][et_pb_tab title=&#8221;ETF Executive Committee&#8221; _builder_version=&#8221;4.11.2&#8243; _module_preset=&#8221;default&#8221; body_line_height=&#8221;1.5em&#8221; hover_enabled=&#8221;0&#8243; global_colors_info=&#8221;{}&#8221; sticky_enabled=&#8221;0&#8243;]<\/p>\n<p><strong>Jan Villadsen<\/strong>, 3F, Denmark<\/p>\n<p><strong>Johan Lindholm<\/strong>, Seko, Sweden<\/p>\n<p><strong>Ismo Kokko<\/strong>, AKT, Finland<\/p>\n<p><strong>Terje Samuelsen<\/strong>, Fellesforbundet, Norway<\/p>\n<p><strong>Tommy Wreeth<\/strong>, Transportarbetaref\u00f6rbundet, Sweden<\/p>\n<p><strong>Erina Bryn Kjaer<\/strong>, NSU, Norway<\/p>\n<p><strong>Astrid K\u00f6nig<\/strong>, Kommunal, Sweden<\/p>\n<p>[\/et_pb_tab][\/et_pb_tabs][et_pb_text _builder_version=&#8221;4.11.2&#8243; _module_preset=&#8221;default&#8221; custom_margin=&#8221;||13px|||&#8221; global_colors_info=&#8221;{}&#8221;]<\/p>\n<h4>Nordic representatives in ETF&#8217;s sections and committees<\/h4>\n<p>[\/et_pb_text][et_pb_tabs _builder_version=&#8221;4.11.2&#8243; _module_preset=&#8221;default&#8221; custom_margin=&#8221;||42px|||&#8221; custom_padding=&#8221;||24px|||&#8221; motion_trigger_start=&#8221;top&#8221; global_colors_info=&#8221;{}&#8221;][et_pb_tab title=&#8221;Civil Aviation&#8221; _builder_version=&#8221;4.11.2&#8243; _module_preset=&#8221;default&#8221; body_line_height=&#8221;1.5em&#8221; global_colors_info=&#8221;{}&#8221;]<\/p>\n<p><strong>Karsten John Kristensen<\/strong> (Vice-Chair), 3F, Denmark<\/p>\n<p><strong>Jonas Eriksson<\/strong>, Unionen, Sweden<\/p>\n<p><strong>Anneli Nyberg<\/strong>, Parat, Norway<\/p>\n<p><strong>Joint Aircrew Committee:<\/strong><\/p>\n<p><strong>Sigr\u00ed\u00f0ur \u00c1sa Har\u00f0ard\u00f3ttir<\/strong>, FFI, Iceland<\/p>\n<p>[\/et_pb_tab][et_pb_tab title=&#8221;Dockers&#8221; _builder_version=&#8221;4.11.2&#8243; _module_preset=&#8221;default&#8221; body_line_height=&#8221;1.5em&#8221; global_colors_info=&#8221;{}&#8221;]<\/p>\n<p><strong>Karsten Kristensen<\/strong>, 3F Transport, Denmark<\/p>\n<p>[\/et_pb_tab][et_pb_tab title=&#8221;Road Transport&#8221; _builder_version=&#8221;4.11.2&#8243; _module_preset=&#8221;default&#8221; body_line_height=&#8221;1.5em&#8221; global_colors_info=&#8221;{}&#8221;]<\/p>\n<p><strong>Flemming Overgaard<\/strong>, 3F Transport, Denmark<\/p>\n<p>[\/et_pb_tab][et_pb_tab title=&#8221;Urban Public Transport &#8221; _builder_version=&#8221;4.11.2&#8243; _module_preset=&#8221;default&#8221; body_line_height=&#8221;1.5em&#8221; global_colors_info=&#8221;{}&#8221;]<\/p>\n<p><strong>Astrid K\u00f6nig<\/strong>, Kommunal, Sweden<\/p>\n<p>[\/et_pb_tab][et_pb_tab title=&#8221;Maritime Transport&#8221; _builder_version=&#8221;4.11.2&#8243; _module_preset=&#8221;default&#8221; body_line_height=&#8221;1.5em&#8221; global_colors_info=&#8221;{}&#8221;]<\/p>\n<p><strong>Kenny Reinhold<\/strong> (Chair), <span>Seko, Sweden<\/p>\n<p><strong>Kenneth Bondas<\/strong>, SMU, Finland<\/p>\n<p><strong>Line Heimstad<\/strong>, NSU, Norway<\/p>\n<p><strong>Karsten Kristensen<\/strong>, 3F Transport, Denmark<\/p>\n<p>[\/et_pb_tab][et_pb_tab title=&#8221;Railways&#8221; _builder_version=&#8221;4.11.2&#8243; _module_preset=&#8221;default&#8221; body_line_height=&#8221;1.5em&#8221; global_colors_info=&#8221;{}&#8221;]<\/p>\n<p><strong>Audun S\u00f8r-Reime<\/strong>, NJF, Norway<\/p>\n<p>[\/et_pb_tab][et_pb_tab title=&#8221;Women&#8217;s Steering Committee&#8221; _builder_version=&#8221;4.11.2&#8243; _module_preset=&#8221;default&#8221; body_line_height=&#8221;1.5em&#8221; global_colors_info=&#8221;{}&#8221;]<\/p>\n<p><strong>Erina Bryn Kjaer<\/strong>, NSU, Norway<\/p>\n<p><strong>Astrid K\u00f6nig<\/strong>, Kommunal, Sweden<\/p>\n<p>[\/et_pb_tab][et_pb_tab title=&#8221;Youth Steering Committee&#8221; _builder_version=&#8221;4.11.2&#8243; _module_preset=&#8221;default&#8221; global_colors_info=&#8221;{}&#8221;]<\/p>\n<p><strong>Frederik Birkeb\u00e6k Oksholm<\/strong> (Co-Chair), 3F Transport, Denmark<\/p>\n<p>[\/et_pb_tab][\/et_pb_tabs][et_pb_divider _builder_version=&#8221;4.8.2&#8243; _module_preset=&#8221;default&#8221; custom_margin=&#8221;||7px|||&#8221; global_colors_info=&#8221;{}&#8221;][\/et_pb_divider][et_pb_text _builder_version=&#8221;4.8.2&#8243; _module_preset=&#8221;default&#8221; custom_margin=&#8221;14px||17px|||&#8221; custom_padding=&#8221;||0px|||&#8221; global_colors_info=&#8221;{}&#8221;]<\/p>\n<h3>ITF Global Level<\/h3>\n<p>The International Transport Workers&#8217; Federation (ITF) is led by approximately 700 affiliated member organizations from 150 countries. They are the voice of nearly 20 million working men and women worldwide and work for rights, equality and justice in the workplace.<\/p>\n<p>The ITF works internationally and conducts significant negotiating and lobbying activities with international bodies and governments. The size of ITF allows them to coordinate campaigns against multinational companies and institutions that have great potential for creating change.<\/p>\n<p>The following objectives are part of the ITF Constitution:<\/p>\n<ul>\n<li>to promote respect for trade unions and human rights worldwide<\/li>\n<li>to work for peace based on social justice and economic progress<\/li>\n<li>to help affiliated trade unions defend the interests of their members<\/li>\n<li>to provide research and information services to member organizations<\/li>\n<li>to provide general support to transport workers in difficult positions<\/li>\n<\/ul>\n<p><a href=\"https:\/\/www.itfglobal.org\">https:\/\/www.itfglobal.org<\/a><\/p>\n<p>[\/et_pb_text][et_pb_text _builder_version=&#8221;4.8.2&#8243; _module_preset=&#8221;default&#8221; custom_margin=&#8221;||14px|||&#8221; global_colors_info=&#8221;{}&#8221;]<\/p>\n<h4>Nordic representatives in ITF management<\/h4>\n<p>[\/et_pb_text][et_pb_tabs _builder_version=&#8221;4.11.2&#8243; _module_preset=&#8221;default&#8221; custom_padding=&#8221;||24px|||&#8221; global_colors_info=&#8221;{}&#8221;][et_pb_tab title=&#8221;ITF Management Committee&#8221; _builder_version=&#8221;4.11.2&#8243; _module_preset=&#8221;default&#8221; body_line_height=&#8221;1em&#8221; global_colors_info=&#8221;{}&#8221;]<\/p>\n<p><strong>Ismo Kokko<\/strong>, AKT, Finland<\/p>\n<p>[\/et_pb_tab][et_pb_tab title=&#8221;ITF Executive Board&#8221; _builder_version=&#8221;4.11.2&#8243; _module_preset=&#8221;default&#8221; body_line_height=&#8221;1em&#8221; global_colors_info=&#8221;{}&#8221;]<\/p>\n<p><strong>Ismo Kokko<\/strong>, AKT, Finland<\/p>\n<p><strong>Jan Villadsen<\/strong>, 3F Transport, Denmark<\/p>\n<p><strong>Tommy Wreeth<\/strong>, Transportarbetaref\u00f6rbundet, Sweden<\/p>\n<p>Section Chairs are also Executive Board members. <\/p>\n<p>NTF has an agreed observer seat at the Executive Board, occupied by the General Secretary <strong>Anu Hietala<\/strong>.<\/p>\n<p>[\/et_pb_tab][\/et_pb_tabs][et_pb_text _builder_version=&#8221;4.11.2&#8243; _module_preset=&#8221;default&#8221; custom_margin=&#8221;||12px|||&#8221; global_colors_info=&#8221;{}&#8221;]<\/p>\n<h4>Nordic representatives in ITF sections and committees<\/h4>\n<p>[\/et_pb_text][et_pb_tabs _builder_version=&#8221;4.11.2&#8243; _module_preset=&#8221;default&#8221; global_colors_info=&#8221;{}&#8221;][et_pb_tab title=&#8221;Civil Aviation&#8221; _builder_version=&#8221;4.11.2&#8243; _module_preset=&#8221;default&#8221; body_line_height=&#8221;1em&#8221; global_colors_info=&#8221;{}&#8221;]<\/p>\n<p><strong>Karsten John Kristensen<\/strong>, 3F Transport, Denmark<\/p>\n<p><strong>Sissel Vian<\/strong>, Parat, Norway<\/p>\n<p>[\/et_pb_tab][et_pb_tab title=&#8221;Dockers&#8221; _builder_version=&#8221;4.11.2&#8243; _module_preset=&#8221;default&#8221; body_line_height=&#8221;1em&#8221; global_colors_info=&#8221;{}&#8221;]<\/p>\n<p><strong>Karsten Kristensen<\/strong>, 3F Transport, Denmark<\/p>\n<p>[\/et_pb_tab][et_pb_tab title=&#8221;Fisheries&#8221; _builder_version=&#8221;4.11.2&#8243; _module_preset=&#8221;default&#8221; body_line_height=&#8221;1em&#8221; global_colors_info=&#8221;{}&#8221;]<\/p>\n<p><strong>Johnny Hansen<\/strong> (Chair), NSU, Norway<\/p>\n<p>[\/et_pb_tab][et_pb_tab title=&#8221;Railways&#8221; _builder_version=&#8221;4.11.2&#8243; _module_preset=&#8221;default&#8221; global_colors_info=&#8221;{}&#8221;]<\/p>\n<p><strong>Audun S\u00f8r-Reime<\/strong>, NJF, Norway<\/p>\n<p>[\/et_pb_tab][et_pb_tab title=&#8221;Road Transport&#8221; _builder_version=&#8221;4.11.2&#8243; _module_preset=&#8221;default&#8221; body_line_height=&#8221;1em&#8221; global_colors_info=&#8221;{}&#8221;]<\/p>\n<p><strong>Flemming Overgaard <\/strong> (Chair), 3F Transport, Denmark<\/p>\n<p>[\/et_pb_tab][et_pb_tab title=&#8221;Seafarers&#8221; _builder_version=&#8221;4.11.2&#8243; _module_preset=&#8221;default&#8221; body_line_height=&#8221;1em&#8221; global_colors_info=&#8221;{}&#8221;]<\/p>\n<p><strong>Kenny Reinhold <\/strong>, Seko, Sweden<\/p>\n<p>[\/et_pb_tab][et_pb_tab title=&#8221;Urban Transport Committee&#8221; _builder_version=&#8221;4.11.2&#8243; _module_preset=&#8221;default&#8221; global_colors_info=&#8221;{}&#8221;]<\/p>\n<p><strong>Mario Gavran <\/strong>, Kommunal, Sweden<\/p>\n<p>[\/et_pb_tab][et_pb_tab title=&#8221;Warehousing, Distribution &amp; Logistics Steering Group&#8221; _builder_version=&#8221;4.11.2&#8243; _module_preset=&#8221;default&#8221; body_line_height=&#8221;1em&#8221; global_colors_info=&#8221;{}&#8221;]<\/p>\n<p><strong>Samra Akhtar <\/strong>,HK, Norway<\/p>\n<p><strong>Ole Christensen <\/strong>, 3F Transport, Denmark<\/p>\n<p><strong>Jari Kudjoi <\/strong>, AKT, Finland<\/p>\n<p><strong>Magnus Larsson <\/strong>, Transportarbetaref\u00f6rbundet, Sweden<\/p>\n<p><strong>Terje Samuelsen <\/strong>, Fellesforbundet, Norway<\/p>\n<p>Agreed observer:<br \/> <strong>Christer Norfall<\/strong>, NTF<\/p>\n<p>[\/et_pb_tab][et_pb_tab title=&#8221;Women&#8217;s Committee&#8221; _builder_version=&#8221;4.11.2&#8243; _module_preset=&#8221;default&#8221; global_colors_info=&#8221;{}&#8221;]<\/p>\n<p><strong>Cathrine Erts\u00e5s<\/strong>, Fagforbundet, Norway<\/p>\n<p>[\/et_pb_tab][et_pb_tab title=&#8221;Young Transport Workers&#8217; Committee&#8221; _builder_version=&#8221;4.11.2&#8243; _module_preset=&#8221;default&#8221; global_colors_info=&#8221;{}&#8221;]<\/p>\n<p><strong>Rickard N\u00e4slund<\/strong>, Seko, Sweden<\/p>\n<p>[\/et_pb_tab][et_pb_tab title=&#8221;Fair Practices Committee Steering Group&#8221; _builder_version=&#8221;4.11.2&#8243; _module_preset=&#8221;default&#8221; global_colors_info=&#8221;{}&#8221;]<\/p>\n<p><strong>Kenneth Bondas<\/strong>, SMU, Finland<\/p>\n<p><strong>Karsten Kristensen<\/strong>, 3F Transport, Denmark<\/p>\n<p><strong>Kenny Reinhold<\/strong>, Seko Sweden<\/p>\n<p>[\/et_pb_tab][\/et_pb_tabs][\/et_pb_column][\/et_pb_row][\/et_pb_section]<\/p>\n","protected":false},"excerpt":{"rendered":"<p>NTF&#8217;s role at a European and a global level NTF is an independent federation of the Nordic transport workers&#8217; unions and is not formally affiliated to any other international trade union federation. Our member organisations, on the other hand, are members of both the ETF and the ITF. In this way, our members actively participate [&hellip;]<\/p>\n","protected":false},"author":1,"featured_media":0,"parent":0,"menu_order":3,"comment_status":"closed","ping_status":"closed","template":"","meta":{"_et_pb_use_builder":"on","_et_pb_old_content":"","_et_gb_content_width":""},"_links":{"self":[{"href":"https:\/\/www.nordictransport.org\/en\/wp-json\/wp\/v2\/pages\/1634"}],"collection":[{"href":"https:\/\/www.nordictransport.org\/en\/wp-json\/wp\/v2\/pages"}],"about":[{"href":"https:\/\/www.nordictransport.org\/en\/wp-json\/wp\/v2\/types\/page"}],"author":[{"embeddable":true,"href":"https:\/\/www.nordictransport.org\/en\/wp-json\/wp\/v2\/users\/1"}],"replies":[{"embeddable":true,"href":"https:\/\/www.nordictransport.org\/en\/wp-json\/wp\/v2\/comments?post=1634"}],"version-history":[{"count":83,"href":"https:\/\/www.nordictransport.org\/en\/wp-json\/wp\/v2\/pages\/1634\/revisions"}],"predecessor-version":[{"id":3059,"href":"https:\/\/www.nordictransport.org\/en\/wp-json\/wp\/v2\/pages\/1634\/revisions\/3059"}],"wp:attachment":[{"href":"https:\/\/www.nordictransport.org\/en\/wp-json\/wp\/v2\/media?parent=1634"}],"curies":[{"name":"wp","href":"https:\/\/api.w.org\/{rel}","templated":true}]}}