{"id":1613,"date":"2021-05-31T14:23:10","date_gmt":"2021-05-31T12:23:10","guid":{"rendered":"https:\/\/www.nordictransport.org\/nordiska-transportarbetarefederationen\/"},"modified":"2026-05-05T15:17:14","modified_gmt":"2026-05-05T13:17:14","slug":"nordiska-transportarbetarefederationen","status":"publish","type":"page","link":"https:\/\/www.nordictransport.org\/fi\/","title":{"rendered":"Pohjoismainen Kuljetusty\u00f6ntekij\u00e4infederaatio NTF"},"content":{"rendered":"<p>[et_pb_section fb_built=&#8221;1&#8243; fullwidth=&#8221;on&#8221; admin_label=&#8221;Hero Section&#8221; _builder_version=&#8221;4.9.4&#8243; background_image=&#8221;https:\/\/www.nordictransport.org\/wp-content\/uploads\/2021\/05\/iStock-1182485588-scaled.jpg&#8221; filter_brightness=&#8221;160%&#8221; global_colors_info=&#8221;{}&#8221;][et_pb_fullwidth_header title=&#8221;Pohjoismainen Kuljetusty\u00f6ntekij\u00e4infederaatio NTF&#8221; text_orientation=&#8221;center&#8221; header_fullscreen=&#8221;on&#8221; background_overlay_color=&#8221;rgba(0,0,0,0.5)&#8221; title_font_color=&#8221;#ffffff&#8221; subhead_font_color=&#8221;#ffffff&#8221; title_tablet=&#8221;Pohjoismainen Kuljetusty\u00f6ntekij\u00e4infederaatio NTF&#8221; title_phone=&#8221;Pohjoismainen Kuljetusty\u00f6ntekij\u00e4in- federaatio NTF&#8221; title_last_edited=&#8221;on|tablet&#8221; _builder_version=&#8221;4.10.8&#8243; title_font=&#8221;Nunito||||||||&#8221; title_text_align=&#8221;center&#8221; title_text_color=&#8221;#979DAC&#8221; title_font_size=&#8221;53px&#8221; title_line_height=&#8221;1.1em&#8221; content_font=&#8221;||||||||&#8221; content_text_color=&#8221;#979DAC&#8221; subhead_font=&#8221;Open Sans||||||||&#8221; subhead_text_align=&#8221;center&#8221; subhead_text_color=&#8221;#ffffff&#8221; subhead_font_size=&#8221;24px&#8221; subhead_line_height=&#8221;1.6em&#8221; background_color=&#8221;rgba(255, 255, 255, 0)&#8221; background_enable_image=&#8221;off&#8221; custom_button_one=&#8221;on&#8221; button_one_text_size=&#8221;14px&#8221; button_one_text_color=&#8221;#ffffff&#8221; button_one_bg_color=&#8221;#0099e5&#8243; button_one_border_width=&#8221;12px&#8221; button_one_border_color=&#8221;#0099e5&#8243; button_one_border_radius=&#8221;0px&#8221; button_one_letter_spacing=&#8221;2px&#8221; button_one_font=&#8221;Nunito|700||on|||||&#8221; button_one_use_icon=&#8221;off&#8221; background_layout=&#8221;light&#8221; animation_style=&#8221;fade&#8221; title_text_align_tablet=&#8221;&#8221; title_text_align_phone=&#8221;center&#8221; title_text_align_last_edited=&#8221;on|phone&#8221; title_font_size_tablet=&#8221;34px&#8221; title_font_size_phone=&#8221;26px&#8221; title_font_size_last_edited=&#8221;on|phone&#8221; subhead_font_size_tablet=&#8221;&#8221; subhead_font_size_phone=&#8221;&#8221; subhead_font_size_last_edited=&#8221;on|phone&#8221; button_one_text_color_hover=&#8221;#ffffff&#8221; button_one_border_color_hover=&#8221;#0099e5&#8243; button_one_border_radius_hover=&#8221;0px&#8221; button_one_letter_spacing_hover=&#8221;2px&#8221; button_one_bg_color_hover=&#8221;#0099e5&#8243; global_colors_info=&#8221;{}&#8221; button_one_text_size__hover_enabled=&#8221;off&#8221; button_two_text_size__hover_enabled=&#8221;off&#8221; button_one_text_color__hover_enabled=&#8221;on&#8221; button_one_text_color__hover=&#8221;#ffffff&#8221; button_two_text_color__hover_enabled=&#8221;off&#8221; button_one_border_width__hover_enabled=&#8221;off&#8221; button_two_border_width__hover_enabled=&#8221;off&#8221; button_one_border_color__hover_enabled=&#8221;on&#8221; button_one_border_color__hover=&#8221;#0099e5&#8243; button_two_border_color__hover_enabled=&#8221;off&#8221; button_one_border_radius__hover_enabled=&#8221;on&#8221; button_one_border_radius__hover=&#8221;0px&#8221; button_two_border_radius__hover_enabled=&#8221;off&#8221; button_one_letter_spacing__hover_enabled=&#8221;on&#8221; button_one_letter_spacing__hover=&#8221;2px&#8221; button_two_letter_spacing__hover_enabled=&#8221;off&#8221; button_one_bg_color__hover_enabled=&#8221;on&#8221; button_one_bg_color__hover=&#8221;#0099e5&#8243; button_two_bg_color__hover_enabled=&#8221;off&#8221;][\/et_pb_fullwidth_header][\/et_pb_section][et_pb_section fb_built=&#8221;1&#8243; admin_label=&#8221;Category Search Section&#8221; _builder_version=&#8221;4.9.4&#8243; custom_padding=&#8221;0px||0px||true|false&#8221; global_colors_info=&#8221;{}&#8221;][et_pb_row column_structure=&#8221;1_2,1_2&#8243; _builder_version=&#8221;4.8.2&#8243; _module_preset=&#8221;default&#8221; min_height=&#8221;379px&#8221; custom_margin=&#8221;-25px|auto||auto|false|false&#8221; custom_padding=&#8221;46px||3px|||&#8221; global_colors_info=&#8221;{}&#8221;][et_pb_column type=&#8221;1_2&#8243; _builder_version=&#8221;4.6.5&#8243; _module_preset=&#8221;default&#8221; global_colors_info=&#8221;{}&#8221;][et_pb_image src=&#8221;https:\/\/www.nordictransport.org\/wp-content\/uploads\/2020\/12\/NTFbild2-scaled.jpg&#8221; title_text=&#8221;Kyltti Keflavikin lentokent\u00e4ll\u00e4&#8221; _builder_version=&#8221;4.8.2&#8243; _module_preset=&#8221;default&#8221; custom_margin=&#8221;||-1px|||&#8221; global_colors_info=&#8221;{}&#8221;][\/et_pb_image][\/et_pb_column][et_pb_column type=&#8221;1_2&#8243; _builder_version=&#8221;4.6.5&#8243; _module_preset=&#8221;default&#8221; global_colors_info=&#8221;{}&#8221;][et_pb_text _builder_version=&#8221;4.10.1&#8243; _module_preset=&#8221;default&#8221; custom_margin=&#8221;||8px|||&#8221; custom_padding=&#8221;||13px|||&#8221; global_colors_info=&#8221;{}&#8221;]<\/p>\n<p>NTF perustettiin jo vuonna 1908 tavoitteena yhdist\u00e4\u00e4 pohjoismaiset kuljetusalan ammattiliitot. Nyky\u00e4\u00e4n NTF on Suomessa, Norjassa, Ruotsissa, Islannissa ja Tanskassa sek\u00e4 F\u00e4rsaarilla toimiva 40 eri kuljetusalan ammattiliiton j\u00e4rjest\u00f6. Edustamme yhteens\u00e4 340 000 seitsem\u00e4\u00e4n eri kuljetusalan ammattiryhm\u00e4\u00e4n kuuluvaa j\u00e4sent\u00e4.<\/p>\n<p>Kansalliset rajat ylitt\u00e4v\u00e4ll\u00e4 yhteisty\u00f6ll\u00e4 voimme tehokkaasti jakaa kokemuksia ja vaikuttaa kysymyksiin, jotka koskettavat kaikkia j\u00e4seni\u00e4mme. NTF harjoittaa verkostoitumista ja ongelmanratkaisua, mutta tukee my\u00f6s ammattiliittoja jakamalla tietoa ajankohtaisista trendeist\u00e4 ja haasteista sek\u00e4 koko Pohjolan liikennealaa koskevista poliittisista p\u00e4\u00e4t\u00f6ksist\u00e4. NTF:ll\u00e4 on my\u00f6s hyv\u00e4t yhteydet muihin toimialaj\u00e4rjest\u00f6ihin, kuten ETF:\u00e4\u00e4n ja ITF:\u00e4\u00e4n, ja j\u00e4rjest\u00f6n tavoitteena onkin vahvistaa ja koordinoida pohjoismaisia kantoja niin Euroopan tasolla kuin muualla maailmassa.<\/p>\n<p>[\/et_pb_text][\/et_pb_column][\/et_pb_row][et_pb_row column_structure=&#8221;1_2,1_2&#8243; _builder_version=&#8221;4.6.5&#8243; _module_preset=&#8221;default&#8221; custom_padding=&#8221;8px||15px|||&#8221; global_colors_info=&#8221;{}&#8221;][et_pb_column type=&#8221;1_2&#8243; _builder_version=&#8221;4.6.5&#8243; _module_preset=&#8221;default&#8221; global_colors_info=&#8221;{}&#8221;][et_pb_image src=&#8221;https:\/\/www.nordictransport.org\/wp-content\/uploads\/2023\/06\/NTF2023_WEB_DAY2-74.jpg&#8221; title_text=&#8221;NTF2023_WEB_DAY2-74&#8243; _builder_version=&#8221;4.11.2&#8243; _module_preset=&#8221;default&#8221; global_colors_info=&#8221;{}&#8221;][\/et_pb_image][\/et_pb_column][et_pb_column type=&#8221;1_2&#8243; _builder_version=&#8221;4.6.5&#8243; _module_preset=&#8221;default&#8221; global_colors_info=&#8221;{}&#8221;][et_pb_text _builder_version=&#8221;4.8.2&#8243; _module_preset=&#8221;default&#8221; custom_margin=&#8221;-14px|||||&#8221; custom_padding=&#8221;17px|||||&#8221; global_colors_info=&#8221;{}&#8221;]<\/p>\n<h4>Vahvan pohjoismaisen yhteis\u00f6n merkitys<\/h4>\n<p>Pohjoismaissa on paljon pieni\u00e4 ja suuria yrityksi\u00e4, jotka k\u00e4yv\u00e4t kauppaa maailmanlaajuisesti.\u00a0<span style=\"font-size: 14px;\">Pohjoismaiden v\u00e4lill\u00e4 on vahva side ja jaammekin pitk\u00e4n ja rikkaan yhteisen historian. Mit\u00e4 tulee yhteisty\u00f6h\u00f6n ja demokratiaan, meill\u00e4 on vahvat perinteet sill\u00e4 saralla. Pohjoismaissa meill\u00e4 on ainutlaatuinen ja maailmankuulu hyvinvointimalli, joka on ammattiliittojen, ty\u00f6nantajien ja poliitikkojen ahkeran yhteisty\u00f6n tulosta.<\/span><\/p>\n<p>Vaikka olemmekin pieni\u00e4, olemme luoneet vahvan oman \u00e4\u00e4neen niin Euroopassa kuin muualla maailmassa. Suomi, Norja, Ruotsi, Islanti ja Tanska sek\u00e4 F\u00e4rsaaret ovat luoneet ainutlaatuisen mallin maiden rajat ylitt\u00e4v\u00e4lle yhteisty\u00f6lle, niin sanotun pohjoismaisen mallin.<\/p>\n<p>NTF haluaa edist\u00e4\u00e4 t\u00e4llaista yhteisty\u00f6t\u00e4 ja pit\u00e4\u00e4kin t\u00e4rke\u00e4n\u00e4 teht\u00e4v\u00e4n\u00e4\u00e4n jatkaa pohjoismaisen mallin puolustamista ja t\u00e4m\u00e4ntyyppisen, rajoja ylitt\u00e4v\u00e4n yhteisty\u00f6n levitt\u00e4mist\u00e4 my\u00f6s muualle maailmaan.<\/p>\n<p>[\/et_pb_text][\/et_pb_column][\/et_pb_row][et_pb_row column_structure=&#8221;1_3,1_3,1_3&#8243; _builder_version=&#8221;4.6.5&#8243; _module_preset=&#8221;default&#8221; global_colors_info=&#8221;{}&#8221;][et_pb_column type=&#8221;1_3&#8243; _builder_version=&#8221;4.6.5&#8243; _module_preset=&#8221;default&#8221; global_colors_info=&#8221;{}&#8221;][et_pb_text _builder_version=&#8221;4.11.2&#8243; _module_preset=&#8221;default&#8221; global_colors_info=&#8221;{}&#8221;]<\/p>\n<h3>Social Media<\/h3>\n<p>[\/et_pb_text][et_pb_text _builder_version=&#8221;4.11.2&#8243; _module_preset=&#8221;default&#8221; hover_enabled=&#8221;0&#8243; global_colors_info=&#8221;{}&#8221; sticky_enabled=&#8221;0&#8243;]<\/p>\n<p>&nbsp;<\/p>\n<div>Seuraa tilej\u00e4mme Facebookissa ja Instagramissa pysy\u00e4ksesi ajan tasalla toiminnastamme.<\/div>\n<p>&nbsp;<\/p>\n<p>[\/et_pb_text][et_pb_social_media_follow _builder_version=&#8221;4.11.2&#8243; _module_preset=&#8221;default&#8221; global_colors_info=&#8221;{}&#8221;][et_pb_social_media_follow_network social_network=&#8221;facebook&#8221; url=&#8221;https:\/\/www.facebook.com\/NordicTransportWorkersFederation&#8221; _builder_version=&#8221;4.11.2&#8243; _module_preset=&#8221;default&#8221; background_color=&#8221;#3b5998&#8243; global_colors_info=&#8221;{}&#8221; follow_button=&#8221;off&#8221; url_new_window=&#8221;on&#8221;]facebook[\/et_pb_social_media_follow_network][et_pb_social_media_follow_network social_network=&#8221;instagram&#8221; url=&#8221;https:\/\/www.instagram.com\/_u\/nordictransportworkersfed_ntf&#8221; _builder_version=&#8221;4.11.2&#8243; _module_preset=&#8221;default&#8221; background_color=&#8221;#ea2c59&#8243; global_colors_info=&#8221;{}&#8221; follow_button=&#8221;off&#8221; url_new_window=&#8221;on&#8221;]instagram[\/et_pb_social_media_follow_network][\/et_pb_social_media_follow][\/et_pb_column][et_pb_column type=&#8221;1_3&#8243; _builder_version=&#8221;4.6.5&#8243; _module_preset=&#8221;default&#8221; global_colors_info=&#8221;{}&#8221;][et_pb_text content_last_edited=&#8221;off|tablet&#8221; _builder_version=&#8221;4.11.2&#8243; _module_preset=&#8221;default&#8221; custom_margin=&#8221;||16px|||&#8221; global_colors_info=&#8221;{}&#8221;]<\/p>\n<h3>NTF Guidelines for the future<\/h3>\n<p>[\/et_pb_text][et_pb_image src=&#8221;https:\/\/www.nordictransport.org\/wp-content\/uploads\/2023\/08\/Guidelines-2.jpg&#8221; title_text=&#8221;Guidelines (2)&#8221; _builder_version=&#8221;4.11.2&#8243; _module_preset=&#8221;default&#8221; custom_margin=&#8221;24px|||||&#8221; border_width_all=&#8221;1px&#8221; border_color_all=&#8221;#001233&#8243; global_colors_info=&#8221;{}&#8221;][\/et_pb_image][et_pb_button button_url=&#8221;https:\/\/www.nordictransport.org\/wp-content\/uploads\/2023\/08\/Annex7-NTF-guidelines-for-the-future-2023-2028.pdf&#8221; button_text=&#8221;Open the document (pdf)&#8221; _builder_version=&#8221;4.11.2&#8243; _module_preset=&#8221;default&#8221; global_colors_info=&#8221;{}&#8221;][\/et_pb_button][\/et_pb_column][et_pb_column type=&#8221;1_3&#8243; _builder_version=&#8221;4.6.5&#8243; _module_preset=&#8221;default&#8221; global_colors_info=&#8221;{}&#8221;][et_pb_text _builder_version=&#8221;4.11.2&#8243; _module_preset=&#8221;default&#8221; link_option_url=&#8221;https:\/\/nordictransport.org\/platformworkers&#8221; global_colors_info=&#8221;{}&#8221;]<\/p>\n<h4>Platform work in the Nordic countries<\/h4>\n<p><a href=\"https:\/\/www.nordictransport.org\/fi\/platform-workers\/\">www.nordictransport.org\/en\/platformworkers<\/a><\/p>\n<p>[\/et_pb_text][et_pb_image src=&#8221;https:\/\/www.nordictransport.org\/wp-content\/uploads\/2022\/03\/Screenshot-2022-03-17-095510-1.jpg&#8221; title_text=&#8221;Screenshot 2022-03-17 095510&#8243; _builder_version=&#8221;4.11.2&#8243; _module_preset=&#8221;default&#8221; border_width_all=&#8221;1px&#8221; border_color_all=&#8221;#001233&#8243; global_colors_info=&#8221;{}&#8221;][\/et_pb_image][\/et_pb_column][\/et_pb_row][\/et_pb_section]<\/p>\n","protected":false},"excerpt":{"rendered":"<p>NTF perustettiin jo vuonna 1908 tavoitteena yhdist\u00e4\u00e4 pohjoismaiset kuljetusalan ammattiliitot. Nyky\u00e4\u00e4n NTF on Suomessa, Norjassa, Ruotsissa, Islannissa ja Tanskassa sek\u00e4 F\u00e4rsaarilla toimiva 40 eri kuljetusalan ammattiliiton j\u00e4rjest\u00f6. Edustamme yhteens\u00e4 340 000 seitsem\u00e4\u00e4n eri kuljetusalan ammattiryhm\u00e4\u00e4n kuuluvaa j\u00e4sent\u00e4. Kansalliset rajat ylitt\u00e4v\u00e4ll\u00e4 yhteisty\u00f6ll\u00e4 voimme tehokkaasti jakaa kokemuksia ja vaikuttaa kysymyksiin, jotka koskettavat kaikkia j\u00e4seni\u00e4mme. NTF harjoittaa verkostoitumista [&hellip;]<\/p>\n","protected":false},"author":1,"featured_media":0,"parent":0,"menu_order":0,"comment_status":"closed","ping_status":"closed","template":"","meta":{"_et_pb_use_builder":"on","_et_pb_old_content":"","_et_gb_content_width":""},"_links":{"self":[{"href":"https:\/\/www.nordictransport.org\/fi\/wp-json\/wp\/v2\/pages\/1613"}],"collection":[{"href":"https:\/\/www.nordictransport.org\/fi\/wp-json\/wp\/v2\/pages"}],"about":[{"href":"https:\/\/www.nordictransport.org\/fi\/wp-json\/wp\/v2\/types\/page"}],"author":[{"embeddable":true,"href":"https:\/\/www.nordictransport.org\/fi\/wp-json\/wp\/v2\/users\/1"}],"replies":[{"embeddable":true,"href":"https:\/\/www.nordictransport.org\/fi\/wp-json\/wp\/v2\/comments?post=1613"}],"version-history":[{"count":32,"href":"https:\/\/www.nordictransport.org\/fi\/wp-json\/wp\/v2\/pages\/1613\/revisions"}],"predecessor-version":[{"id":3186,"href":"https:\/\/www.nordictransport.org\/fi\/wp-json\/wp\/v2\/pages\/1613\/revisions\/3186"}],"wp:attachment":[{"href":"https:\/\/www.nordictransport.org\/fi\/wp-json\/wp\/v2\/media?parent=1613"}],"curies":[{"name":"wp","href":"https:\/\/api.w.org\/{rel}","templated":true}]}}