{"id":1650,"date":"2021-08-25T15:18:55","date_gmt":"2021-08-25T13:18:55","guid":{"rendered":"https:\/\/www.nordictransport.org\/jasenjarjestot\/"},"modified":"2026-02-06T14:43:07","modified_gmt":"2026-02-06T12:43:07","slug":"jasenjarjestot","status":"publish","type":"page","link":"https:\/\/www.nordictransport.org\/fi\/jasenjarjestot\/","title":{"rendered":"J\u00e4senj\u00e4rjest\u00f6t"},"content":{"rendered":"<p>[et_pb_section fb_built=&#8221;1&#8243; fullwidth=&#8221;on&#8221; admin_label=&#8221;Hero Section&#8221; _builder_version=&#8221;4.11.2&#8243; background_image=&#8221;https:\/\/www.nordictransport.org\/wp-content\/uploads\/2024\/11\/ITF-2024-group-picture.jpg&#8221; global_colors_info=&#8221;{}&#8221;][et_pb_fullwidth_header title=&#8221;J\u00e4senj\u00e4rjest\u00f6t&#8221; text_orientation=&#8221;center&#8221; header_fullscreen=&#8221;on&#8221; background_overlay_color=&#8221;rgba(0,0,0,0.5)&#8221; title_font_color=&#8221;#ffffff&#8221; subhead_font_color=&#8221;#ffffff&#8221; _builder_version=&#8221;4.8.2&#8243; title_font=&#8221;Nunito||||||||&#8221; title_text_color=&#8221;#ffffff&#8221; title_font_size=&#8221;80px&#8221; content_font=&#8221;||||||||&#8221; subhead_font=&#8221;Open Sans||||||||&#8221; subhead_text_color=&#8221;#ffffff&#8221; subhead_font_size=&#8221;24px&#8221; subhead_line_height=&#8221;1.6em&#8221; background_color=&#8221;rgba(255,255,255,0)&#8221; background_enable_image=&#8221;off&#8221; custom_button_one=&#8221;on&#8221; button_one_text_size=&#8221;14px&#8221; button_one_text_color=&#8221;#ffffff&#8221; button_one_bg_color=&#8221;#0099e5&#8243; button_one_border_width=&#8221;12px&#8221; button_one_border_color=&#8221;#0099e5&#8243; button_one_border_radius=&#8221;0px&#8221; button_one_letter_spacing=&#8221;2px&#8221; button_one_font=&#8221;Nunito|700||on|||||&#8221; button_one_use_icon=&#8221;off&#8221; background_layout=&#8221;light&#8221; animation_style=&#8221;fade&#8221; title_text_color_last_edited=&#8221;off|tablet&#8221; title_font_size_tablet=&#8221;57px&#8221; title_font_size_phone=&#8221;31px&#8221; title_font_size_last_edited=&#8221;on|phone&#8221; subhead_font_size_tablet=&#8221;&#8221; subhead_font_size_phone=&#8221;&#8221; subhead_font_size_last_edited=&#8221;on|phone&#8221; button_one_text_color_hover=&#8221;#ffffff&#8221; button_one_border_color_hover=&#8221;#0099e5&#8243; button_one_border_radius_hover=&#8221;0px&#8221; button_one_letter_spacing_hover=&#8221;2px&#8221; button_one_bg_color_hover=&#8221;#0099e5&#8243; global_colors_info=&#8221;{}&#8221; button_one_text_size__hover_enabled=&#8221;off&#8221; button_two_text_size__hover_enabled=&#8221;off&#8221; button_one_text_color__hover_enabled=&#8221;on&#8221; button_one_text_color__hover=&#8221;#ffffff&#8221; button_two_text_color__hover_enabled=&#8221;off&#8221; button_one_border_width__hover_enabled=&#8221;off&#8221; button_two_border_width__hover_enabled=&#8221;off&#8221; button_one_border_color__hover_enabled=&#8221;on&#8221; button_one_border_color__hover=&#8221;#0099e5&#8243; button_two_border_color__hover_enabled=&#8221;off&#8221; button_one_border_radius__hover_enabled=&#8221;on&#8221; button_one_border_radius__hover=&#8221;0px&#8221; button_two_border_radius__hover_enabled=&#8221;off&#8221; button_one_letter_spacing__hover_enabled=&#8221;on&#8221; button_one_letter_spacing__hover=&#8221;2px&#8221; button_two_letter_spacing__hover_enabled=&#8221;off&#8221; button_one_bg_color__hover_enabled=&#8221;on&#8221; button_one_bg_color__hover=&#8221;#0099e5&#8243; button_two_bg_color__hover_enabled=&#8221;off&#8221;][\/et_pb_fullwidth_header][\/et_pb_section][et_pb_section fb_built=&#8221;1&#8243; admin_label=&#8221;Category Search Section&#8221; _builder_version=&#8221;4.9.4&#8243; custom_padding=&#8221;0px||42px||false|false&#8221; global_colors_info=&#8221;{}&#8221;][et_pb_row _builder_version=&#8221;4.10.1&#8243; _module_preset=&#8221;default&#8221; custom_padding=&#8221;40px|||||&#8221; global_colors_info=&#8221;{}&#8221;][et_pb_column type=&#8221;4_4&#8243; _builder_version=&#8221;4.8.2&#8243; _module_preset=&#8221;default&#8221; global_colors_info=&#8221;{}&#8221;][et_pb_text _builder_version=&#8221;4.9.4&#8243; _module_preset=&#8221;default&#8221; global_colors_info=&#8221;{}&#8221;]<\/p>\n<h2>J\u00e4senj\u00e4rjest\u00f6t<\/h2>\n<p>J\u00e4rjest\u00f6n j\u00e4senj\u00e4rjest\u00f6t toimivat kuljetusalan kent\u00e4ll\u00e4 kokonaisvaltaisesti \u2013 maanteiden tavaraliikenteen, julkisen liikenteen, siviili-ilmailun, rautateiden, laivaliikenteen ja kalastuksen, satamien sek\u00e4 huolinta- ja varastoliikenteen parissa.<\/p>\n<p>[\/et_pb_text][\/et_pb_column][\/et_pb_row][et_pb_row column_structure=&#8221;1_2,1_2&#8243; _builder_version=&#8221;4.10.1&#8243; _module_preset=&#8221;default&#8221; custom_margin=&#8221;-12px|auto||auto||&#8221; custom_padding=&#8221;14px|||||&#8221; global_colors_info=&#8221;{}&#8221;][et_pb_column type=&#8221;1_2&#8243; _builder_version=&#8221;4.8.2&#8243; _module_preset=&#8221;default&#8221; global_colors_info=&#8221;{}&#8221;][et_pb_image src=&#8221;https:\/\/www.nordictransport.org\/wp-content\/uploads\/2021\/05\/iStock-518960428-scaled.jpg&#8221; title_text=&#8221;Nyhavn K\u00f6\u00f6penhaminan histroriallinen satama&#8221; _builder_version=&#8221;4.9.4&#8243; _module_preset=&#8221;default&#8221; global_colors_info=&#8221;{}&#8221;][\/et_pb_image][\/et_pb_column][et_pb_column type=&#8221;1_2&#8243; _builder_version=&#8221;4.8.2&#8243; _module_preset=&#8221;default&#8221; global_colors_info=&#8221;{}&#8221;][et_pb_text _builder_version=&#8221;4.9.4&#8243; _module_preset=&#8221;default&#8221; global_colors_info=&#8221;{}&#8221;]<\/p>\n<h3>Tanska<\/h3>\n<p>______<\/p>\n<p><a title=\"\" href=\"http:\/\/www.brancheorganisationen.dk\/\" target=\"_blank\" rel=\"noopener noreferrer\">Brancheorganisationen Luftfart og Jernbane<\/a><\/p>\n<p><a title=\"\" href=\"http:\/\/www.co-sea.dk\/\" target=\"_blank\" rel=\"noopener noreferrer\">CO-S\u00f8fart<\/a><\/p>\n<p><a title=\"\" href=\"https:\/\/www.danskmetal.dk\/\" target=\"_blank\" rel=\"noopener noreferrer\">Dansk Metalarbejderforbund<\/a><\/p>\n<p><a title=\"\" href=\"https:\/\/www.3f.dk\/\" target=\"_blank\" rel=\"noopener noreferrer\">Fagligt F\u00e6lles Forbund 3F<\/a><\/p>\n<p><a title=\"\" href=\"https:\/\/www.hk.dk\/omhk\/sektor\/hk-privat\" target=\"_blank\" rel=\"noopener noreferrer\">HK\/Privat<\/a><\/p>\n<p><a title=\"\" href=\"https:\/\/www.serviceforbundet.dk\/\" target=\"_blank\" rel=\"noopener noreferrer\">Serviceforbundet<\/a><\/p>\n<p>[\/et_pb_text][\/et_pb_column][\/et_pb_row][et_pb_row column_structure=&#8221;1_2,1_2&#8243; _builder_version=&#8221;4.8.2&#8243; _module_preset=&#8221;default&#8221; custom_padding=&#8221;15px|||||&#8221; global_colors_info=&#8221;{}&#8221;][et_pb_column type=&#8221;1_2&#8243; _builder_version=&#8221;4.8.2&#8243; _module_preset=&#8221;default&#8221; global_colors_info=&#8221;{}&#8221;][et_pb_text _builder_version=&#8221;4.9.4&#8243; _module_preset=&#8221;default&#8221; global_colors_info=&#8221;{}&#8221;]<\/p>\n<h3>Suomi<\/h3>\n<p>______<\/p>\n<p><a href=\"https:\/\/www.proliitto.fi\/\">Ammattiliitto Pro<\/a><\/p>\n<p><a href=\"https:\/\/www.akt.fi\/\" target=\"_blank\" rel=\"noopener noreferrer\">Auto- ja Kuljetusalan Ty\u00f6ntekij\u00e4liitto AKT ry<\/a><\/p>\n<p><a title=\"\" href=\"https:\/\/www.iau.fi\/\" target=\"_blank\" rel=\"noopener noreferrer\">Ilmailualan Unioni IAU ry<\/a><\/p>\n<p><a title=\"http:\/\/rautl.fi\/ \u00a0\" href=\"https:\/\/www.jhl.fi\/\" target=\"_blank\" rel=\"noopener noreferrer\">JHL<\/a><\/p>\n<p><a title=\"\" href=\"https:\/\/www.raury.fi\/\" target=\"\" rel=\"noopener noreferrer\">Rautatiealan Unioni RAU ry<\/a><\/p>\n<p><a title=\"\" href=\"https:\/\/www.konepaallystoliitto.fi\/\" target=\"_blank\" rel=\"noopener noreferrer\">Suomen Konep\u00e4\u00e4llyst\u00f6liitto\u00a0<\/a><\/p>\n<p><a title=\"\" href=\"https:\/\/www.seacommand.fi\/\" target=\"_blank\" rel=\"noopener noreferrer\">Suomen Laivanp\u00e4\u00e4llyst\u00f6liitto ry<\/a><\/p>\n<p><a title=\"\" href=\"https:\/\/www.smu.fi\/\" target=\"_blank\" rel=\"noopener noreferrer\">Suomen Merimies-Unioni ry<\/a><\/p>\n<p><a title=\"\" href=\"https:\/\/www.erto.fi\/\" target=\"_blank\" rel=\"noopener noreferrer\">Toimihenkil\u00f6liitto ERTO ry<\/a><\/p>\n<p>[\/et_pb_text][\/et_pb_column][et_pb_column type=&#8221;1_2&#8243; _builder_version=&#8221;4.8.2&#8243; _module_preset=&#8221;default&#8221; global_colors_info=&#8221;{}&#8221;][et_pb_image src=&#8221;https:\/\/www.nordictransport.org\/wp-content\/uploads\/2021\/05\/iStock-609915700-scaled.jpg&#8221; title_text=&#8221;Maailmanpy\u00f6r\u00e4 Helsingin satamassa&#8221; _builder_version=&#8221;4.9.4&#8243; _module_preset=&#8221;default&#8221; global_colors_info=&#8221;{}&#8221;][\/et_pb_image][\/et_pb_column][\/et_pb_row][et_pb_row column_structure=&#8221;1_2,1_2&#8243; _builder_version=&#8221;4.8.2&#8243; _module_preset=&#8221;default&#8221; custom_padding=&#8221;14px|||||&#8221; global_colors_info=&#8221;{}&#8221;][et_pb_column type=&#8221;1_2&#8243; _builder_version=&#8221;4.8.2&#8243; _module_preset=&#8221;default&#8221; global_colors_info=&#8221;{}&#8221;][et_pb_image src=&#8221;https:\/\/www.nordictransport.org\/wp-content\/uploads\/2021\/05\/iStock-1206286339-scaled.jpg&#8221; title_text=&#8221;Heijastus kyl\u00e4st\u00e4 F\u00e4rsaarilla&#8221; _builder_version=&#8221;4.9.4&#8243; _module_preset=&#8221;default&#8221; global_colors_info=&#8221;{}&#8221;][\/et_pb_image][\/et_pb_column][et_pb_column type=&#8221;1_2&#8243; _builder_version=&#8221;4.8.2&#8243; _module_preset=&#8221;default&#8221; global_colors_info=&#8221;{}&#8221;][et_pb_text _builder_version=&#8221;4.11.2&#8243; _module_preset=&#8221;default&#8221; hover_enabled=&#8221;0&#8243; global_colors_info=&#8221;{}&#8221; sticky_enabled=&#8221;0&#8243;]<\/p>\n<h3>F\u00e4rsaaret<\/h3>\n<p><a href=\"https:\/\/www.fafelag.fo\/\">F\u00f8roya Arbei\u00f0arafelag<\/a><\/p>\n<p><a href=\"http:\/\/www.fiskimannafelag.fo\/\" target=\"_blank\" rel=\"noopener noreferrer\">F\u00f8roya Fiskimannafelag<\/a><\/p>\n<p><a href=\"https:\/\/www.haf.fo\/\">Havnar arbei\u00f0arfelag<\/a><\/p>\n<p>[\/et_pb_text][\/et_pb_column][\/et_pb_row][et_pb_row column_structure=&#8221;1_2,1_2&#8243; _builder_version=&#8221;4.8.2&#8243; _module_preset=&#8221;default&#8221; custom_padding=&#8221;14px|||||&#8221; global_colors_info=&#8221;{}&#8221;][et_pb_column type=&#8221;1_2&#8243; _builder_version=&#8221;4.8.2&#8243; _module_preset=&#8221;default&#8221; global_colors_info=&#8221;{}&#8221;][et_pb_text _builder_version=&#8221;4.9.4&#8243; _module_preset=&#8221;default&#8221; global_colors_info=&#8221;{}&#8221;]<\/p>\n<h3>Islanti<\/h3>\n<p>______<\/p>\n<p><a title=\"\" href=\"http:\/\/www.fia.is\/\" target=\"_blank\" rel=\"noopener noreferrer\">F\u00e9lag \u00cdslenskra Atvinnuflugmanna\u00a0<\/a><\/p>\n<p><a title=\"\" href=\"http:\/\/www.ffi.is\/\" target=\"_blank\" rel=\"noopener noreferrer\">Flugfreyjuf\u00e9lag \u00cdslands\u00a0\u00a0<\/a><\/p>\n<p><a title=\"\" href=\"http:\/\/www.flug.is\/\" target=\"_blank\" rel=\"noopener noreferrer\">Flugvirkjaf\u00e9lag \u00cdslands\u00a0\u00a0<\/a><\/p>\n<p><a title=\"\" href=\"https:\/\/www.sjomenn.is\/\" target=\"_blank\" rel=\"noopener noreferrer\">Sj\u00f3mannaf\u00e9lag \u00cdslands<\/a><\/p>\n<p>[\/et_pb_text][\/et_pb_column][et_pb_column type=&#8221;1_2&#8243; _builder_version=&#8221;4.8.2&#8243; _module_preset=&#8221;default&#8221; global_colors_info=&#8221;{}&#8221;][et_pb_image src=&#8221;https:\/\/www.nordictransport.org\/wp-content\/uploads\/2021\/05\/iStock-486632798-scaled.jpg&#8221; title_text=&#8221;Heijastus&#8221; _builder_version=&#8221;4.9.4&#8243; _module_preset=&#8221;default&#8221; global_colors_info=&#8221;{}&#8221;][\/et_pb_image][\/et_pb_column][\/et_pb_row][et_pb_row column_structure=&#8221;1_2,1_4,1_4&#8243; _builder_version=&#8221;4.8.2&#8243; _module_preset=&#8221;default&#8221; custom_margin=&#8221;6px|auto||auto||&#8221; custom_padding=&#8221;16px|||||&#8221; global_colors_info=&#8221;{}&#8221;][et_pb_column type=&#8221;1_2&#8243; _builder_version=&#8221;4.8.2&#8243; _module_preset=&#8221;default&#8221; global_colors_info=&#8221;{}&#8221;][et_pb_image src=&#8221;https:\/\/www.nordictransport.org\/wp-content\/uploads\/2021\/05\/iStock-502836942-scaled.jpg&#8221; title_text=&#8221;Rakennusten heijastus veteen Oslossa&#8221; _builder_version=&#8221;4.9.4&#8243; _module_preset=&#8221;default&#8221; global_colors_info=&#8221;{}&#8221;][\/et_pb_image][\/et_pb_column][et_pb_column type=&#8221;1_4&#8243; _builder_version=&#8221;4.8.2&#8243; _module_preset=&#8221;default&#8221; global_colors_info=&#8221;{}&#8221;][et_pb_text _builder_version=&#8221;4.11.2&#8243; _module_preset=&#8221;default&#8221; global_colors_info=&#8221;{}&#8221;]<\/p>\n<h3>Norja<\/h3>\n<p>______<\/p>\n<p><a href=\"https:\/\/www.dnmf.no\/Sider\/default.aspx\">Det Norske Maskinistforbund\u00a0\u00a0<\/a><\/p>\n<p><a href=\"https:\/\/www.fagforbundet.no\/\">Fagforbundet i Norge\u00a0\u00a0<\/a><\/p>\n<p><a href=\"https:\/\/www.fellesforbundet.no\/\">Fellesforbundet\u00a0\u00a0<\/a><\/p>\n<p><a href=\"http:\/\/www.hkinfo.no\/\">Handel og Kontor i Norge\u00a0\u00a0<\/a><\/p>\n<p><a href=\"https:\/\/www.industrienergi.no\/\">Industri Energi <\/a><\/p>\n<p><a href=\"https:\/\/kabinansattesforbund.no\/\">Kabinansattes Forbund<\/a><\/p>\n<p><a href=\"http:\/\/njf.no\/\">Norsk Jernbaneforbund\u00a0<\/a><\/p>\n<p><a href=\"http:\/\/www.lokmann.no\/\">Norsk Lokomotivmannsforbund\u00a0\u00a0<\/a><\/p>\n<p>[\/et_pb_text][\/et_pb_column][et_pb_column type=&#8221;1_4&#8243; _builder_version=&#8221;4.8.2&#8243; _module_preset=&#8221;default&#8221; global_colors_info=&#8221;{}&#8221;][et_pb_text content_tablet=&#8221;<\/p>\n<\/p>\n<p><a href=%22https:\/\/www.sjomannsforbundet.no\/%22>Norsk Sj\u00f8mannsforbund <\/a><\/p>\n<p><a href=%22https:\/\/nsof.no\/%22>Norsk Sj\u00f8offisersforbund <\/a><\/p>\n<p><a href=%22http:\/\/www.ntl.no\/forside%22>Norsk Tjenestemannslag <\/a><\/p>\n<p><a href=%22https:\/\/www.parat.com\/%22>Parat <\/a><\/p>\n<p><a href=%22https:\/\/www.ytf.no\/%22>Yrkestrafikkforbundet<\/a><\/p>\n<p>&#8221; content_phone=&#8221;<\/p>\n<p><a href=%22https:\/\/www.sjomannsforbundet.no\/%22>Norsk Sj\u00f8mannsforbund <\/a><\/p>\n<p><a href=%22https:\/\/nsof.no\/%22>Norsk Sj\u00f8offisersforbund <\/a><\/p>\n<p><a href=%22http:\/\/www.ntl.no\/forside%22>Norsk Tjenestemannslag <\/a><\/p>\n<p><a href=%22https:\/\/www.parat.com\/%22>Parat <\/a><\/p>\n<p><a href=%22https:\/\/www.ytf.no\/%22>Yrkestrafikkforbundet<\/a><\/p>\n<p>&#8221; content_last_edited=&#8221;on|phone&#8221; _builder_version=&#8221;4.9.4&#8243; _module_preset=&#8221;default&#8221; custom_margin=&#8221;-3px||||false|false&#8221; custom_margin_tablet=&#8221;0px||||false|false&#8221; custom_margin_phone=&#8221;-17px||||false|false&#8221; custom_margin_last_edited=&#8221;on|desktop&#8221; global_colors_info=&#8221;{}&#8221;]<\/p>\n<h2>\u00a0<\/h2>\n<p>&nbsp;<\/p>\n<p><a href=\"https:\/\/www.sjomannsforbundet.no\/\">Norsk Sj\u00f8mannsforbund\u00a0\u00a0<\/a><\/p>\n<p><a href=\"https:\/\/nsof.no\/\">Norsk Sj\u00f8offisersforbund\u00a0\u00a0<\/a><\/p>\n<p><a href=\"http:\/\/www.ntl.no\/forside\">Norsk Tjenestemannslag\u00a0\u00a0<\/a><\/p>\n<p><a href=\"https:\/\/www.parat.com\/\">Parat\u00a0\u00a0<\/a><\/p>\n<p><a href=\"https:\/\/www.ytf.no\/\">Yrkestrafikkforbundet<\/a><\/p>\n<p>[\/et_pb_text][\/et_pb_column][\/et_pb_row][et_pb_row column_structure=&#8221;1_2,1_2&#8243; _builder_version=&#8221;4.8.2&#8243; _module_preset=&#8221;default&#8221; custom_padding=&#8221;16px|||||&#8221; global_colors_info=&#8221;{}&#8221;][et_pb_column type=&#8221;1_2&#8243; _builder_version=&#8221;4.8.2&#8243; _module_preset=&#8221;default&#8221; global_colors_info=&#8221;{}&#8221;][et_pb_text _builder_version=&#8221;4.9.4&#8243; _module_preset=&#8221;default&#8221; global_colors_info=&#8221;{}&#8221;]<\/p>\n<h3>Ruotsi<\/h3>\n<p>______<\/p>\n<p><a title=\"\" href=\"https:\/\/www.st.org\/\" target=\"_blank\" rel=\"noopener noreferrer\">Fackf\u00f6rbundet ST\u00a0<\/a><\/p>\n<p><a title=\"\" href=\"https:\/\/www.ledarna.se\/branschforeningar\/ledarna-inom-transport-logistik\/\" target=\"_blank\" rel=\"noopener noreferrer\">Ledarna\u00a0\u00a0<\/a><\/p>\n<p><a title=\"\" href=\"https:\/\/www.seko.se\/\" target=\"_blank\" rel=\"noopener noreferrer\">Seko, Service- och kommunikationsfacket\u00a0<\/a><\/p>\n<p><a title=\"\" href=\"http:\/\/www.sjobefalsforeningen.se\/\" target=\"_blank\" rel=\"noopener noreferrer\">Sj\u00f6bef\u00e4lsf\u00f6reningen\u00a0\u00a0<\/a><\/p>\n<p><a title=\"\" href=\"https:\/\/www.kommunal.se\/\" target=\"_blank\" rel=\"noopener noreferrer\">Svenska Kommunalarbetaref\u00f6rbundet\u00a0\u00a0<\/a><\/p>\n<p><a title=\"\" href=\"https:\/\/www.transport.se\/\" target=\"_blank\" rel=\"noopener noreferrer\">Svenska Transportarbetaref\u00f6rbundet\u00a0\u00a0<\/a><\/p>\n<p><a title=\"\" href=\"https:\/\/www.unionen.se\/\" target=\"_blank\" rel=\"noopener noreferrer\">Unionen<\/a><\/p>\n<p>[\/et_pb_text][\/et_pb_column][et_pb_column type=&#8221;1_2&#8243; _builder_version=&#8221;4.8.2&#8243; _module_preset=&#8221;default&#8221; global_colors_info=&#8221;{}&#8221;][et_pb_image src=&#8221;https:\/\/www.nordictransport.org\/wp-content\/uploads\/2021\/05\/iStock-1296515366-scaled.jpg&#8221; title_text=&#8221;Tukholman kaupungintalo, Ruotsi&#8221; _builder_version=&#8221;4.9.4&#8243; _module_preset=&#8221;default&#8221; global_colors_info=&#8221;{}&#8221;][\/et_pb_image][\/et_pb_column][\/et_pb_row][\/et_pb_section]<\/p>\n","protected":false},"excerpt":{"rendered":"<p>J\u00e4senj\u00e4rjest\u00f6t J\u00e4rjest\u00f6n j\u00e4senj\u00e4rjest\u00f6t toimivat kuljetusalan kent\u00e4ll\u00e4 kokonaisvaltaisesti \u2013 maanteiden tavaraliikenteen, julkisen liikenteen, siviili-ilmailun, rautateiden, laivaliikenteen ja kalastuksen, satamien sek\u00e4 huolinta- ja varastoliikenteen parissa.Tanska ______ Brancheorganisationen Luftfart og Jernbane CO-S\u00f8fart Dansk Metalarbejderforbund Fagligt F\u00e6lles Forbund 3F HK\/Privat ServiceforbundetSuomi ______ Ammattiliitto Pro Auto- ja Kuljetusalan Ty\u00f6ntekij\u00e4liitto AKT ry Ilmailualan Unioni IAU ry JHL Rautatiealan Unioni RAU ry [&hellip;]<\/p>\n","protected":false},"author":1,"featured_media":0,"parent":0,"menu_order":0,"comment_status":"closed","ping_status":"closed","template":"","meta":{"_et_pb_use_builder":"on","_et_pb_old_content":"","_et_gb_content_width":""},"_links":{"self":[{"href":"https:\/\/www.nordictransport.org\/fi\/wp-json\/wp\/v2\/pages\/1650"}],"collection":[{"href":"https:\/\/www.nordictransport.org\/fi\/wp-json\/wp\/v2\/pages"}],"about":[{"href":"https:\/\/www.nordictransport.org\/fi\/wp-json\/wp\/v2\/types\/page"}],"author":[{"embeddable":true,"href":"https:\/\/www.nordictransport.org\/fi\/wp-json\/wp\/v2\/users\/1"}],"replies":[{"embeddable":true,"href":"https:\/\/www.nordictransport.org\/fi\/wp-json\/wp\/v2\/comments?post=1650"}],"version-history":[{"count":16,"href":"https:\/\/www.nordictransport.org\/fi\/wp-json\/wp\/v2\/pages\/1650\/revisions"}],"predecessor-version":[{"id":3157,"href":"https:\/\/www.nordictransport.org\/fi\/wp-json\/wp\/v2\/pages\/1650\/revisions\/3157"}],"wp:attachment":[{"href":"https:\/\/www.nordictransport.org\/fi\/wp-json\/wp\/v2\/media?parent=1650"}],"curies":[{"name":"wp","href":"https:\/\/api.w.org\/{rel}","templated":true}]}}