{"id":1659,"date":"2021-08-25T15:35:55","date_gmt":"2021-08-25T13:35:55","guid":{"rendered":"https:\/\/www.nordictransport.org\/organisaatio\/"},"modified":"2023-03-10T16:39:02","modified_gmt":"2023-03-10T14:39:02","slug":"organisaatio","status":"publish","type":"page","link":"https:\/\/www.nordictransport.org\/fi\/organisaatio\/","title":{"rendered":"Organisaatio"},"content":{"rendered":"<p>[et_pb_section fb_built=&#8221;1&#8243; fullwidth=&#8221;on&#8221; admin_label=&#8221;Hero Section&#8221; _builder_version=&#8221;4.9.4&#8243; background_image=&#8221;https:\/\/www.nordictransport.org\/wp-content\/uploads\/2020\/12\/NTFbakgrund-scaled.jpg&#8221; background_position=&#8221;top_center&#8221; module_alignment=&#8221;center&#8221; filter_brightness=&#8221;160%&#8221; filter_contrast=&#8221;127%&#8221; global_colors_info=&#8221;{}&#8221;][et_pb_fullwidth_header title=&#8221;Organisaatio&#8221; text_orientation=&#8221;center&#8221; header_fullscreen=&#8221;on&#8221; background_overlay_color=&#8221;rgba(0,0,0,0.5)&#8221; title_font_color=&#8221;#ffffff&#8221; subhead_font_color=&#8221;#ffffff&#8221; _builder_version=&#8221;4.8.2&#8243; title_font=&#8221;Nunito||||||||&#8221; title_text_align=&#8221;center&#8221; title_text_color=&#8221;#979DAC&#8221; title_font_size=&#8221;67px&#8221; content_font=&#8221;||||||||&#8221; subhead_font=&#8221;Open Sans||||||||&#8221; subhead_text_color=&#8221;#ffffff&#8221; subhead_font_size=&#8221;24px&#8221; subhead_line_height=&#8221;1.6em&#8221; background_color=&#8221;rgba(255, 255, 255, 0)&#8221; background_enable_image=&#8221;off&#8221; custom_button_one=&#8221;on&#8221; button_one_text_size=&#8221;14px&#8221; button_one_text_color=&#8221;#ffffff&#8221; button_one_bg_color=&#8221;#0099e5&#8243; button_one_border_width=&#8221;12px&#8221; button_one_border_color=&#8221;#0099e5&#8243; button_one_border_radius=&#8221;0px&#8221; button_one_letter_spacing=&#8221;2px&#8221; button_one_font=&#8221;Nunito|700||on|||||&#8221; button_one_use_icon=&#8221;off&#8221; background_layout=&#8221;light&#8221; animation_style=&#8221;fade&#8221; title_font_size_tablet=&#8221;&#8221; title_font_size_phone=&#8221;42px&#8221; title_font_size_last_edited=&#8221;on|phone&#8221; subhead_font_size_tablet=&#8221;&#8221; subhead_font_size_phone=&#8221;&#8221; subhead_font_size_last_edited=&#8221;on|phone&#8221; button_one_text_color_hover=&#8221;#ffffff&#8221; button_one_border_color_hover=&#8221;#0099e5&#8243; button_one_border_radius_hover=&#8221;0px&#8221; button_one_letter_spacing_hover=&#8221;2px&#8221; button_one_bg_color_hover=&#8221;#0099e5&#8243; global_colors_info=&#8221;{}&#8221; button_one_text_size__hover_enabled=&#8221;off&#8221; button_two_text_size__hover_enabled=&#8221;off&#8221; button_one_text_color__hover_enabled=&#8221;on&#8221; button_one_text_color__hover=&#8221;#ffffff&#8221; button_two_text_color__hover_enabled=&#8221;off&#8221; button_one_border_width__hover_enabled=&#8221;off&#8221; button_two_border_width__hover_enabled=&#8221;off&#8221; button_one_border_color__hover_enabled=&#8221;on&#8221; button_one_border_color__hover=&#8221;#0099e5&#8243; button_two_border_color__hover_enabled=&#8221;off&#8221; button_one_border_radius__hover_enabled=&#8221;on&#8221; button_one_border_radius__hover=&#8221;0px&#8221; button_two_border_radius__hover_enabled=&#8221;off&#8221; button_one_letter_spacing__hover_enabled=&#8221;on&#8221; button_one_letter_spacing__hover=&#8221;2px&#8221; button_two_letter_spacing__hover_enabled=&#8221;off&#8221; button_one_bg_color__hover_enabled=&#8221;on&#8221; button_one_bg_color__hover=&#8221;#0099e5&#8243; button_two_bg_color__hover_enabled=&#8221;off&#8221; button_one_text__hover_enabled=&#8221;on|desktop&#8221;][\/et_pb_fullwidth_header][\/et_pb_section][et_pb_section fb_built=&#8221;1&#8243; _builder_version=&#8221;4.8.2&#8243; _module_preset=&#8221;default&#8221; custom_margin=&#8221;40px|||||&#8221; custom_padding=&#8221;4px||6px|||&#8221; global_colors_info=&#8221;{}&#8221;][et_pb_row _builder_version=&#8221;4.8.2&#8243; _module_preset=&#8221;default&#8221; custom_margin=&#8221;|auto|-5px|auto||&#8221; custom_padding=&#8221;9px|||||&#8221; global_colors_info=&#8221;{}&#8221;][et_pb_column type=&#8221;4_4&#8243; _builder_version=&#8221;4.8.2&#8243; _module_preset=&#8221;default&#8221; global_colors_info=&#8221;{}&#8221;][et_pb_text _builder_version=&#8221;4.9.4&#8243; _module_preset=&#8221;default&#8221; global_colors_info=&#8221;{}&#8221;]<\/p>\n<h2>Organisaatio ja toiminta<\/h2>\n<p>NTF:n korkein elin on viiden vuoden v\u00e4lein kokoontuva kongressi. Kongressi p\u00e4\u00e4tt\u00e4\u00e4 muun muassa toiminnan suuntaviivoista, s\u00e4\u00e4nn\u00f6ist\u00e4 ja j\u00e4senmaksuista sek\u00e4 nimitt\u00e4\u00e4 johdon.<\/p>\n<p>Kongressin kokousten v\u00e4lisen\u00e4 aikana ty\u00f6t\u00e4 johtaa hallitus, joka koostuu 13 j\u00e4senest\u00e4.<\/p>\n<p>Seitsem\u00e4n eri jaostoa ovat t\u00e4rke\u00e4 osa NTF:n toimintaa. Jaostot vastaavat omaan toimialaansa liittyv\u00e4st\u00e4 toiminnasta. Kunkin kongressin yhteydess\u00e4 kukin jaosto valitsee ty\u00f6valiokuntansa.<\/p>\n<p>NTF on jaettu seitsem\u00e4\u00e4n p\u00e4\u00e4jaostoon sek\u00e4 yhteen naistoimikuntaan:<\/p>\n<ul>\n<li>siviili-ilmailu<\/li>\n<li>maanteiden tavaraliikenne (erillinen ymp\u00e4rist\u00f6ty\u00f6ryhm\u00e4)<\/li>\n<li>satamat<\/li>\n<li>rautatiet<\/li>\n<li>julkinen henkil\u00f6liikenne (erillinen taksity\u00f6ryhm\u00e4)<\/li>\n<li>merenkulku ja kalastus<\/li>\n<li>huolinta ja varastot<\/li>\n<li>naistoimikunta<\/li>\n<\/ul>\n<p>P\u00e4ivitt\u00e4ist\u00e4 ty\u00f6t\u00e4 johtaa Tukholmassa sijaitseva sihteerist\u00f6.<\/p>\n<p>[\/et_pb_text][\/et_pb_column][\/et_pb_row][et_pb_row _builder_version=&#8221;4.8.2&#8243; _module_preset=&#8221;default&#8221; custom_margin=&#8221;|auto|-1px|auto||&#8221; custom_padding=&#8221;13px||0px|||&#8221; global_colors_info=&#8221;{}&#8221;][et_pb_column type=&#8221;4_4&#8243; _builder_version=&#8221;4.8.2&#8243; _module_preset=&#8221;default&#8221; global_colors_info=&#8221;{}&#8221;][et_pb_divider _builder_version=&#8221;4.8.2&#8243; _module_preset=&#8221;default&#8221; global_colors_info=&#8221;{}&#8221;][\/et_pb_divider][\/et_pb_column][\/et_pb_row][\/et_pb_section][et_pb_section fb_built=&#8221;1&#8243; admin_label=&#8221;Our Story Section&#8221; _builder_version=&#8221;4.8.2&#8243; width=&#8221;99.7%&#8221; custom_margin=&#8221;1px|||||&#8221; custom_padding=&#8221;2px||22px|||&#8221; global_colors_info=&#8221;{}&#8221;][et_pb_row column_structure=&#8221;1_2,1_2&#8243; _builder_version=&#8221;4.8.2&#8243; _module_preset=&#8221;default&#8221; custom_padding=&#8221;5px||29px|||&#8221; global_colors_info=&#8221;{}&#8221;][et_pb_column type=&#8221;1_2&#8243; _builder_version=&#8221;4.6.5&#8243; _module_preset=&#8221;default&#8221; global_colors_info=&#8221;{}&#8221;][et_pb_text _builder_version=&#8221;4.9.4&#8243; _module_preset=&#8221;default&#8221; width=&#8221;85%&#8221; custom_padding=&#8221;||8px|||&#8221; global_colors_info=&#8221;{}&#8221;]<\/p>\n<h3>Siviili-ilmailu<\/h3>\n<p>Edustaa siviili-ilmailualalla ty\u00f6skentelevi\u00e4 j\u00e4seni\u00e4, kuten kuormaajia, l\u00e4ht\u00f6selvityshenkil\u00f6st\u00f6\u00e4, matkustamomiehist\u00f6\u00e4 ja lent\u00e4ji\u00e4.<\/p>\n<p>Jaoston tavoitteena on seurata ilmailualan kehityst\u00e4 ja halpalentoyhti\u00f6mallin (LCC) aiheuttamia haasteita. Ty\u00f6skentelee muun muassa sosiaaliseen polkumyyntiin, y\u00f6- ja vuoroty\u00f6h\u00f6n, turvallisuuteen ja digitalisaatioon liittyvien kysymysten parissa. Ty\u00f6skentelee tiiviiss\u00e4 yhteisty\u00f6ss\u00e4 ETF:n ja ITF:n kanssa.<\/p>\n<p>[\/et_pb_text][\/et_pb_column][et_pb_column type=&#8221;1_2&#8243; _builder_version=&#8221;4.6.5&#8243; _module_preset=&#8221;default&#8221; global_colors_info=&#8221;{}&#8221;][et_pb_image src=&#8221;https:\/\/www.nordictransport.org\/wp-content\/uploads\/2020\/12\/Civilflyg-scaled.jpg&#8221; title_text=&#8221;Lennon turvaohjeet&#8221; _builder_version=&#8221;4.8.2&#8243; _module_preset=&#8221;default&#8221; width=&#8221;85%&#8221; global_colors_info=&#8221;{}&#8221;][\/et_pb_image][\/et_pb_column][\/et_pb_row][et_pb_row column_structure=&#8221;1_2,1_2&#8243; _builder_version=&#8221;4.8.2&#8243; _module_preset=&#8221;default&#8221; custom_padding=&#8221;4px|||||&#8221; global_colors_info=&#8221;{}&#8221;][et_pb_column type=&#8221;1_2&#8243; _builder_version=&#8221;4.8.2&#8243; _module_preset=&#8221;default&#8221; global_colors_info=&#8221;{}&#8221;][et_pb_image src=&#8221;https:\/\/www.nordictransport.org\/wp-content\/uploads\/2020\/12\/NTFbild3-scaled.jpg&#8221; title_text=&#8221;Rekka ylitt\u00e4m\u00e4ss\u00e4 \u00d6resundin siltaa&#8221; _builder_version=&#8221;4.8.2&#8243; _module_preset=&#8221;default&#8221; width=&#8221;85%&#8221; global_colors_info=&#8221;{}&#8221;][\/et_pb_image][\/et_pb_column][et_pb_column type=&#8221;1_2&#8243; _builder_version=&#8221;4.8.2&#8243; _module_preset=&#8221;default&#8221; global_colors_info=&#8221;{}&#8221;][et_pb_text _builder_version=&#8221;4.8.2&#8243; _module_preset=&#8221;default&#8221; width=&#8221;85%&#8221; custom_margin=&#8221;||-5px|||&#8221; global_colors_info=&#8221;{}&#8221;]<\/p>\n<h3>Maanteiden tavaraliikenne<\/h3>\n<p>Edustaa j\u00e4seni\u00e4, jotka ty\u00f6skentelev\u00e4t esimerkiksi kuljettajina kuljetusalalla ja kuriiripalveluiden parissa sek\u00e4 kuljettajina keikkataloudessa.<\/p>\n<p>Jaosto ty\u00f6skentelee muun muassa EU:n liikkuvuuspaketin toteuttamiseen sek\u00e4 digitalisaatioon ja teknologiaan liittyvien kysymysten parissa sek\u00e4 pohtii, miten ty\u00f6voimaa voitaisiin hy\u00f6dynt\u00e4\u00e4 pohjoismaisilla ty\u00f6markkinoilla ja tulevaisuuden rahtiteollisuudessa. Jaostoon kuuluu my\u00f6s ymp\u00e4rist\u00f6ty\u00f6ryhm\u00e4.<\/p>\n<p>[\/et_pb_text][\/et_pb_column][\/et_pb_row][et_pb_row column_structure=&#8221;1_2,1_2&#8243; _builder_version=&#8221;4.8.2&#8243; _module_preset=&#8221;default&#8221; custom_padding=&#8221;5px|||||&#8221; global_colors_info=&#8221;{}&#8221;][et_pb_column type=&#8221;1_2&#8243; _builder_version=&#8221;4.6.5&#8243; _module_preset=&#8221;default&#8221; global_colors_info=&#8221;{}&#8221;][et_pb_text _builder_version=&#8221;4.8.2&#8243; _module_preset=&#8221;default&#8221; width=&#8221;85%&#8221; global_colors_info=&#8221;{}&#8221;]<\/p>\n<h3>Satamat<\/h3>\n<p>Edustaa j\u00e4seni\u00e4, jotka ty\u00f6skentelev\u00e4t satamaty\u00f6ntekij\u00f6in\u00e4 ja ahtaajina sek\u00e4 hallinnollisissa ty\u00f6teht\u00e4viss\u00e4 ty\u00f6skentelevi\u00e4 j\u00e4seni\u00e4.<\/p>\n<p>Jaoston ensisijaisia painopisteit\u00e4 ovat EU:n p\u00e4\u00e4t\u00f6ksiin vaikuttaminen, mukavuuslippulaivakampanja, jolla pyrit\u00e4\u00e4n edist\u00e4m\u00e4\u00e4n merenkulkualan oikeudenmukaisuutta, ITF:n lastin sidontaan (<em>lashing<\/em>) liittyv\u00e4 kampanja sek\u00e4 turvallisuuskysymykset, esimerkkin\u00e4 merikonttien sis\u00e4lt\u00e4m\u00e4t myrkylliset aineet.<\/p>\n<p>[\/et_pb_text][\/et_pb_column][et_pb_column type=&#8221;1_2&#8243; _builder_version=&#8221;4.6.5&#8243; _module_preset=&#8221;default&#8221; global_colors_info=&#8221;{}&#8221;][et_pb_image src=&#8221;https:\/\/www.nordictransport.org\/wp-content\/uploads\/2020\/12\/Hamn-scaled.jpg&#8221; title_text=&#8221;Satama, n\u00e4kym\u00e4 merelt\u00e4 p\u00e4in. &#8221; _builder_version=&#8221;4.8.2&#8243; _module_preset=&#8221;default&#8221; width=&#8221;85%&#8221; custom_padding=&#8221;0px|||||&#8221; global_colors_info=&#8221;{}&#8221;][\/et_pb_image][\/et_pb_column][\/et_pb_row][et_pb_row column_structure=&#8221;1_2,1_2&#8243; _builder_version=&#8221;4.6.5&#8243; _module_preset=&#8221;default&#8221; custom_padding=&#8221;6px|||||&#8221; global_colors_info=&#8221;{}&#8221;][et_pb_column type=&#8221;1_2&#8243; _builder_version=&#8221;4.6.5&#8243; _module_preset=&#8221;default&#8221; global_colors_info=&#8221;{}&#8221;][et_pb_image src=&#8221;https:\/\/www.nordictransport.org\/wp-content\/uploads\/2020\/12\/Jarnvag-scaled.jpg&#8221; title_text=&#8221;Punainen juna K\u00f6\u00f6penhaminen keskusasemalla &#8221; _builder_version=&#8221;4.8.2&#8243; _module_preset=&#8221;default&#8221; width=&#8221;85%&#8221; global_colors_info=&#8221;{}&#8221;][\/et_pb_image][\/et_pb_column][et_pb_column type=&#8221;1_2&#8243; _builder_version=&#8221;4.6.5&#8243; _module_preset=&#8221;default&#8221; global_colors_info=&#8221;{}&#8221;][et_pb_text _builder_version=&#8221;4.11.2&#8243; _module_preset=&#8221;default&#8221; width=&#8221;85%&#8221; custom_margin=&#8221;||-3px|||&#8221; custom_padding=&#8221;||0px|||&#8221; hover_enabled=&#8221;0&#8243; global_colors_info=&#8221;{}&#8221; sticky_enabled=&#8221;0&#8243;]<\/p>\n<h3>Rautatiet<\/h3>\n<p>Edustaa j\u00e4seni\u00e4 ammateissa, kuten veturinkuljettajat, junahenkil\u00f6st\u00f6, junakorjaajat, liikennesuunnittelijat, huoltoty\u00f6ntekij\u00e4t, ajoneuvonhoitajat ja lipunmyyj\u00e4t. <\/p>\n<p>Jaosto keskittyy rautatiealan kehitt\u00e4miseen Pohjoismaissa ja Euroopassa, kansainv\u00e4lisiin rautatielinjoihin, rajat ylitt\u00e4v\u00e4\u00e4n liikenteeseen, koulutukseen, j\u00e4senhankinaan, julkisiin hankintoihin ja sosiaaliseen polkumyyntiin liittyviin kysymyksiin.<\/p>\n<p>[\/et_pb_text][\/et_pb_column][\/et_pb_row][et_pb_row column_structure=&#8221;1_2,1_2&#8243; _builder_version=&#8221;4.6.5&#8243; _module_preset=&#8221;default&#8221; custom_padding=&#8221;6px|||||&#8221; global_colors_info=&#8221;{}&#8221;][et_pb_column type=&#8221;1_2&#8243; _builder_version=&#8221;4.6.5&#8243; _module_preset=&#8221;default&#8221; global_colors_info=&#8221;{}&#8221;][et_pb_text _builder_version=&#8221;4.8.2&#8243; _module_preset=&#8221;default&#8221; width=&#8221;85%&#8221; global_colors_info=&#8221;{}&#8221;]<\/p>\n<h3>Julkinen henkil\u00f6liikenne<\/h3>\n<p>Edustaa j\u00e4seni\u00e4, jotka toimivat raitiovaununkuljettajina, linja-autonkuljettajina, taksinkuljettajina ja taksiyritt\u00e4jin\u00e4.<\/p>\n<p>Jaosto keskittyy julkisiin hankintoihin, digitalisaatioon ja teknologiaan, ilmasto- ja ymp\u00e4rist\u00f6vaikutuksiin, EU:n liikkuvuuspakettiin, monimuotoisuuteen, uhkiin ja v\u00e4kivaltaan sek\u00e4 kaikenlaisen sukupuoleen, ik\u00e4\u00e4n, seksuaaliseen suuntautumiseen, etniseen alkuper\u00e4\u00e4n, uskontoon, uskoon ja kulttuuritaustaan perustuvan kielteisen syrjinn\u00e4n ehk\u00e4isemiseen. Jaostoon kuuluu lis\u00e4ksi erillinen taksity\u00f6ryhm\u00e4.\u00a0<\/p>\n<p>&nbsp;<\/p>\n<p>[\/et_pb_text][\/et_pb_column][et_pb_column type=&#8221;1_2&#8243; _builder_version=&#8221;4.6.5&#8243; _module_preset=&#8221;default&#8221; global_colors_info=&#8221;{}&#8221;][et_pb_image src=&#8221;https:\/\/www.nordictransport.org\/wp-content\/uploads\/2020\/12\/KP-scaled.jpg&#8221; title_text=&#8221;Linja-autot liikenteess\u00e4&#8221; _builder_version=&#8221;4.8.2&#8243; _module_preset=&#8221;default&#8221; width=&#8221;85%&#8221; global_colors_info=&#8221;{}&#8221;][\/et_pb_image][\/et_pb_column][\/et_pb_row][et_pb_row column_structure=&#8221;1_2,1_2&#8243; _builder_version=&#8221;4.6.5&#8243; _module_preset=&#8221;default&#8221; custom_padding=&#8221;5px|||||&#8221; global_colors_info=&#8221;{}&#8221;][et_pb_column type=&#8221;1_2&#8243; _builder_version=&#8221;4.6.5&#8243; _module_preset=&#8221;default&#8221; global_colors_info=&#8221;{}&#8221;][et_pb_image src=&#8221;https:\/\/www.nordictransport.org\/wp-content\/uploads\/2020\/12\/Sjo-scaled.jpg&#8221; title_text=&#8221;J\u00e4\u00e4nmurtaja Antarctica&#8221; _builder_version=&#8221;4.8.2&#8243; _module_preset=&#8221;default&#8221; width=&#8221;85%&#8221; global_colors_info=&#8221;{}&#8221;][\/et_pb_image][\/et_pb_column][et_pb_column type=&#8221;1_2&#8243; _builder_version=&#8221;4.6.5&#8243; _module_preset=&#8221;default&#8221; global_colors_info=&#8221;{}&#8221;][et_pb_text _builder_version=&#8221;4.8.2&#8243; _module_preset=&#8221;default&#8221; width=&#8221;85%&#8221; global_colors_info=&#8221;{}&#8221;]<\/p>\n<h3>Merenkulku ja kalastus<\/h3>\n<p>Edustaa merikapteeneita, koneistamisp\u00e4\u00e4llik\u00f6it\u00e4, p\u00e4\u00e4llyst\u00f6\u00f6n kuuluvia j\u00e4seni\u00e4, teknisesti koulutettuja upseereita, pursimiehi\u00e4, miehist\u00f6\u00e4, merimiehi\u00e4, konemiehi\u00e4 sek\u00e4 ammattikalastajia.<\/p>\n<p>Jaoston teht\u00e4viin on l\u00e4hivuosina kuulunut mukavuuslippulaivojen (FOC) ja mukavuuslippusatamien (POC) vastainen kampanja, ITF:n lastin sidontaan (lashing) liittyv\u00e4 kampanja sek\u00e4 Ateenan politiikan noudattamisen valvominen It\u00e4meren alueella.<\/p>\n<p>[\/et_pb_text][\/et_pb_column][\/et_pb_row][et_pb_row column_structure=&#8221;1_2,1_2&#8243; _builder_version=&#8221;4.6.5&#8243; _module_preset=&#8221;default&#8221; custom_padding=&#8221;5px|||||&#8221; global_colors_info=&#8221;{}&#8221;][et_pb_column type=&#8221;1_2&#8243; _builder_version=&#8221;4.6.5&#8243; _module_preset=&#8221;default&#8221; global_colors_info=&#8221;{}&#8221;][et_pb_text _builder_version=&#8221;4.8.2&#8243; _module_preset=&#8221;default&#8221; width=&#8221;85%&#8221; global_colors_info=&#8221;{}&#8221;]<\/p>\n<h3>Huolinta ja varastot<\/h3>\n<p>Edustaa varasto- ja terminaality\u00f6ntekij\u00f6it\u00e4 sek\u00e4 toimihenkil\u00f6it\u00e4.<\/p>\n<p>Jaoston keskittyy ensisijaisesti huolinta- ja varastointialan digitalisaatioon ja automaatioon sek\u00e4 verkkoj\u00e4ttien tuloon Pohjoismaisille markkinoille. Jaostossa k\u00e4sitell\u00e4\u00e4n my\u00f6s koulutukseen ja kokemusten vaihtoon sek\u00e4 ty\u00f6ehtosopimuksiin liittyvi\u00e4 kysymyksi\u00e4 sek\u00e4 pohditaan ammattiliittojen v\u00e4lisen yhteisty\u00f6n kasvattamista Pohjoismaissa.<\/p>\n<p>[\/et_pb_text][\/et_pb_column][et_pb_column type=&#8221;1_2&#8243; _builder_version=&#8221;4.6.5&#8243; _module_preset=&#8221;default&#8221; global_colors_info=&#8221;{}&#8221;][et_pb_image src=&#8221;https:\/\/www.nordictransport.org\/wp-content\/uploads\/2020\/12\/KontaktaOss-scaled.jpg&#8221; title_text=&#8221;Moderni varasto&#8221; _builder_version=&#8221;4.8.2&#8243; _module_preset=&#8221;default&#8221; width=&#8221;85%&#8221; global_colors_info=&#8221;{}&#8221;][\/et_pb_image][\/et_pb_column][\/et_pb_row][et_pb_row column_structure=&#8221;1_2,1_2&#8243; _builder_version=&#8221;4.6.5&#8243; _module_preset=&#8221;default&#8221; custom_padding=&#8221;6px|||0px||&#8221; global_colors_info=&#8221;{}&#8221;][et_pb_column type=&#8221;1_2&#8243; _builder_version=&#8221;4.6.5&#8243; _module_preset=&#8221;default&#8221; global_colors_info=&#8221;{}&#8221;][et_pb_image src=&#8221;https:\/\/www.nordictransport.org\/wp-content\/uploads\/2021\/05\/iStock-536015693-scaled.jpg&#8221; title_text=&#8221;Ryhm\u00e4 naisia seminaarissa&#8221; _builder_version=&#8221;4.9.4&#8243; _module_preset=&#8221;default&#8221; width=&#8221;85%&#8221; global_colors_info=&#8221;{}&#8221;][\/et_pb_image][\/et_pb_column][et_pb_column type=&#8221;1_2&#8243; _builder_version=&#8221;4.6.5&#8243; _module_preset=&#8221;default&#8221; global_colors_info=&#8221;{}&#8221;][et_pb_text _builder_version=&#8221;4.10.1&#8243; _module_preset=&#8221;default&#8221; width=&#8221;85%&#8221; global_colors_info=&#8221;{}&#8221;]<\/p>\n<h3>Naisten konferenssi<\/h3>\n<p>Yksi NTF:n teht\u00e4vist\u00e4 on j\u00e4rjest\u00e4\u00e4 vuosittain naisten konferenssi, jossa keskustellaan naisiin, ty\u00f6markkinoihin ja kansainv\u00e4liseen yhteisty\u00f6h\u00f6n liittyvist\u00e4 kysymyksist\u00e4. Syyn\u00e4 t\u00e4h\u00e4n on se, ett\u00e4 pohjoismaiset ammattiliitot ovat ty\u00f6skennelleet kautta historian tasa-arvon sek\u00e4 j\u00e4rjest\u00f6jen ja yhteiskunnan tasa-arvoisen vaikutusvallan puolesta.<\/p>\n<p>NTF:n naisten konferenssi koordinoi pohjoismaisten ehdokkaiden priorisointia ja nimitt\u00e4mist\u00e4 eurooppalaisiin ja kansainv\u00e4lisiin naiskomiteoihin.<\/p>\n<p>[\/et_pb_text][\/et_pb_column][\/et_pb_row][\/et_pb_section]<\/p>\n","protected":false},"excerpt":{"rendered":"<p>Organisaatio ja toiminta NTF:n korkein elin on viiden vuoden v\u00e4lein kokoontuva kongressi. Kongressi p\u00e4\u00e4tt\u00e4\u00e4 muun muassa toiminnan suuntaviivoista, s\u00e4\u00e4nn\u00f6ist\u00e4 ja j\u00e4senmaksuista sek\u00e4 nimitt\u00e4\u00e4 johdon. Kongressin kokousten v\u00e4lisen\u00e4 aikana ty\u00f6t\u00e4 johtaa hallitus, joka koostuu 13 j\u00e4senest\u00e4. Seitsem\u00e4n eri jaostoa ovat t\u00e4rke\u00e4 osa NTF:n toimintaa. Jaostot vastaavat omaan toimialaansa liittyv\u00e4st\u00e4 toiminnasta. Kunkin kongressin yhteydess\u00e4 kukin jaosto valitsee [&hellip;]<\/p>\n","protected":false},"author":1,"featured_media":0,"parent":0,"menu_order":1,"comment_status":"closed","ping_status":"closed","template":"","meta":{"_et_pb_use_builder":"on","_et_pb_old_content":"","_et_gb_content_width":""},"_links":{"self":[{"href":"https:\/\/www.nordictransport.org\/fi\/wp-json\/wp\/v2\/pages\/1659"}],"collection":[{"href":"https:\/\/www.nordictransport.org\/fi\/wp-json\/wp\/v2\/pages"}],"about":[{"href":"https:\/\/www.nordictransport.org\/fi\/wp-json\/wp\/v2\/types\/page"}],"author":[{"embeddable":true,"href":"https:\/\/www.nordictransport.org\/fi\/wp-json\/wp\/v2\/users\/1"}],"replies":[{"embeddable":true,"href":"https:\/\/www.nordictransport.org\/fi\/wp-json\/wp\/v2\/comments?post=1659"}],"version-history":[{"count":17,"href":"https:\/\/www.nordictransport.org\/fi\/wp-json\/wp\/v2\/pages\/1659\/revisions"}],"predecessor-version":[{"id":2589,"href":"https:\/\/www.nordictransport.org\/fi\/wp-json\/wp\/v2\/pages\/1659\/revisions\/2589"}],"wp:attachment":[{"href":"https:\/\/www.nordictransport.org\/fi\/wp-json\/wp\/v2\/media?parent=1659"}],"curies":[{"name":"wp","href":"https:\/\/api.w.org\/{rel}","templated":true}]}}