{"id":1665,"date":"2021-08-25T15:38:10","date_gmt":"2021-08-25T13:38:10","guid":{"rendered":"https:\/\/www.nordictransport.org\/integritetspolicy\/"},"modified":"2022-11-16T11:53:07","modified_gmt":"2022-11-16T09:53:07","slug":"integritetspolicy","status":"publish","type":"page","link":"https:\/\/www.nordictransport.org\/fi\/integritetspolicy\/","title":{"rendered":"integritetspolicy"},"content":{"rendered":"<p>[et_pb_section fb_built=&#8221;1&#8243; fullwidth=&#8221;on&#8221; admin_label=&#8221;Hero Section&#8221; _builder_version=&#8221;4.9.4&#8243; background_image=&#8221;https:\/\/www.nordictransport.org\/wp-content\/uploads\/2021\/05\/iStock-1182485588-scaled.jpg&#8221; global_colors_info=&#8221;{}&#8221;][et_pb_fullwidth_header title=&#8221;V\u00e5r integritetspolicy&#8221; text_orientation=&#8221;center&#8221; header_fullscreen=&#8221;on&#8221; background_overlay_color=&#8221;rgba(0,0,0,0.5)&#8221; title_font_color=&#8221;#ffffff&#8221; subhead_font_color=&#8221;#ffffff&#8221; title_tablet=&#8221;V\u00e5r Integritets- policy&#8221; title_phone=&#8221;V\u00e5r Integritets- policy&#8221; title_last_edited=&#8221;on|tablet&#8221; _builder_version=&#8221;4.9.4&#8243; title_font=&#8221;Nunito||||||||&#8221; title_text_color=&#8221;#ffffff&#8221; title_font_size=&#8221;80px&#8221; content_font=&#8221;||||||||&#8221; subhead_font=&#8221;Open Sans||||||||&#8221; subhead_text_color=&#8221;#ffffff&#8221; subhead_font_size=&#8221;24px&#8221; subhead_line_height=&#8221;1.6em&#8221; background_color=&#8221;rgba(255, 255, 255, 0)&#8221; background_enable_image=&#8221;off&#8221; custom_button_one=&#8221;on&#8221; button_one_text_size=&#8221;14px&#8221; button_one_text_color=&#8221;#ffffff&#8221; button_one_bg_color=&#8221;#0099e5&#8243; button_one_border_width=&#8221;12px&#8221; button_one_border_color=&#8221;#0099e5&#8243; button_one_border_radius=&#8221;0px&#8221; button_one_letter_spacing=&#8221;2px&#8221; button_one_font=&#8221;Nunito|700||on|||||&#8221; button_one_use_icon=&#8221;off&#8221; background_layout=&#8221;light&#8221; animation_style=&#8221;fade&#8221; title_font_size_tablet=&#8221;&#8221; title_font_size_phone=&#8221;48px&#8221; title_font_size_last_edited=&#8221;on|phone&#8221; subhead_font_size_tablet=&#8221;&#8221; subhead_font_size_phone=&#8221;&#8221; subhead_font_size_last_edited=&#8221;on|phone&#8221; button_one_text_color_hover=&#8221;#ffffff&#8221; button_one_border_color_hover=&#8221;#0099e5&#8243; button_one_border_radius_hover=&#8221;0px&#8221; button_one_letter_spacing_hover=&#8221;2px&#8221; button_one_bg_color_hover=&#8221;#0099e5&#8243; global_colors_info=&#8221;{}&#8221; button_one_text_size__hover_enabled=&#8221;off&#8221; button_two_text_size__hover_enabled=&#8221;off&#8221; button_one_text_color__hover_enabled=&#8221;on&#8221; button_one_text_color__hover=&#8221;#ffffff&#8221; button_two_text_color__hover_enabled=&#8221;off&#8221; button_one_border_width__hover_enabled=&#8221;off&#8221; button_two_border_width__hover_enabled=&#8221;off&#8221; button_one_border_color__hover_enabled=&#8221;on&#8221; button_one_border_color__hover=&#8221;#0099e5&#8243; button_two_border_color__hover_enabled=&#8221;off&#8221; button_one_border_radius__hover_enabled=&#8221;on&#8221; button_one_border_radius__hover=&#8221;0px&#8221; button_two_border_radius__hover_enabled=&#8221;off&#8221; button_one_letter_spacing__hover_enabled=&#8221;on&#8221; button_one_letter_spacing__hover=&#8221;2px&#8221; button_two_letter_spacing__hover_enabled=&#8221;off&#8221; button_one_bg_color__hover_enabled=&#8221;on&#8221; button_one_bg_color__hover=&#8221;#0099e5&#8243; button_two_bg_color__hover_enabled=&#8221;off&#8221;][\/et_pb_fullwidth_header][\/et_pb_section][et_pb_section fb_built=&#8221;1&#8243; admin_label=&#8221;Our Story Section&#8221; _builder_version=&#8221;3.22&#8243; custom_padding=&#8221;5px||110px|||&#8221; global_colors_info=&#8221;{}&#8221;][et_pb_row admin_label=&#8221;Title Area&#8221; _builder_version=&#8221;3.25&#8243; custom_padding=&#8221;43px|0px|27px|0px||&#8221; global_colors_info=&#8221;{}&#8221;][et_pb_column type=&#8221;4_4&#8243; _builder_version=&#8221;3.25&#8243; custom_padding=&#8221;|||&#8221; global_colors_info=&#8221;{}&#8221; custom_padding__hover=&#8221;|||&#8221;][et_pb_text admin_label=&#8221;Title&#8221; _builder_version=&#8221;4.9.4&#8243; text_font=&#8221;||||||||&#8221; header_font=&#8221;||||||||&#8221; header_2_font=&#8221;Nunito||||||||&#8221; header_2_text_align=&#8221;center&#8221; header_2_text_color=&#8221;#263954&#8243; header_2_font_size=&#8221;36px&#8221; header_2_line_height=&#8221;1.4em&#8221; max_width=&#8221;600px&#8221; module_alignment=&#8221;center&#8221; custom_margin=&#8221;||||false|false&#8221; custom_padding=&#8221;||7px|||&#8221; animation_style=&#8221;fold&#8221; animation_direction=&#8221;bottom&#8221; animation_intensity_fold=&#8221;20%&#8221; animation_starting_opacity=&#8221;100%&#8221; hover_enabled=&#8221;0&#8243; global_colors_info=&#8221;{}&#8221; sticky_enabled=&#8221;0&#8243;]<\/p>\n<h2 style=\"text-align: left;\">Integritetspolicy<\/h2>\n<p>F\u00f6r oss \u00e4r personlig integritet viktigt. F\u00f6r oss \u00e4r det viktigt att du kan k\u00e4nna dig trygg med hur dina personuppgifter behandlas hos oss. Vi vill d\u00e4rf\u00f6r alltid efterstr\u00e4va en h\u00f6g niv\u00e5 av skydd f\u00f6r dina personuppgifter. I denna integritetspolicy informerar vi om hur vi samlar in och anv\u00e4nder dina personuppgifter. Vi beskriver ocks\u00e5 dina r\u00e4ttigheter och hur du kan g\u00f6ra dem g\u00e4llande.<\/p>\n<p>Du \u00e4r alltid v\u00e4lkommen att kontakta oss om du har fr\u00e5gor om hur vi behandlar dina personuppgifter.<\/p>\n<h4>1. Definitioner<\/h4>\n<p>En personuppgift \u00e4r information som direkt eller indirekt kan h\u00e4nf\u00f6ras till en levande fysisk person. Exempel p\u00e5 s\u00e5dana uppgifter \u00e4r namn, personliga e-postadresser, telefonnummer och dylikt, men \u00e4ven krypterade uppgifter kan utg\u00f6ra personuppgifter om de kan kopplas till fysiska personer.<\/p>\n<p>Med behandling avses varje handling som f\u00f6retas med en personuppgift, exempelvis vid insamling, lagring, \u00e4ndring, anv\u00e4ndning eller radering.<\/p>\n<p>Med personuppgiftsansvarig avses en fysisk eller juridisk person, offentlig myndighet, institution eller annat organ som ensamt eller tillsammans med andra best\u00e4mmer \u00e4ndam\u00e5len och medlen f\u00f6r behandlingen av personuppgifter. F\u00f6r alla behandlingar som sker enligt denna policy \u00e4r Nordiska Tranportarbetarefederationen, org.nr. 802015\u20132800, c\/o TCO, Linn\u00e9gatan 14, 3 tr, 114 47 Stockholm personuppgiftsansvarig.<\/p>\n<h4>2. Vilka personuppgifter samlar vi in om dig och n\u00e4r?<\/h4>\n<p><em>Uppgifter som du sj\u00e4lv l\u00e4mnar till oss<\/em><\/p>\n<p><span style=\"font-size: 14px;\">Vi behandlar i huvudsak ditt namn, din e-postadress, ditt telefonnummer och din befattning inom omfattningen av v\u00e5r verksamhet. Ibland kan ytterligare information behandlas men bara om du sj\u00e4lv kan anses ha offentliggjort informationen. Andra personuppgifter som kan komma att behandlas r\u00f6r kontakter med oss internt eller med v\u00e5ra anst\u00e4llda. Vid olika event och seminarier uppr\u00e4ttas deltagarlistor med kontaktuppgifter, d\u00e4rut\u00f6ver behandlas \u00e4ven andra personuppgifter s\u00e5som allergier och specialkost.<\/span><\/p>\n<p><em>Uppgifter fr\u00e5n andra k\u00e4llor<\/em><\/p>\n<p><span style=\"font-size: 14px;\">Vi kan \u00e4ven komma att behandla personuppgifter som samlats in fr\u00e5n n\u00e5gon annan \u00e4n dig, exempelvis n\u00e4r en av v\u00e5ra samarbetspartners vidaref\u00f6rmedlar dina personuppgifter till oss eller n\u00e4r den organisation du arbetar p\u00e5 blir medlem kan uppgifter samlas in om personer i ledande st\u00e4llning p\u00e5 organisationen. Personuppgifter som medlemsorganisationer som vi samarbetar med l\u00e4mnar till oss \u00e4r information s\u00e5som e-postadress och telefonnummer till s\u00e4rskilda kontaktpersoner. Vi inh\u00e4mtar ocks\u00e5 uppgifter om vilken organisation kontaktpersonerna representerar samt deras yrkesgrupp och befattning.<\/span><\/p>\n<p>N\u00e4r vi samlar in personuppgifter fr\u00e5n n\u00e5gon annan \u00e4n dig handlar det om f\u00f6ljande kategorier av uppgifter:\u00a0Kontaktuppgifter: Namn, telefonnummer samt e-postadress.Uppgifter om anst\u00e4llning: yrkesgrupp och befattning.<\/p>\n<h4>3. Hur hanterar vi h\u00e4lsouppgifter<\/h4>\n<p>Personuppgifter som omfattar uppgifter om h\u00e4lsa utg\u00f6r en s\u00e4rskild kategori av personuppgifter enligt artikel 9.1 Dataskyddsf\u00f6rordningen. Uppgifter om allergier \u00e4r en s\u00e5dan personuppgift.Som samordnare av event och andra tillst\u00e4llningar \u00e4r det ett viktigt inslag i v\u00e5r verksamhet att behandla personuppgifter om dig och dina allergier. Uppgifter om din h\u00e4lsa \u00e4r s\u00e5dana s\u00e4rskilda kategorier av personuppgifter som definieras i Dataskyddsf\u00f6rordningen artikel 9. Vi behandlar dina personuppgifter med st\u00f6d av artikel 9.2 a) n\u00e4r du uttryckligen har l\u00e4mnat ditt samtycke till behandlingen av dessa personuppgifter f\u00f6r ett eller flera specifika \u00e4ndam\u00e5l.<\/p>\n<h4>4. Varf\u00f6r behandlar vi dina personuppgifter?<\/h4>\n<p>Vi behandlar dina personuppgifter i syfte att tillhandah\u00e5lla de tj\u00e4nster du har beg\u00e4rt. Vi kommer \u00e4ven behandla dina personuppgifter f\u00f6r att v\u00e5rda och administrera v\u00e5r relation med dig samt, i till\u00e4mpliga fall, f\u00f6r att administrera avtalet med dig eller med din arbetsgivare. Vi kan \u00e4ven komma att informera dig om v\u00e5ra tj\u00e4nster och annat som vi finner ligga i s\u00e5v\u00e4l ditt som v\u00e5rt intresse. Vi marknadsf\u00f6r oss genom att till din e-postadress skicka ut information om v\u00e5r verksamhet, om v\u00e5ra m\u00f6ten, evenemang och seminarier. Det kan ocks\u00e5 f\u00f6rekomma att vi skickar ut enk\u00e4ter f\u00f6r att utv\u00e4rdera v\u00e5rt arbete eller v\u00e5ra tj\u00e4nster.<\/p>\n<h4>5. Vad har vi f\u00f6r laglig grund f\u00f6r behandlingen av dina personuppgifter?<\/h4>\n<p>Vi behandlar alltid dina personuppgifter i enlighet med till\u00e4mplig lagstiftning. Vi behandlar dina personuppgifter d\u00e5 det \u00e4r n\u00f6dv\u00e4ndigt f\u00f6r att fullg\u00f6ra ett avtal med dig eller svara p\u00e5 din beg\u00e4ran om service eller d\u00e5 vi har ett annat legitimt och ber\u00e4ttigat intresse av att behandla dina personuppgifter, exempelvis ett intresse av att f\u00e5 marknadsf\u00f6ra v\u00e5ra tj\u00e4nster.\u00a0 Vi behandlar \u00e4ven dina personuppgifter n\u00e4r personuppgiftsbehandlingen \u00e4r n\u00f6dv\u00e4ndig f\u00f6r att fullg\u00f6ra en r\u00e4ttslig f\u00f6rpliktelse.<\/p>\n<p>N\u00e4r vi behandlar dina personuppgifter f\u00f6r n\u00e5got \u00e4ndam\u00e5l som kr\u00e4ver ditt samtycke kommer vi att inh\u00e4mta ditt samtycke i f\u00f6rv\u00e4g, s\u00e5som allergiuppgifter. Vissa personuppgifter kan vara obligatoriska att tillhandah\u00e5lla, exempelvis f\u00f6r att vi ska kunna tillhandah\u00e5lla en tj\u00e4nst eller fullg\u00f6ra en annan beg\u00e4ran fr\u00e5n dig. Detta kommer d\u00e5 att anges eller framg\u00e5 i samband med att uppgifterna samlas in.<\/p>\n<p><span style=\"color: #333333; font-size: 18px;\">6. Vilka kan vi komma att dela dina personuppgifter med?<\/span><\/p>\n<p><em>Personuppgiftsbitr\u00e4den<\/em><\/p>\n<p>I en del situationer \u00e4r det n\u00f6dv\u00e4ndigt f\u00f6r oss att anlita andra parter f\u00f6r att kunna utf\u00f6ra v\u00e5rt arbete. Det handlar exempelvis om att vi anv\u00e4nder oss av olika IT-leverant\u00f6rer. De \u00e4r att betrakta som personuppgiftsbitr\u00e4den till oss och vi har tecknat personuppgiftsbitr\u00e4desavtal i dessa fall. Personuppgiftsansvaret ligger kvar p\u00e5 oss som f\u00f6retag.<\/p>\n<p>Vi kontrollerar sj\u00e4lvklart alla personuppgiftsbitr\u00e4den f\u00f6r att s\u00e4kerst\u00e4lla att de kan l\u00e4mna tillr\u00e4ckliga garantier avseende s\u00e4kerheten och sekretessen f\u00f6r personuppgifter samt tecknar personuppgiftsbitr\u00e4desavtal.<\/p>\n<p>N\u00e4r personuppgiftsbitr\u00e4den anlitas sker det bara f\u00f6r de \u00e4ndam\u00e5l som \u00e4r f\u00f6renliga med de \u00e4ndam\u00e5l vi sj\u00e4lva har f\u00f6r behandlingen eftersom vi fortfarande \u00e4r personuppgiftsansvariga.<\/p>\n<p><em>Akt\u00f6rer som \u00e4r sj\u00e4lvst\u00e4ndigt personuppgiftsansvariga<\/em><\/p>\n<p>Vi delar \u00e4ven dina personuppgifter med vissa andra akt\u00f6rer som \u00e4r sj\u00e4lvst\u00e4ndigt personuppgiftsansvariga. Det kan handla om myndigheter, till exempel Skatteverket. Vissa uppgifter l\u00e4mnas \u00e4ven f\u00f6r statistiska \u00e4ndam\u00e5l.<\/p>\n<p>N\u00e4r dina personuppgifter delas med en akt\u00f6r som \u00e4r sj\u00e4lvst\u00e4ndigt personuppgiftsansvarig g\u00e4ller den organisationens integritetspolicy och personuppgiftshantering.<\/p>\n<p>Vi kan komma att anlita leverant\u00f6rer och partners att utf\u00f6ra uppgifter f\u00f6r v\u00e5r r\u00e4kning, exempelvis f\u00f6r att tillhandah\u00e5lla IT-tj\u00e4nster eller hj\u00e4lpa till med tj\u00e4nster. Utf\u00f6randet av dessa tj\u00e4nster kan inneb\u00e4ra att dessa mottagare f\u00e5r tillg\u00e5ng till dina personuppgifter.<\/p>\n<p>Vi kan i samband med kollektivavtalsf\u00f6rhandlingar och i samband med kontakt med fackf\u00f6rbund eller arbetsgivarorganisationer l\u00e4mna ut personuppgifter till dessa organisationer.<\/p>\n<p>Vi kan \u00e4ven komma att l\u00e4mna ut personuppgifter till tredje part, som exempelvis polisen eller annan myndighet, om det r\u00f6r utredning av brott eller om vi annars \u00e4r skyldiga att l\u00e4mna ut s\u00e5dan uppgift med st\u00f6d av lag eller myndighetsbeslut.<\/p>\n<p><span style=\"color: #333333; font-size: 18px;\">7. Var behandlar vi dina personuppgifter?<\/span><\/p>\n<p>Vi str\u00e4var alltid efter att dina personuppgifter ska behandlas inom EU\/EES men ibland \u00e4r det inte m\u00f6jligt.<\/p>\n<p>F\u00f6r visst IT-st\u00f6d kan uppgifterna f\u00f6ras till ett land utanf\u00f6r EU\/EES. Det g\u00e4ller till exempel om vi delar dina personuppgifter med ett personuppgiftsbitr\u00e4de som, antingen sj\u00e4lv eller genom en underleverant\u00f6r, \u00e4r etablerad eller lagrar information i ett land utanf\u00f6r EU\/EES. S\u00e5som personuppgiftsansvariga \u00e4r vi ansvariga f\u00f6r att vidta alla rimliga legala, tekniska och organisatoriska \u00e5tg\u00e4rder f\u00f6r att s\u00e4kerst\u00e4lla att skyddet f\u00f6r personuppgifter \u00e4r densamma som inom EU\/EES.<\/p>\n<p>N\u00e4r personuppgifter behandlas utanf\u00f6r EU\/EES garanteras skyddsniv\u00e5n exempelvis genom ett beslut fr\u00e5n EU-kommissionen om att landet i fr\u00e5ga s\u00e4kerst\u00e4ller en adekvat skyddsniv\u00e5 eller genom anv\u00e4ndandet av s\u00e5 kallade l\u00e4mpliga skydds\u00e5tg\u00e4rder.<\/p>\n<h4>8. Hur l\u00e4nge sparar vi dina personuppgifter?<\/h4>\n<p>Vi sparar aldrig dina personuppgifter l\u00e4ngre \u00e4n vad som \u00e4r n\u00f6dv\u00e4ndigt f\u00f6r respektive \u00e4ndam\u00e5l. Vi har utarbetat gallringsrutiner f\u00f6r att s\u00e4kerst\u00e4lla att personuppgifter inte sparas l\u00e4ngre \u00e4n vad som beh\u00f6vs f\u00f6r det specifika \u00e4ndam\u00e5let. Hur l\u00e5ng lagringstiden kan bli \u00e4r olika beroende p\u00e5 \u00e4ndam\u00e5l med behandlingen och hur l\u00e4nge uppgiften \u00e4r n\u00f6dv\u00e4ndig f\u00f6r \u00e4ndam\u00e5let. Efter det kommer vi att p\u00e5 ett s\u00e4kert s\u00e4tt gallra eller avidentifiera dina uppgifter s\u00e5 att det inte l\u00e4ngre g\u00e5r att koppla dem till dig. Vissa uppgifter i bokf\u00f6ringen beh\u00f6ver p\u00e5 grund av lagstiftning exempelvis sparas minst sju \u00e5r medan uppgifter om i deltagarlistor till evenemang och seminarium raderas s\u00e5 snart tillst\u00e4llningen \u00e4r avslutad.<\/p>\n<p>Personuppgifter som samlats in f\u00f6r marknadsf\u00f6rings\u00e4ndam\u00e5l raderas senast ett (1) \u00e5r efter insamlandet.<\/p>\n<h4>9. Kakor (cookies)<\/h4>\n<p>V\u00e5r webbplats anv\u00e4nder kakor (cookies). Vi m\u00e5ste enligt lag informera v\u00e5ra bes\u00f6kare om detta, vad kakorna anv\u00e4nds till och hur man kan v\u00e4lja bort dem. Mer information hittar du h\u00e4r (l\u00e4nk till webbplats)<\/p>\n<h4>10. Vilka \u00e4r dina r\u00e4ttigheter som registrerad?<\/h4>\n<p>Som registrerad har du enligt g\u00e4llande lagstiftning ett antal r\u00e4ttigheter. H\u00e4r listar vi dessa r\u00e4ttigheter.<\/p>\n<p><em>R\u00e4tt till registerutdrag (r\u00e4tt till tillg\u00e5ng)<\/em><\/p>\n<p>Om du vill veta vilka personuppgifter vi behandlar om just dig kan du beg\u00e4ra att f\u00e5 tillg\u00e5ng till uppgifterna. N\u00e4r du l\u00e4mnar en s\u00e5dan beg\u00e4ran kan vi komma att st\u00e4lla en del fr\u00e5gor f\u00f6r att se till att det blir en effektiv hantering av din beg\u00e4ran. Vi kommer ocks\u00e5 vidta \u00e5tg\u00e4rder f\u00f6r att s\u00e4kerst\u00e4lla att uppgifterna beg\u00e4rs av och l\u00e4mnas till r\u00e4tt person.<\/p>\n<p><em>R\u00e4tt till r\u00e4ttelse<\/em><\/p>\n<p>Om du uppt\u00e4cker att n\u00e5got \u00e4r fel har du r\u00e4tt att beg\u00e4ra att dina personuppgifter r\u00e4ttas. Du kan ocks\u00e5 komplettera eventuellt ofullst\u00e4ndiga personuppgifter. I vissa fall kan du g\u00f6ra korrigeringar sj\u00e4lv, vilket vi d\u00e5 informerar dig om.<\/p>\n<p><em>R\u00e4tt till radering<\/em><\/p>\n<p>Du kan beg\u00e4ra att vi raderar de personuppgifter vi behandlar om dig bland annat om:<\/p>\n<p>Uppgifterna inte l\u00e4ngre \u00e4r n\u00f6dv\u00e4ndiga f\u00f6r de \u00e4ndam\u00e5l som de behandlas f\u00f6r.<\/p>\n<p>Du inv\u00e4nder mot en intresseavv\u00e4gning vi gjort baserat p\u00e5 v\u00e5rt ber\u00e4ttigade intresse, d\u00e4r ditt sk\u00e4l f\u00f6r inv\u00e4ndning v\u00e4ger tyngre \u00e4n v\u00e5rt ber\u00e4ttigade intresse.<\/p>\n<p>Personuppgifterna behandlas p\u00e5 olagligt s\u00e4tt.<\/p>\n<p>Personuppgifterna har samlats in om ett barn (under 13 \u00e5r) som du har f\u00f6r\u00e4ldraansvaret f\u00f6r<\/p>\n<p>Om uppgiften inh\u00e4mtats med st\u00f6d av ditt samtycke och du vill \u00e5terkalla ditt samtycke<\/p>\n<p>Vi kan dock ha r\u00e4tt att neka din beg\u00e4ran om det finns legala skyldigheter som hindrar oss fr\u00e5n att omedelbart radera vissa personuppgifter. Det kan ocks\u00e5 vara s\u00e5 att behandlingen \u00e4r n\u00f6dv\u00e4ndig f\u00f6r att vi ska kunna fastst\u00e4lla, g\u00f6ra g\u00e4llande eller f\u00f6rsvara r\u00e4ttsliga anspr\u00e5k.<\/p>\n<p><em>R\u00e4tt till begr\u00e4nsning<\/em><\/p>\n<p>Du har r\u00e4tt att beg\u00e4ra att v\u00e5r behandling av dina personuppgifter begr\u00e4nsas. Om du exempelvis beg\u00e4r r\u00e4ttelse eftersom du anser att personuppgifterna vi behandlar \u00e4r felaktiga kan du beg\u00e4ra en begr\u00e4nsad behandling under den tid vi beh\u00f6ver f\u00f6r att kontrollera huruvida personuppgifterna \u00e4r korrekta.<\/p>\n<p>Om, och n\u00e4r, vi inte l\u00e4ngre beh\u00f6ver dina personuppgifter f\u00f6r de fastst\u00e4llda \u00e4ndam\u00e5len \u00e4r v\u00e5r rutin normalt att uppgifterna raderas. Om du beh\u00f6ver personuppgifterna f\u00f6r att kunna fastst\u00e4lla, g\u00f6ra g\u00e4llande eller f\u00f6rsvara r\u00e4ttsliga anspr\u00e5k, kan du beg\u00e4ra begr\u00e4nsad behandling av uppgifterna hos oss. Det inneb\u00e4r att du kan beg\u00e4ra att vi inte rensar och raderar dina uppgifter.<\/p>\n<p>Om du har gjort en inv\u00e4ndning mot personuppgiftsbehandling vi g\u00f6r med st\u00f6d av en intresseavv\u00e4gning som r\u00e4ttslig grund kan du beg\u00e4ra begr\u00e4nsad behandling under den tid vi beh\u00f6ver f\u00f6r att kontrollera huruvida v\u00e5ra ber\u00e4ttigade intressen v\u00e4ger tyngre \u00e4n dina intressen av att f\u00e5 uppgifterna raderade.<\/p>\n<p>Om behandlingen har begr\u00e4nsats enligt n\u00e5gon av situationerna ovan f\u00e5r vi bara, ut\u00f6ver sj\u00e4lva lagringen, behandla uppgifterna f\u00f6r att fastst\u00e4lla, g\u00f6ra g\u00e4llande eller f\u00f6rsvara r\u00e4ttsliga anspr\u00e5k, f\u00f6r att skydda n\u00e5gon annans r\u00e4ttigheter eller ifall du har l\u00e4mnat ditt samtycke.<\/p>\n<p><em>R\u00e4tt att g\u00f6ra inv\u00e4ndningar mot viss typ av behandling<\/em><\/p>\n<p>Du har alltid en r\u00e4tt att inv\u00e4nda mot all behandling av personuppgifter som bygger p\u00e5 en intresseavv\u00e4gning. Du har ocks\u00e5 alltid r\u00e4tt att slippa direktmarknadsf\u00f6ring.<\/p>\n<p><em>R\u00e4tt till dataportabilitet<\/em><\/p>\n<p>Du har som registrerad r\u00e4tt till dataportabilitet (\u00f6verf\u00f6ring av personuppgifter) om v\u00e5r r\u00e4tt att behandla dina personuppgifter grundar sig antingen p\u00e5 ditt samtycke eller fullg\u00f6rande av ett avtal med dig. En f\u00f6ruts\u00e4ttning f\u00f6r dataportabilitet \u00e4r att \u00f6verf\u00f6ringen \u00e4r tekniskt m\u00f6jlig och kan ske automatiserat.<\/p>\n<p><em>Hantera dina r\u00e4ttigheter<\/em><\/p>\n<p>Ans\u00f6kan om registerutdrag eller om du vill \u00e5beropa n\u00e5gon av dina andra r\u00e4ttigheter ska vara skriftligt och egenh\u00e4ndigt undertecknad av den utdraget avser. Vi kommer besvara dina \u00f6nskem\u00e5l utan on\u00f6digt dr\u00f6jsm\u00e5l och senast inom 30 dagar. Maila till v\u00e5r e-postadress nedan. Mailet ska i m\u00f6jligaste m\u00e5n skickas fr\u00e5n den e-postadress du \u00e4r registrerad med hos oss.<\/p>\n<h4>11. Hur skyddas dina personuppgifter?<\/h4>\n<p>Vi arbetar aktivt f\u00f6r att s\u00e4kerst\u00e4lla att personuppgifter hanteras p\u00e5 ett s\u00e4kert s\u00e4tt. Det g\u00e4ller s\u00e5v\u00e4l genom tekniska som organisatoriska skydds\u00e5tg\u00e4rder. S\u00e5dana \u00e5tg\u00e4rder \u00e4r exempelvis \u00e5tkomstbegr\u00e4nsning genom nyckelkort, l\u00f6senordsskydd, kassask\u00e5p, brandv\u00e4ggar och kryptering. V\u00e5r webbsida har \u00e4ven HTTPS-skydd som st\u00e5r f\u00f6r HyperText Transfer Protocol Secure och ser till att bes\u00f6kare har en s\u00e4ker uppkoppling till v\u00e5r hemsida. Ett s\u00e5dant skydd krypterar uppkopplingen mellan anv\u00e4ndare och hemsideservern. En krypterad \u00f6verf\u00f6ring av information betyder att l\u00f6senord och andra viktiga data \u00e4r skyddade och f\u00f6rblir privata.<\/p>\n<h4>12. Tillsynsmyndighet<\/h4>\n<p>Integritetsskyddsmyndigheten \u00e4r ansvarig myndighet f\u00f6r att \u00f6vervaka till\u00e4mpningen av lagstiftningen kring dataskydd och integritet. Om du anser att vi agerar felaktigt kan du kontakta Integritetsskyddsmyndigheten, se <a href=\"https:\/\/www.imy.se.\u00a0\">https:\/\/www.imy.se.\u00a0<\/a><\/p>\n<h4>13. V\u00e5ra kontaktuppgifter<\/h4>\n<p>Kontakta oss vid fr\u00e5gor om hur vi behandlar personuppgifter. Om du har fr\u00e5gor om hur vi behandlar personuppgifter eller har en beg\u00e4ran i enlighet med ovan r\u00e4ttigheter \u00e4r du alltid v\u00e4lkommen att kontakta enligt nedan:<\/p>\n<p>Kontaktuppgifter<\/p>\n<p style=\"margin: 0cm;\">Nordiska Transportarbetarefederationen<o:p><\/o:p><\/p>\n<p style=\"margin: 0cm;\">c\/o TCO, Linn\u00e9gatan 14, 3 tr<o:p><\/o:p><\/p>\n<p style=\"margin: 0cm;\">114 47 Stockholm<\/p>\n<p style=\"margin: 0cm;\">E-post: ntf(at)nordictransport.org<o:p><\/o:p><\/p>\n<p style=\"margin: 0cm;\">Tfn: 070 633 2031<o:p><\/o:p><\/p>\n<p>[\/et_pb_text][et_pb_divider color=&#8221;#0099e5&#8243; divider_position=&#8221;center&#8221; divider_weight=&#8221;2px&#8221; _builder_version=&#8221;3.2&#8243; max_width=&#8221;50px&#8221; module_alignment=&#8221;center&#8221; global_colors_info=&#8221;{}&#8221;][\/et_pb_divider][\/et_pb_column][\/et_pb_row][et_pb_row admin_label=&#8221;Text Area&#8221; _builder_version=&#8221;3.25&#8243; global_colors_info=&#8221;{}&#8221;][et_pb_column type=&#8221;4_4&#8243; _builder_version=&#8221;3.25&#8243; custom_padding=&#8221;|||&#8221; global_colors_info=&#8221;{}&#8221; custom_padding__hover=&#8221;|||&#8221;][et_pb_divider _builder_version=&#8221;4.6.5&#8243; _module_preset=&#8221;default&#8221; global_colors_info=&#8221;{}&#8221;][\/et_pb_divider][\/et_pb_column][\/et_pb_row][\/et_pb_section]<\/p>\n","protected":false},"excerpt":{"rendered":"<p>Integritetspolicy F\u00f6r oss \u00e4r personlig integritet viktigt. F\u00f6r oss \u00e4r det viktigt att du kan k\u00e4nna dig trygg med hur dina personuppgifter behandlas hos oss. Vi vill d\u00e4rf\u00f6r alltid efterstr\u00e4va en h\u00f6g niv\u00e5 av skydd f\u00f6r dina personuppgifter. I denna integritetspolicy informerar vi om hur vi samlar in och anv\u00e4nder dina personuppgifter. Vi beskriver ocks\u00e5 [&hellip;]<\/p>\n","protected":false},"author":1,"featured_media":0,"parent":0,"menu_order":0,"comment_status":"closed","ping_status":"closed","template":"","meta":{"_et_pb_use_builder":"on","_et_pb_old_content":"","_et_gb_content_width":""},"_links":{"self":[{"href":"https:\/\/www.nordictransport.org\/fi\/wp-json\/wp\/v2\/pages\/1665"}],"collection":[{"href":"https:\/\/www.nordictransport.org\/fi\/wp-json\/wp\/v2\/pages"}],"about":[{"href":"https:\/\/www.nordictransport.org\/fi\/wp-json\/wp\/v2\/types\/page"}],"author":[{"embeddable":true,"href":"https:\/\/www.nordictransport.org\/fi\/wp-json\/wp\/v2\/users\/1"}],"replies":[{"embeddable":true,"href":"https:\/\/www.nordictransport.org\/fi\/wp-json\/wp\/v2\/comments?post=1665"}],"version-history":[{"count":4,"href":"https:\/\/www.nordictransport.org\/fi\/wp-json\/wp\/v2\/pages\/1665\/revisions"}],"predecessor-version":[{"id":2482,"href":"https:\/\/www.nordictransport.org\/fi\/wp-json\/wp\/v2\/pages\/1665\/revisions\/2482"}],"wp:attachment":[{"href":"https:\/\/www.nordictransport.org\/fi\/wp-json\/wp\/v2\/media?parent=1665"}],"curies":[{"name":"wp","href":"https:\/\/api.w.org\/{rel}","templated":true}]}}