{"id":1668,"date":"2021-08-25T15:54:30","date_gmt":"2021-08-25T13:54:30","guid":{"rendered":"https:\/\/www.nordictransport.org\/valitut-edustajat\/"},"modified":"2026-03-17T10:25:19","modified_gmt":"2026-03-17T08:25:19","slug":"valitut-edustajat","status":"publish","type":"page","link":"https:\/\/www.nordictransport.org\/fi\/valitut-edustajat\/","title":{"rendered":"Valitut edustajat"},"content":{"rendered":"<p>[et_pb_section fb_built=&#8221;1&#8243; fullwidth=&#8221;on&#8221; admin_label=&#8221;Hero Section&#8221; _builder_version=&#8221;4.8.2&#8243; background_image=&#8221;https:\/\/www.nordictransport.org\/wp-content\/uploads\/2020\/12\/NTFbild3-scaled.jpg&#8221; global_colors_info=&#8221;{}&#8221;][et_pb_fullwidth_header title=&#8221;Valitut edustajat&#8221; header_fullscreen=&#8221;on&#8221; background_overlay_color=&#8221;rgba(0,0,0,0.5)&#8221; title_font_color=&#8221;#ffffff&#8221; subhead_font_color=&#8221;#ffffff&#8221; _builder_version=&#8221;4.8.2&#8243; title_font=&#8221;Nunito||||||||&#8221; title_text_align=&#8221;center&#8221; title_text_color=&#8221;#ffffff&#8221; title_font_size=&#8221;80px&#8221; content_font=&#8221;||||||||&#8221; subhead_font=&#8221;Open Sans||||||||&#8221; subhead_text_color=&#8221;#ffffff&#8221; subhead_font_size=&#8221;24px&#8221; subhead_line_height=&#8221;1.6em&#8221; background_color=&#8221;RGBA(0,0,0,0)&#8221; background_enable_image=&#8221;off&#8221; custom_button_one=&#8221;on&#8221; button_one_text_size=&#8221;14px&#8221; button_one_text_color=&#8221;#ffffff&#8221; button_one_bg_color=&#8221;#0099e5&#8243; button_one_border_width=&#8221;12px&#8221; button_one_border_color=&#8221;#0099e5&#8243; button_one_border_radius=&#8221;0px&#8221; button_one_letter_spacing=&#8221;2px&#8221; button_one_font=&#8221;Nunito|700||on|||||&#8221; button_one_use_icon=&#8221;off&#8221; background_layout=&#8221;light&#8221; animation_style=&#8221;fade&#8221; title_font_size_tablet=&#8221;&#8221; title_font_size_phone=&#8221;41px&#8221; title_font_size_last_edited=&#8221;on|phone&#8221; subhead_font_size_tablet=&#8221;&#8221; subhead_font_size_phone=&#8221;&#8221; subhead_font_size_last_edited=&#8221;on|phone&#8221; button_one_text_color_hover=&#8221;#ffffff&#8221; button_one_border_color_hover=&#8221;#0099e5&#8243; button_one_border_radius_hover=&#8221;0px&#8221; button_one_letter_spacing_hover=&#8221;2px&#8221; button_one_bg_color_hover=&#8221;#0099e5&#8243; global_colors_info=&#8221;{}&#8221; button_one_text_size__hover_enabled=&#8221;off&#8221; button_two_text_size__hover_enabled=&#8221;off&#8221; button_one_text_color__hover_enabled=&#8221;on&#8221; button_one_text_color__hover=&#8221;#ffffff&#8221; button_two_text_color__hover_enabled=&#8221;off&#8221; button_one_border_width__hover_enabled=&#8221;off&#8221; button_two_border_width__hover_enabled=&#8221;off&#8221; button_one_border_color__hover_enabled=&#8221;on&#8221; button_one_border_color__hover=&#8221;#0099e5&#8243; button_two_border_color__hover_enabled=&#8221;off&#8221; button_one_border_radius__hover_enabled=&#8221;on&#8221; button_one_border_radius__hover=&#8221;0px&#8221; button_two_border_radius__hover_enabled=&#8221;off&#8221; button_one_letter_spacing__hover_enabled=&#8221;on&#8221; button_one_letter_spacing__hover=&#8221;2px&#8221; button_two_letter_spacing__hover_enabled=&#8221;off&#8221; button_one_bg_color__hover_enabled=&#8221;on&#8221; button_one_bg_color__hover=&#8221;#0099e5&#8243; button_two_bg_color__hover_enabled=&#8221;off&#8221;][\/et_pb_fullwidth_header][\/et_pb_section][et_pb_section fb_built=&#8221;1&#8243; _builder_version=&#8221;4.8.2&#8243; _module_preset=&#8221;default&#8221; custom_padding=&#8221;4px||4px|||&#8221; global_colors_info=&#8221;{}&#8221;][et_pb_row _builder_version=&#8221;4.8.2&#8243; _module_preset=&#8221;default&#8221; custom_padding=&#8221;39px||12px|||&#8221; global_colors_info=&#8221;{}&#8221;][et_pb_column type=&#8221;4_4&#8243; _builder_version=&#8221;4.8.2&#8243; _module_preset=&#8221;default&#8221; global_colors_info=&#8221;{}&#8221;][et_pb_text _builder_version=&#8221;4.9.4&#8243; _module_preset=&#8221;default&#8221; global_colors_info=&#8221;{}&#8221;]<\/p>\n<h2>Valitut edustajat sek\u00e4 tarkastajat<\/h2>\n<p>NTF:n korkein elin on viiden vuoden v\u00e4lein kokoontuva kongressi. Kongressi k\u00e4sittelee muun muassa toimintakertomuksia ja vuosikertomuksia, j\u00e4tt\u00e4\u00e4 esityksi\u00e4 ja p\u00e4\u00e4tt\u00e4\u00e4 j\u00e4senmaksuista. Kongressi valitsee liiton puheenjohtajan, varapuheenjohtajan sek\u00e4 11 j\u00e4sent\u00e4 hallitukseen.<\/p>\n<p>Kongressikauden aikana hallitus on NTF:n korkein p\u00e4\u00e4t\u00f6ksentekoelin. Hallitus nimitt\u00e4\u00e4 ty\u00f6valiokunnan, joka koostuu nelj\u00e4st\u00e4 eri maista tulevista hallituksen j\u00e4senist\u00e4.<\/p>\n<p>Seitsem\u00e4n eri jaostoa ovat t\u00e4rke\u00e4 osa liiton toimintaa. Jaostot vastaavat omaan toimialaansa liittyv\u00e4st\u00e4 toiminnasta. Kunkin kongressin yhteydess\u00e4 kukin jaosto valitsee ty\u00f6valiokuntansa.<\/p>\n<p>[\/et_pb_text][\/et_pb_column][\/et_pb_row][et_pb_row _builder_version=&#8221;4.8.2&#8243; _module_preset=&#8221;default&#8221; custom_padding=&#8221;19px||1px|||&#8221; global_colors_info=&#8221;{}&#8221;][et_pb_column type=&#8221;4_4&#8243; _builder_version=&#8221;4.8.2&#8243; _module_preset=&#8221;default&#8221; global_colors_info=&#8221;{}&#8221;]<\/p>\n<p>[et_pb_divider _builder_version=&#8221;4.8.2&#8243; _module_preset=&#8221;default&#8221; global_colors_info=&#8221;{}&#8221;][\/et_pb_divider]<\/p>\n<p>[\/et_pb_column][\/et_pb_row][\/et_pb_section][et_pb_section fb_built=&#8221;1&#8243; admin_label=&#8221;Category Search Section&#8221; _builder_version=&#8221;4.11.2&#8243; custom_padding=&#8221;9px||29px|||&#8221; global_colors_info=&#8221;{}&#8221;][et_pb_row column_structure=&#8221;1_2,1_2&#8243; _builder_version=&#8221;4.11.2&#8243; _module_preset=&#8221;default&#8221; global_colors_info=&#8221;{}&#8221;][et_pb_column type=&#8221;1_2&#8243; _builder_version=&#8221;4.11.2&#8243; _module_preset=&#8221;default&#8221; global_colors_info=&#8221;{}&#8221;][et_pb_text _builder_version=&#8221;4.11.2&#8243; _module_preset=&#8221;default&#8221; hover_enabled=&#8221;0&#8243; global_colors_info=&#8221;{}&#8221; sticky_enabled=&#8221;0&#8243;]<\/p>\n<h2><strong>Hallitus<\/strong><\/h2>\n<p><strong>Ismo Kokko<\/strong>, AKT, Suomi (puheenjohtaja)<\/p>\n<p><strong>Jahn Cato Bakken<\/strong>, Norsk Sj\u00f8mannsforbund, Norja (varapuheenjohtaja)<\/p>\n<p><strong>Flemming Overgaard<\/strong>, 3F Transport, Tanska (ty\u00f6valiokunta)<\/p>\n<p><strong>Tommy Wreeth<\/strong>, Transportarbetaref\u00f6rbundet, Ruotsi (ty\u00f6valiokunta)<\/p>\n<p><strong>Joachim Alatalo<\/strong>, SMU, Suomi<\/p>\n<p><strong>Robert Darelius<\/strong>, Kommunal, Ruotsi<\/p>\n<p><strong>Gitte Geertsen<\/strong>, HK Privat, Tanska<\/p>\n<p><strong>Sigr\u00fan J\u00f3nsd\u00f3ttir<\/strong>, FFI, Islanti<\/p>\n<p><strong>Teppo J\u00e4rnstedt<\/strong>, JHL, Suomi<\/p>\n<p><strong>Hans Lindau<\/strong>, Unionen, Ruotsi<\/p>\n<p><strong>Johan Lindholm<\/strong>, Seko, Ruotsi<\/p>\n<p><strong>Kasper Palm<\/strong>, Dansk Metal, Tanska<\/p>\n<p><strong>Terje Samuelsen<\/strong>, Fellesforbundet, Norja<\/p>\n<p>Sovittu tarkkailija:<\/p>\n<p><strong>Torfinn H\u00e5verstad<\/strong>, NJF, Norja<\/p>\n<p>&nbsp;<\/p>\n<p>&nbsp;<\/p>\n<p>[\/et_pb_text][\/et_pb_column][et_pb_column type=&#8221;1_2&#8243; _builder_version=&#8221;4.11.2&#8243; _module_preset=&#8221;default&#8221; global_colors_info=&#8221;{}&#8221;][et_pb_image src=&#8221;https:\/\/www.nordictransport.org\/wp-content\/uploads\/2020\/12\/Gods-scaled.jpg&#8221; title_text=&#8221;winding roads at faroe islands&#8221; _builder_version=&#8221;4.11.2&#8243; _module_preset=&#8221;default&#8221; global_colors_info=&#8221;{}&#8221;][\/et_pb_image][\/et_pb_column][\/et_pb_row][et_pb_row column_structure=&#8221;1_2,1_2&#8243; _builder_version=&#8221;4.11.2&#8243; _module_preset=&#8221;default&#8221; custom_padding=&#8221;||0px|||&#8221; global_colors_info=&#8221;{}&#8221;][et_pb_column type=&#8221;1_2&#8243; _builder_version=&#8221;4.11.2&#8243; _module_preset=&#8221;default&#8221; global_colors_info=&#8221;{}&#8221;][et_pb_text _builder_version=&#8221;4.11.2&#8243; _module_preset=&#8221;default&#8221; global_colors_info=&#8221;{}&#8221;]<\/p>\n<h2><b>Valitut tilintarkastajat<\/b><\/h2>\n<p><strong>Lars Mikaelsson<\/strong>, Transportarbetaref\u00f6rbundet, Ruotsi<\/p>\n<p><strong>Mikael Lindmark<\/strong>, Seko, Ruotsi<\/p>\n<p>[\/et_pb_text][\/et_pb_column][et_pb_column type=&#8221;1_2&#8243; _builder_version=&#8221;4.11.2&#8243; _module_preset=&#8221;default&#8221; global_colors_info=&#8221;{}&#8221;][\/et_pb_column][\/et_pb_row][et_pb_row column_structure=&#8221;1_2,1_2&#8243; _builder_version=&#8221;4.11.2&#8243; _module_preset=&#8221;default&#8221; custom_padding=&#8221;45px|||||&#8221; global_colors_info=&#8221;{}&#8221;][et_pb_column type=&#8221;1_2&#8243; _builder_version=&#8221;4.11.2&#8243; _module_preset=&#8221;default&#8221; global_colors_info=&#8221;{}&#8221;][et_pb_image src=&#8221;https:\/\/www.nordictransport.org\/wp-content\/uploads\/2023\/08\/NTF2023_WEB_DAY1-93.jpg&#8221; title_text=&#8221;NTF2023_WEB_DAY1-93&#8243; _builder_version=&#8221;4.11.2&#8243; _module_preset=&#8221;default&#8221; global_colors_info=&#8221;{}&#8221;][\/et_pb_image][\/et_pb_column][et_pb_column type=&#8221;1_2&#8243; _builder_version=&#8221;4.11.2&#8243; _module_preset=&#8221;default&#8221; global_colors_info=&#8221;{}&#8221;][et_pb_text _builder_version=&#8221;4.11.2&#8243; _module_preset=&#8221;default&#8221; global_colors_info=&#8221;{}&#8221;]<\/p>\n<h2><strong>Ilmailu\u00a0 &#8211; jaoston ty\u00f6valiokunta:<\/strong><\/h2>\n<p><strong>Johanna Tuomaala<\/strong>, AKT, Suomi (puheenjohtaja)<\/p>\n<p><strong>Henrik Bay-Clausen<\/strong>, 3F, Tanska (varapuheenjohtaja)<\/p>\n<p><strong>Jonas Eriksson<\/strong>, Unionen, Ruotsi (sihteeri)<\/p>\n<p><strong>Fri\u00f0rik \u00d3marsson<\/strong>, FIA, Islanti<\/p>\n<p><strong>Elisabeth Sundset<\/strong>, HK, Norja<\/p>\n<p>Bild: Pekka Rousi<\/span><\/p>\n<p>[\/et_pb_text][\/et_pb_column][\/et_pb_row][et_pb_row column_structure=&#8221;1_2,1_2&#8243; _builder_version=&#8221;4.11.2&#8243; _module_preset=&#8221;default&#8221; global_colors_info=&#8221;{}&#8221;][et_pb_column type=&#8221;1_2&#8243; _builder_version=&#8221;4.11.2&#8243; _module_preset=&#8221;default&#8221; global_colors_info=&#8221;{}&#8221;][et_pb_image src=&#8221;https:\/\/www.nordictransport.org\/wp-content\/uploads\/2023\/08\/NTF2023_WEB_DAY2-11.jpg&#8221; title_text=&#8221;NTF2023_WEB_DAY2-11&#8243; _builder_version=&#8221;4.11.2&#8243; _module_preset=&#8221;default&#8221; global_colors_info=&#8221;{}&#8221;][\/et_pb_image][\/et_pb_column][et_pb_column type=&#8221;1_2&#8243; _builder_version=&#8221;4.11.2&#8243; _module_preset=&#8221;default&#8221; global_colors_info=&#8221;{}&#8221;][et_pb_text _builder_version=&#8221;4.11.2&#8243; _module_preset=&#8221;default&#8221; custom_padding=&#8221;0px|||||&#8221; global_colors_info=&#8221;{}&#8221;]<\/p>\n<h2><strong>Maantiekuljetukset &#8211; jaoston ty\u00f6valiokunta:<\/strong><\/h2>\n<p><strong>Joakim Guttman<\/strong>, Transportarbetaref\u00f6rbundet, Ruotsi (puheenjohtaja)<\/p>\n<p><strong>Frank Boye<\/strong>, 3F, Tanska (vt. varapuheenjohtaja)<\/p>\n<p><strong>Bj\u00f8rn Anders Jonassen<\/strong>, Fellesforbundet, Norja (vt.sihteeri)<\/p>\n<p><strong>Vesa Lackman<\/strong>, AKT, Suomi<\/p>\n<p><strong>Trude Sande<\/strong>, YTF, Norja<\/p>\n<p>Kuva: Pekka Rousi<\/p>\n<p>[\/et_pb_text][\/et_pb_column][\/et_pb_row][et_pb_row column_structure=&#8221;1_2,1_2&#8243; _builder_version=&#8221;4.11.2&#8243; _module_preset=&#8221;default&#8221; global_colors_info=&#8221;{}&#8221;][et_pb_column type=&#8221;1_2&#8243; _builder_version=&#8221;4.11.2&#8243; _module_preset=&#8221;default&#8221; global_colors_info=&#8221;{}&#8221;][et_pb_image src=&#8221;https:\/\/www.nordictransport.org\/wp-content\/uploads\/2023\/08\/NTF2023_WEB_DAY2-8.jpg&#8221; title_text=&#8221;NTF2023_WEB_DAY2-8&#8243; _builder_version=&#8221;4.11.2&#8243; _module_preset=&#8221;default&#8221; global_colors_info=&#8221;{}&#8221;][\/et_pb_image][\/et_pb_column][et_pb_column type=&#8221;1_2&#8243; _builder_version=&#8221;4.11.2&#8243; _module_preset=&#8221;default&#8221; global_colors_info=&#8221;{}&#8221;][et_pb_text _builder_version=&#8221;4.11.2&#8243; _module_preset=&#8221;default&#8221; global_colors_info=&#8221;{}&#8221;]<\/p>\n<h2><strong>Satamat &#8211; jaoston ty\u00f6valiokunta:<\/strong><\/h2>\n<p><strong>Karsten Kristensen<\/strong>, 3F, Danmark (puheenjohtaja)<\/p>\n<p><strong>Juha Anttila<\/strong>, AKT, Suomi (varapuheenjohtaja)<\/p>\n<p><strong>Anders Gustafsson<\/strong>, Transportarbetaref\u00f6rbundet, Ruotsi (sihteeri)<\/p>\n<p><strong>Morten B\u00f8rke<\/strong>, Fellesforbundet, Norja<\/p>\n<p><strong>Kim Fivelsdal<\/strong>, Unionen, Ruotsi<\/p>\n<p>Kuva: Pekka Rousi<\/p>\n<p>[\/et_pb_text][\/et_pb_column][\/et_pb_row][et_pb_row column_structure=&#8221;1_2,1_2&#8243; _builder_version=&#8221;4.11.2&#8243; _module_preset=&#8221;default&#8221; global_colors_info=&#8221;{}&#8221;][et_pb_column type=&#8221;1_2&#8243; _builder_version=&#8221;4.11.2&#8243; _module_preset=&#8221;default&#8221; global_colors_info=&#8221;{}&#8221;][et_pb_image src=&#8221;https:\/\/www.nordictransport.org\/wp-content\/uploads\/2023\/08\/NTF2023_WEB_DAY2-2.jpg&#8221; title_text=&#8221;NTF2023_WEB_DAY2-2&#8243; _builder_version=&#8221;4.11.2&#8243; _module_preset=&#8221;default&#8221; global_colors_info=&#8221;{}&#8221;][\/et_pb_image][\/et_pb_column][et_pb_column type=&#8221;1_2&#8243; _builder_version=&#8221;4.11.2&#8243; _module_preset=&#8221;default&#8221; global_colors_info=&#8221;{}&#8221;][et_pb_text _builder_version=&#8221;4.11.2&#8243; _module_preset=&#8221;default&#8221; global_colors_info=&#8221;{}&#8221;]<\/p>\n<h2><strong>Rautatiet &#8211; jaoston ty\u00f6valiokunta:<\/strong><\/h2>\n<p><strong>Ebbe Dr\u00f6gem\u00fcller<\/strong>, Dansk Jernbaneforbund, Tanska (puheenjohtaja)<\/p>\n<p><strong>Torfinn H\u00e5verstad<\/strong>, NJF, Norja, (varapuheenjohtaja)<\/p>\n<p><strong>Carsten Michael Olesen<\/strong>, Dansk Jernbaneforbund, Tanska (sihteeri)<\/p>\n<p><strong>Teppo J\u00e4rnstedt<\/strong>, JHL, Suomi<\/p>\n<p><strong>Line Steinseth<\/strong>, NLF, Norja\u00a0<\/p>\n<p>Kuva: Pekka Rousi<\/p>\n<p>[\/et_pb_text][\/et_pb_column][\/et_pb_row][et_pb_row column_structure=&#8221;1_2,1_2&#8243; _builder_version=&#8221;4.11.2&#8243; _module_preset=&#8221;default&#8221; global_colors_info=&#8221;{}&#8221;][et_pb_column type=&#8221;1_2&#8243; _builder_version=&#8221;4.11.2&#8243; _module_preset=&#8221;default&#8221; global_colors_info=&#8221;{}&#8221;][et_pb_image src=&#8221;https:\/\/www.nordictransport.org\/wp-content\/uploads\/2023\/08\/NTF2023_WEB_DAY1-25.jpg&#8221; title_text=&#8221;NTF2023_WEB_DAY1-25&#8243; _builder_version=&#8221;4.11.2&#8243; _module_preset=&#8221;default&#8221; global_colors_info=&#8221;{}&#8221;][\/et_pb_image][\/et_pb_column][et_pb_column type=&#8221;1_2&#8243; _builder_version=&#8221;4.11.2&#8243; _module_preset=&#8221;default&#8221; global_colors_info=&#8221;{}&#8221;][et_pb_text _builder_version=&#8221;4.11.2&#8243; _module_preset=&#8221;default&#8221; global_colors_info=&#8221;{}&#8221;]<\/p>\n<h2><strong>Huolinta ja varastot &#8211; jaoston ty\u00f6valiokunta:<\/strong><\/h2>\n<p><strong>Magnus Larsson<\/strong>, Transportarbetaref\u00f6rbundet, Ruotsi (puheenjohtaja)<\/p>\n<p><strong>Bj\u00f8rn Anders Jonassen<\/strong>, Fellesforbundet, Norja (varapuheenjohtaja)<\/p>\n<p><strong>Ole Christensen<\/strong>, 3F, Tanska (sihteeri)<\/p>\n<p><strong>Samra Akhtar<\/strong>, HK i Norge, Norja<\/p>\n<p><strong>Dan Kirkel<\/strong>, HK Privat, Tanska<\/p>\n<p><strong>Jari Kudjoi<\/strong>, AKT, Suomi<\/p>\n<p><strong>Heidi Nousiainen<\/strong>, Unionen, Ruotsi<\/p>\n<p><strong>Heri Reynheim<\/strong>, <span>Havnar Arbei\u00f0arafelag, F\u00e4rsaaret<\/span><\/p>\n<p>Kuva: Pekka Rousi<\/p>\n<p>[\/et_pb_text][\/et_pb_column][\/et_pb_row][et_pb_row column_structure=&#8221;1_2,1_2&#8243; _builder_version=&#8221;4.11.2&#8243; _module_preset=&#8221;default&#8221; global_colors_info=&#8221;{}&#8221;][et_pb_column type=&#8221;1_2&#8243; _builder_version=&#8221;4.11.2&#8243; _module_preset=&#8221;default&#8221; global_colors_info=&#8221;{}&#8221;][et_pb_image src=&#8221;https:\/\/www.nordictransport.org\/wp-content\/uploads\/2023\/08\/NTF2023_WEB_DAY2-4.jpg&#8221; title_text=&#8221;NTF2023_WEB_DAY2-4&#8243; _builder_version=&#8221;4.11.2&#8243; _module_preset=&#8221;default&#8221; global_colors_info=&#8221;{}&#8221;][\/et_pb_image][\/et_pb_column][et_pb_column type=&#8221;1_2&#8243; _builder_version=&#8221;4.11.2&#8243; _module_preset=&#8221;default&#8221; global_colors_info=&#8221;{}&#8221;][et_pb_text _builder_version=&#8221;4.11.2&#8243; _module_preset=&#8221;default&#8221; global_colors_info=&#8221;{}&#8221;]<\/p>\n<h2><strong>Joukkoliikenne &#8211; jaoston ty\u00f6valiokunta:<\/strong><\/h2>\n<p><strong>Dag-Einar Sivertsen<\/strong>, Fellesforbundet, Norja (puheenjohtaja)<\/p>\n<p><strong>Juha Ollas<\/strong>, AKT, Suomi (varapuheenjohtaja)<\/p>\n<p><strong>Anna Erixon<\/strong>, Transportarbetaref\u00f6rbundet, Ruotsi (sihteeri)<\/p>\n<p><strong>J\u00f8rn Hedengran<\/strong>, 3F, Tanska<\/p>\n<p><strong>Mario Gavran<\/strong>, Kommunal, Ruotsi<\/p>\n<p>Kuva: Pekka Rousi<\/p>\n<p>[\/et_pb_text][\/et_pb_column][\/et_pb_row][et_pb_row column_structure=&#8221;1_2,1_2&#8243; _builder_version=&#8221;4.11.2&#8243; _module_preset=&#8221;default&#8221; global_colors_info=&#8221;{}&#8221;][et_pb_column type=&#8221;1_2&#8243; _builder_version=&#8221;4.11.2&#8243; _module_preset=&#8221;default&#8221; global_colors_info=&#8221;{}&#8221;][et_pb_image src=&#8221;https:\/\/www.nordictransport.org\/wp-content\/uploads\/2023\/08\/NTF2023_WEB_DAY2-14.jpg&#8221; title_text=&#8221;NTF2023_WEB_DAY2-14&#8243; _builder_version=&#8221;4.11.2&#8243; _module_preset=&#8221;default&#8221; global_colors_info=&#8221;{}&#8221;][\/et_pb_image][\/et_pb_column][et_pb_column type=&#8221;1_2&#8243; _builder_version=&#8221;4.11.2&#8243; _module_preset=&#8221;default&#8221; global_colors_info=&#8221;{}&#8221;][et_pb_text _builder_version=&#8221;4.11.2&#8243; _module_preset=&#8221;default&#8221; global_colors_info=&#8221;{}&#8221;]<\/p>\n<h2><strong>Merenkulku ja kalastus &#8211; jaoston ty\u00f6valiokunta:<\/strong><\/h2>\n<p><strong>Ronny \u00d8ksnes<\/strong>, Norsk Sj\u00f8mannsforbund, Norja (puheenjohtaja)<\/p>\n<p><strong>Katrina Ansarfwe<\/strong>, Seko, Sverige (varapuheenjohtaja)<\/p>\n<p><strong>Karsten Kristensen<\/strong>, 3F, Tanska (sihteeri)<\/p>\n<p><strong>Heikki Karla<\/strong>, Finlands Sj\u00f6mans-Union FSU, Finland<\/p>\n<p><strong>Christian Petersen<\/strong>, Dansk Metal, Tanska<\/p>\n<p><strong>Jan H\u00f8jgaard<\/strong>, Fiskimannafelag, F\u00e4rsaaret<\/p>\n<p><strong>Katrina Ansarfwe<\/strong>, Seko, Ruotsi<\/p>\n<p><strong>Hans Sande<\/strong>, Norsk Sj\u00f8offisersforbund, Norja<\/p>\n<p><strong>Line Heimstad<\/strong>, Norsk Sj\u00f8mannsforbund, Norja<\/p>\n<p><strong>Jonas Gardarsson<\/strong>, Sj\u00f3mannaf\u00e9lag \u00cdslands, Islanti<\/p>\n<p>Kuva: Pekka Rousi<\/p>\n<p>[\/et_pb_text][\/et_pb_column][\/et_pb_row][\/et_pb_section]<\/p>\n","protected":false},"excerpt":{"rendered":"<p>Valitut edustajat sek\u00e4 tarkastajat NTF:n korkein elin on viiden vuoden v\u00e4lein kokoontuva kongressi. Kongressi k\u00e4sittelee muun muassa toimintakertomuksia ja vuosikertomuksia, j\u00e4tt\u00e4\u00e4 esityksi\u00e4 ja p\u00e4\u00e4tt\u00e4\u00e4 j\u00e4senmaksuista. Kongressi valitsee liiton puheenjohtajan, varapuheenjohtajan sek\u00e4 11 j\u00e4sent\u00e4 hallitukseen. Kongressikauden aikana hallitus on NTF:n korkein p\u00e4\u00e4t\u00f6ksentekoelin. Hallitus nimitt\u00e4\u00e4 ty\u00f6valiokunnan, joka koostuu nelj\u00e4st\u00e4 eri maista tulevista hallituksen j\u00e4senist\u00e4. Seitsem\u00e4n eri jaostoa [&hellip;]<\/p>\n","protected":false},"author":1,"featured_media":0,"parent":0,"menu_order":2,"comment_status":"closed","ping_status":"closed","template":"","meta":{"_et_pb_use_builder":"on","_et_pb_old_content":"","_et_gb_content_width":""},"_links":{"self":[{"href":"https:\/\/www.nordictransport.org\/fi\/wp-json\/wp\/v2\/pages\/1668"}],"collection":[{"href":"https:\/\/www.nordictransport.org\/fi\/wp-json\/wp\/v2\/pages"}],"about":[{"href":"https:\/\/www.nordictransport.org\/fi\/wp-json\/wp\/v2\/types\/page"}],"author":[{"embeddable":true,"href":"https:\/\/www.nordictransport.org\/fi\/wp-json\/wp\/v2\/users\/1"}],"replies":[{"embeddable":true,"href":"https:\/\/www.nordictransport.org\/fi\/wp-json\/wp\/v2\/comments?post=1668"}],"version-history":[{"count":73,"href":"https:\/\/www.nordictransport.org\/fi\/wp-json\/wp\/v2\/pages\/1668\/revisions"}],"predecessor-version":[{"id":3165,"href":"https:\/\/www.nordictransport.org\/fi\/wp-json\/wp\/v2\/pages\/1668\/revisions\/3165"}],"wp:attachment":[{"href":"https:\/\/www.nordictransport.org\/fi\/wp-json\/wp\/v2\/media?parent=1668"}],"curies":[{"name":"wp","href":"https:\/\/api.w.org\/{rel}","templated":true}]}}