{"id":2219,"date":"2021-10-28T13:34:08","date_gmt":"2021-10-28T11:34:08","guid":{"rendered":"https:\/\/www.nordictransport.org\/platform-workers\/"},"modified":"2022-11-16T11:59:01","modified_gmt":"2022-11-16T09:59:01","slug":"platform-workers","status":"publish","type":"page","link":"https:\/\/www.nordictransport.org\/fi\/platform-workers\/","title":{"rendered":"Platform workers"},"content":{"rendered":"<p>[et_pb_section fb_built=&#8221;1&#8243; _builder_version=&#8221;4.10.8&#8243; _module_preset=&#8221;default&#8221; custom_padding=&#8221;0px|||||&#8221; global_colors_info=&#8221;{}&#8221;][et_pb_row _builder_version=&#8221;4.11.2&#8243; _module_preset=&#8221;default&#8221; global_colors_info=&#8221;{}&#8221;][et_pb_column type=&#8221;4_4&#8243; _builder_version=&#8221;4.11.2&#8243; _module_preset=&#8221;default&#8221; global_colors_info=&#8221;{}&#8221;][et_pb_divider _builder_version=&#8221;4.11.2&#8243; _module_preset=&#8221;default&#8221; global_colors_info=&#8221;{}&#8221;][\/et_pb_divider][\/et_pb_column][\/et_pb_row][et_pb_row column_structure=&#8221;1_2,1_2&#8243; _builder_version=&#8221;4.11.2&#8243; _module_preset=&#8221;default&#8221; global_colors_info=&#8221;{}&#8221;][et_pb_column type=&#8221;1_2&#8243; _builder_version=&#8221;4.11.2&#8243; _module_preset=&#8221;default&#8221; global_colors_info=&#8221;{}&#8221;][et_pb_text _builder_version=&#8221;4.11.2&#8243; _module_preset=&#8221;default&#8221; global_colors_info=&#8221;{}&#8221;]<\/p>\n<h2>Alustatalous Pohjoismaissa<\/h2>\n<p>[\/et_pb_text][et_pb_text _builder_version=&#8221;4.11.2&#8243; _module_preset=&#8221;default&#8221; text_font_size=&#8221;15px&#8221; global_colors_info=&#8221;{}&#8221;]<\/p>\n<p>Kotiinkuljetusten ja erilaisten sovellusten kautta ohjattavan ty\u00f6n m\u00e4\u00e4r\u00e4 on kasvanut r\u00e4j\u00e4hdysm\u00e4isesti viime vuosina, ja globaali koronaviruspandemia on vain kiihdytt\u00e4nyt t\u00e4t\u00e4 kehityst\u00e4. Yh\u00e4 useammat ihmiset saavat ty\u00f6teht\u00e4v\u00e4ns\u00e4 alustojen kautta. N\u00e4ill\u00e4 alustaty\u00f6ntekij\u00f6ill\u00e4 ei ole kiinte\u00e4\u00e4 ty\u00f6paikkaa, ja he ty\u00f6skentelev\u00e4t usein yksin lyhyiss\u00e4 ty\u00f6suhteissa. Lis\u00e4ksi monet alustayritykset eiv\u00e4t pid\u00e4 itse\u00e4\u00e4n ty\u00f6nantajina ja pakottavat esimerkiksi ruokal\u00e4hetit toimimaan itsen\u00e4isin\u00e4 ammatinharjoittajina. Alustaty\u00f6ntekij\u00f6iden sis\u00e4llytt\u00e4minen pohjoismaiseen malliin, jossa ty\u00f6ehtosopimuksilla on keskeinen rooli ty\u00f6olojen s\u00e4\u00e4telyss\u00e4, on haastavaa.<\/p>\n<p>[\/et_pb_text][et_pb_button button_url=&#8221;https:\/\/www.nordictransport.org\/wp-content\/uploads\/2022\/03\/NTF_rapport_Plattformsarbete_i_Norden.pdf&#8221; button_text=&#8221;Raportti englanniksi&#8221; _builder_version=&#8221;4.11.2&#8243; _module_preset=&#8221;default&#8221; global_colors_info=&#8221;{}&#8221;][\/et_pb_button][et_pb_button button_url=&#8221;https:\/\/www.nordictransport.org\/wp-content\/uploads\/2022\/03\/NTF_rapport_Plattformsarbete_i_Norden_se.pdf&#8221; button_text=&#8221;Rapporten p\u00e5 svenska&#8221; _builder_version=&#8221;4.11.2&#8243; _module_preset=&#8221;default&#8221; global_colors_info=&#8221;{}&#8221;][\/et_pb_button][et_pb_button button_url=&#8221;https:\/\/www.nordictransport.org\/wp-content\/uploads\/2022\/06\/Platform-work-and-solutions-with-a-Nordic-approach.pdf&#8221; button_text=&#8221;Summary of key findings&#8221; _builder_version=&#8221;4.11.2&#8243; _module_preset=&#8221;default&#8221; global_colors_info=&#8221;{}&#8221;][\/et_pb_button][et_pb_image src=&#8221;https:\/\/www.nordictransport.org\/wp-content\/uploads\/2022\/03\/Screenshot-2022-03-17-095510-1.jpg&#8221; title_text=&#8221;Screenshot 2022-03-17 095510&#8243; _builder_version=&#8221;4.11.2&#8243; _module_preset=&#8221;default&#8221; max_height=&#8221;1000px&#8221; border_width_all=&#8221;1px&#8221; border_color_all=&#8221;#001233&#8243; global_colors_info=&#8221;{}&#8221;][\/et_pb_image][\/et_pb_column][et_pb_column type=&#8221;1_2&#8243; _builder_version=&#8221;4.11.2&#8243; _module_preset=&#8221;default&#8221; global_colors_info=&#8221;{}&#8221;][et_pb_video src=&#8221;https:\/\/www.youtube.com\/watch?v=tJk7XI4bKjY&#8221; image_src=&#8221;https:\/\/www.nordictransport.org\/wp-content\/uploads\/2022\/03\/Screenshot-2022-03-03-164217.jpg&#8221; _builder_version=&#8221;4.11.2&#8243; _module_preset=&#8221;default&#8221; global_colors_info=&#8221;{}&#8221;][\/et_pb_video][et_pb_text _builder_version=&#8221;4.11.2&#8243; _module_preset=&#8221;default&#8221; global_colors_info=&#8221;{}&#8221;]<\/p>\n<p>Ymm\u00e4rt\u00e4\u00e4ksemme paremmin alustataloutta ja sen haasteita halusimme tehd\u00e4 selvityksen Pohjoismaiden nykyisest\u00e4 oikeudellisesta tilanteesta. Lis\u00e4ksi halusimme ker\u00e4t\u00e4 lis\u00e4tietoa ja oppia j\u00e4senj\u00e4rjest\u00f6jemme erilaisista strategioista alustaty\u00f6h\u00f6n liittyen.<\/p>\n<ul>\n<li>Ketk\u00e4 ovat kuljetusalan perinteist\u00e4 ty\u00f6t\u00e4 v\u00e4litt\u00e4vien alustayritysten ty\u00f6nantajat ja ty\u00f6ntekij\u00e4t?<\/li>\n<li>Mitk\u00e4 ovat suurimmat haasteet alustaty\u00f6ntekij\u00f6iden j\u00e4rjest\u00e4ytymisess\u00e4 liittoihin?<\/li>\n<li>Mitk\u00e4 l\u00e4hestymistavat ovat onnistuneet auttamaan alustaty\u00f6ntekij\u00f6it\u00e4 Pohjoismaissa?<\/li>\n<\/ul>\n<p>[\/et_pb_text][et_pb_video src=&#8221;https:\/\/youtu.be\/QkMwzS3t2oA&#8221; _builder_version=&#8221;4.11.2&#8243; _module_preset=&#8221;default&#8221; global_colors_info=&#8221;{}&#8221;][\/et_pb_video][et_pb_button button_url=&#8221;https:\/\/www.nordictransport.org\/wp-content\/uploads\/2022\/09\/NTF_verktygslada_plattformsarbete.pdf&#8221; button_text=&#8221;NTF Verktygsl\u00e5da &#8211; Strategier f\u00f6r att organisera plattformsarbete&#8221; _builder_version=&#8221;4.11.2&#8243; _module_preset=&#8221;default&#8221; global_colors_info=&#8221;{}&#8221;][\/et_pb_button][et_pb_button button_url=&#8221;https:\/\/www.nordictransport.org\/wp-content\/uploads\/2022\/09\/NTF_Strategies-for-organising-platform-work.pdf&#8221; button_text=&#8221;NTF&#8217;s Toolbox &#8211; Strategies for organising platform work&#8221; _builder_version=&#8221;4.11.2&#8243; _module_preset=&#8221;default&#8221; hover_enabled=&#8221;0&#8243; global_colors_info=&#8221;{}&#8221; sticky_enabled=&#8221;0&#8243;][\/et_pb_button][\/et_pb_column][\/et_pb_row][et_pb_row _builder_version=&#8221;4.10.8&#8243; _module_preset=&#8221;default&#8221; global_colors_info=&#8221;{}&#8221;][et_pb_column type=&#8221;4_4&#8243; _builder_version=&#8221;4.10.8&#8243; _module_preset=&#8221;default&#8221; global_colors_info=&#8221;{}&#8221;][et_pb_blurb title=&#8221;Alustatalous Pohjoismaissa \u2013 kuinka alustatalouden ty\u00f6tekij\u00f6iden ty\u00f6ehdoista sovitaan&#8221; image=&#8221;https:\/\/www.nordictransport.org\/wp-content\/uploads\/2021\/11\/platform-workers-seminar.jpg&#8221; _builder_version=&#8221;4.11.2&#8243; _module_preset=&#8221;default&#8221; custom_padding=&#8221;||2px|||&#8221; global_colors_info=&#8221;{}&#8221;]<\/p>\n<p>Koronapandemian aikana verkkokaupan ja kotiinkuljetusten m\u00e4\u00e4r\u00e4 kasvoi r\u00e4j\u00e4hdysm\u00e4isesti, ja samoin kasvoi erilaisten alustojen kautta ty\u00f6skentelevien kuljetusty\u00f6ntekij\u00f6iden m\u00e4\u00e4r\u00e4. Pohjoismaiset kuljetusty\u00f6ntekij\u00f6it\u00e4 edustavat liitot ovat vuosia tehneet t\u00f6it\u00e4 sen eteen, ett\u00e4 ruokal\u00e4hetit ja muut alustojen kautta palkatut kuljettajat saataisiin ty\u00f6ehtosopimusten piiriin. Ensimm\u00e4iset l\u00e4pimurrot tapahtuivat Norjassa, Tanskassa ja Ruotsissa vuosina 2019 ja 2020, kun ensimm\u00e4iset ty\u00f6ehtosopimukset ruokal\u00e4heteille allekirjoitettiin.<\/p>\n<p>Pohjoismaisten kuljetusty\u00f6ntekij\u00e4in federaation NTF kutsui liittojohtajat, toimitsijat ja aktiivit iltap\u00e4iv\u00e4seminaariin Tukholmaan.\u00a0\u00a0<\/p>\n<p>Seminaari oli jaettu kahteen osaa, joista ensimm\u00e4ist\u00e4 pystyi seuraamaan Facebook Livess\u00e4 (https:\/\/fb.watch\/9nk33oU0S7\/).<\/p>\n<p><strong>Mukana keskustelemassa:<\/strong><\/p>\n<p><strong>Anders Teglund<\/strong>, kirjan <em>Cykelbudet <\/em>kirjoittaja, joka kuvaa vuottaan Foodora-kuskina<br \/><strong>Olli Koski<\/strong>, yhteiskuntasuhdejohtaja Pohjoismaissa, WOLT<br \/><strong>Cecilia Westerlund<\/strong>, tutkija, Pohjoismainen kuljetusty\u00f6ntekij\u00e4infederaatio NTF<br \/><strong>Tommy Wreeth<\/strong>, puheenjohtaja, Transportarbetaref\u00f6rbundet<\/p>\n<p>Moderaattorina toimi <strong>Lisa Pelling<\/strong>, Arena Id\u00e9<\/p>\n<p>[\/et_pb_blurb][\/et_pb_column][\/et_pb_row][et_pb_row _builder_version=&#8221;4.11.2&#8243; _module_preset=&#8221;default&#8221; global_colors_info=&#8221;{}&#8221;][et_pb_column type=&#8221;4_4&#8243; _builder_version=&#8221;4.11.2&#8243; _module_preset=&#8221;default&#8221; global_colors_info=&#8221;{}&#8221;][et_pb_gallery gallery_ids=&#8221;2266,2267,2277,2268,2261,2260,2278,2271,2272,2273,2270,2269,2252,2253,2254,2255,2256,2257,2258,2259&#8243; posts_number=&#8221;12&#8243; show_title_and_caption=&#8221;off&#8221; show_pagination=&#8221;off&#8221; _builder_version=&#8221;4.11.2&#8243; _module_preset=&#8221;default&#8221; global_colors_info=&#8221;{}&#8221;][\/et_pb_gallery][\/et_pb_column][\/et_pb_row][\/et_pb_section]<\/p>\n","protected":false},"excerpt":{"rendered":"<p>Alustatalous PohjoismaissaKotiinkuljetusten ja erilaisten sovellusten kautta ohjattavan ty\u00f6n m\u00e4\u00e4r\u00e4 on kasvanut r\u00e4j\u00e4hdysm\u00e4isesti viime vuosina, ja globaali koronaviruspandemia on vain kiihdytt\u00e4nyt t\u00e4t\u00e4 kehityst\u00e4. Yh\u00e4 useammat ihmiset saavat ty\u00f6teht\u00e4v\u00e4ns\u00e4 alustojen kautta. N\u00e4ill\u00e4 alustaty\u00f6ntekij\u00f6ill\u00e4 ei ole kiinte\u00e4\u00e4 ty\u00f6paikkaa, ja he ty\u00f6skentelev\u00e4t usein yksin lyhyiss\u00e4 ty\u00f6suhteissa. Lis\u00e4ksi monet alustayritykset eiv\u00e4t pid\u00e4 itse\u00e4\u00e4n ty\u00f6nantajina ja pakottavat esimerkiksi ruokal\u00e4hetit toimimaan itsen\u00e4isin\u00e4 [&hellip;]<\/p>\n","protected":false},"author":1,"featured_media":0,"parent":0,"menu_order":0,"comment_status":"closed","ping_status":"closed","template":"","meta":{"_et_pb_use_builder":"on","_et_pb_old_content":"","_et_gb_content_width":""},"_links":{"self":[{"href":"https:\/\/www.nordictransport.org\/fi\/wp-json\/wp\/v2\/pages\/2219"}],"collection":[{"href":"https:\/\/www.nordictransport.org\/fi\/wp-json\/wp\/v2\/pages"}],"about":[{"href":"https:\/\/www.nordictransport.org\/fi\/wp-json\/wp\/v2\/types\/page"}],"author":[{"embeddable":true,"href":"https:\/\/www.nordictransport.org\/fi\/wp-json\/wp\/v2\/users\/1"}],"replies":[{"embeddable":true,"href":"https:\/\/www.nordictransport.org\/fi\/wp-json\/wp\/v2\/comments?post=2219"}],"version-history":[{"count":22,"href":"https:\/\/www.nordictransport.org\/fi\/wp-json\/wp\/v2\/pages\/2219\/revisions"}],"predecessor-version":[{"id":2497,"href":"https:\/\/www.nordictransport.org\/fi\/wp-json\/wp\/v2\/pages\/2219\/revisions\/2497"}],"wp:attachment":[{"href":"https:\/\/www.nordictransport.org\/fi\/wp-json\/wp\/v2\/media?parent=2219"}],"curies":[{"name":"wp","href":"https:\/\/api.w.org\/{rel}","templated":true}]}}