{"id":1616,"date":"2021-05-31T14:25:16","date_gmt":"2021-05-31T12:25:16","guid":{"rendered":"https:\/\/www.nordictransport.org\/nordiska-transportarbetarefederationen\/"},"modified":"2023-08-18T10:26:29","modified_gmt":"2023-08-18T08:26:29","slug":"nordiska-transportarbetarefederationen","status":"publish","type":"page","link":"https:\/\/www.nordictransport.org\/is\/","title":{"rendered":"Norr\u00e6na flutningamannasambandi\u00f0"},"content":{"rendered":"<p>[et_pb_section fb_built=&#8220;1&#8243; fullwidth=&#8220;on&#8220; admin_label=&#8220;Hero Section&#8220; _builder_version=&#8220;4.9.4&#8243; background_image=&#8220;https:\/\/www.nordictransport.org\/wp-content\/uploads\/2021\/05\/iStock-1182485588-scaled.jpg&#8220; filter_brightness=&#8220;160%&#8220; global_colors_info=&#8220;{}&#8220;][et_pb_fullwidth_header title=&#8220;Norr\u00e6na flutningamannasambandi\u00f0&#8220; text_orientation=&#8220;center&#8220; header_fullscreen=&#8220;on&#8220; background_overlay_color=&#8220;rgba(0,0,0,0.5)&#8220; title_font_color=&#8220;#ffffff&#8220; subhead_font_color=&#8220;#ffffff&#8220; title_tablet=&#8220;Norr\u00e6na flutningamannasambandi\u00f0&#8220; title_phone=&#8220;Norr\u00e6na flutningamannasambandi\u00f0&#8220; title_last_edited=&#8220;on|tablet&#8220; _builder_version=&#8220;4.10.8&#8243; title_font=&#8220;Nunito||||||||&#8220; title_text_align=&#8220;center&#8220; title_text_color=&#8220;#979DAC&#8220; title_font_size=&#8220;53px&#8220; title_line_height=&#8220;1.1em&#8220; content_font=&#8220;||||||||&#8220; content_text_color=&#8220;#979DAC&#8220; subhead_font=&#8220;Open Sans||||||||&#8220; subhead_text_align=&#8220;center&#8220; subhead_text_color=&#8220;#ffffff&#8220; subhead_font_size=&#8220;24px&#8220; subhead_line_height=&#8220;1.6em&#8220; background_color=&#8220;rgba(255, 255, 255, 0)&#8220; background_enable_image=&#8220;off&#8220; custom_button_one=&#8220;on&#8220; button_one_text_size=&#8220;14px&#8220; button_one_text_color=&#8220;#ffffff&#8220; button_one_bg_color=&#8220;#0099e5&#8243; button_one_border_width=&#8220;12px&#8220; button_one_border_color=&#8220;#0099e5&#8243; button_one_border_radius=&#8220;0px&#8220; button_one_letter_spacing=&#8220;2px&#8220; button_one_font=&#8220;Nunito|700||on|||||&#8220; button_one_use_icon=&#8220;off&#8220; background_layout=&#8220;light&#8220; animation_style=&#8220;fade&#8220; title_text_align_tablet=&#8220;&#8220; title_text_align_phone=&#8220;center&#8220; title_text_align_last_edited=&#8220;on|phone&#8220; title_font_size_tablet=&#8220;34px&#8220; title_font_size_phone=&#8220;26px&#8220; title_font_size_last_edited=&#8220;on|phone&#8220; subhead_font_size_tablet=&#8220;&#8220; subhead_font_size_phone=&#8220;&#8220; subhead_font_size_last_edited=&#8220;on|phone&#8220; button_one_text_color_hover=&#8220;#ffffff&#8220; button_one_border_color_hover=&#8220;#0099e5&#8243; button_one_border_radius_hover=&#8220;0px&#8220; button_one_letter_spacing_hover=&#8220;2px&#8220; button_one_bg_color_hover=&#8220;#0099e5&#8243; global_colors_info=&#8220;{}&#8220; button_one_text_size__hover_enabled=&#8220;off&#8220; button_two_text_size__hover_enabled=&#8220;off&#8220; button_one_text_color__hover_enabled=&#8220;on&#8220; button_one_text_color__hover=&#8220;#ffffff&#8220; button_two_text_color__hover_enabled=&#8220;off&#8220; button_one_border_width__hover_enabled=&#8220;off&#8220; button_two_border_width__hover_enabled=&#8220;off&#8220; button_one_border_color__hover_enabled=&#8220;on&#8220; button_one_border_color__hover=&#8220;#0099e5&#8243; button_two_border_color__hover_enabled=&#8220;off&#8220; button_one_border_radius__hover_enabled=&#8220;on&#8220; button_one_border_radius__hover=&#8220;0px&#8220; button_two_border_radius__hover_enabled=&#8220;off&#8220; button_one_letter_spacing__hover_enabled=&#8220;on&#8220; button_one_letter_spacing__hover=&#8220;2px&#8220; button_two_letter_spacing__hover_enabled=&#8220;off&#8220; button_one_bg_color__hover_enabled=&#8220;on&#8220; button_one_bg_color__hover=&#8220;#0099e5&#8243; button_two_bg_color__hover_enabled=&#8220;off&#8220;][\/et_pb_fullwidth_header][\/et_pb_section][et_pb_section fb_built=&#8220;1&#8243; admin_label=&#8220;Category Search Section&#8220; _builder_version=&#8220;4.9.4&#8243; custom_padding=&#8220;0px||0px||true|false&#8220; global_colors_info=&#8220;{}&#8220;][et_pb_row column_structure=&#8220;1_2,1_2&#8243; _builder_version=&#8220;4.8.2&#8243; _module_preset=&#8220;default&#8220; min_height=&#8220;379px&#8220; custom_margin=&#8220;-25px|auto||auto|false|false&#8220; custom_padding=&#8220;46px||3px|||&#8220; global_colors_info=&#8220;{}&#8220;][et_pb_column type=&#8220;1_2&#8243; _builder_version=&#8220;4.6.5&#8243; _module_preset=&#8220;default&#8220; global_colors_info=&#8220;{}&#8220;][et_pb_image src=&#8220;https:\/\/www.nordictransport.org\/wp-content\/uploads\/2020\/12\/NTFbild2-scaled.jpg&#8220; title_text=&#8220;Sign in Keflavik Airport&#8220; _builder_version=&#8220;4.8.2&#8243; _module_preset=&#8220;default&#8220; custom_margin=&#8220;||-1px|||&#8220; global_colors_info=&#8220;{}&#8220;][\/et_pb_image][\/et_pb_column][et_pb_column type=&#8220;1_2&#8243; _builder_version=&#8220;4.6.5&#8243; _module_preset=&#8220;default&#8220; global_colors_info=&#8220;{}&#8220;][et_pb_text _builder_version=&#8220;4.10.1&#8243; _module_preset=&#8220;default&#8220; custom_margin=&#8220;||8px|||&#8220; custom_padding=&#8220;||13px|||&#8220; global_colors_info=&#8220;{}&#8220;]<\/p>\n<p>NTF var stofna\u00f0 svo snemma sem \u00e1ri\u00f0 1908 me\u00f0 \u00fea\u00f0 a\u00f0 markmi\u00f0i a\u00f0 sameina norr\u00e6n flutningast\u00e9ttarf\u00e9l\u00f6g. \u00cd dag er NTF f\u00e9lag 40 mismunandi st\u00e9ttarf\u00e9laga fyrir flutningaf\u00f3lk \u00ed Finnlandi, Noregi, Sv\u00ed\u00fej\u00f3\u00f0, \u00cdslandi og Danm\u00f6rku me\u00f0 F\u00e6reyjum. Alls erum vi\u00f0 fulltr\u00faar 340.000 f\u00e9lagsmanna \u2013 flutningaf\u00f3lks \u00ed sj\u00f6 mismunandi starfsgreinum.<\/p>\n<p>Me\u00f0 \u00fev\u00ed a\u00f0 vinna saman \u00fevert \u00e1 landam\u00e6ri getum vi\u00f0 \u00e1 \u00e1hrifar\u00edkan h\u00e1tt deilt reynslu og haft \u00e1hrif \u00e1 m\u00e1lefni sem var\u00f0a alla me\u00f0limi. NTF starfar sem tengslanet og vinnur a\u00f0 lausnum vandam\u00e1la en sty\u00f0ur einnig st\u00e9ttarf\u00e9l\u00f6g me\u00f0 \u00fev\u00ed a\u00f0 deila uppl\u00fdsingum um n\u00faverandi \u00fer\u00f3un og \u00e1skoranir, sem og stj\u00f3rnm\u00e1la\u00e1kvar\u00f0anir sem hafa \u00e1hrif \u00e1 flutningai\u00f0na\u00f0inn \u00e1 \u00f6llum Nor\u00f0url\u00f6ndunum.\u00a0NTF \u00e1 einnig g\u00f3\u00f0 samskipti vi\u00f0 \u00f6nnur st\u00e9ttarf\u00e9l\u00f6g, svo sem ETF og ITF, me\u00f0 \u00fea\u00f0 a\u00f0 markmi\u00f0i a\u00f0 efla og samr\u00e6ma norr\u00e6nar st\u00f6\u00f0ur \u00e1 evr\u00f3pskum og al\u00fej\u00f3\u00f0legum vettvangi.<\/p>\n<p>[\/et_pb_text][\/et_pb_column][\/et_pb_row][et_pb_row column_structure=&#8220;1_2,1_2&#8243; _builder_version=&#8220;4.6.5&#8243; _module_preset=&#8220;default&#8220; custom_padding=&#8220;8px||15px|||&#8220; global_colors_info=&#8220;{}&#8220;][et_pb_column type=&#8220;1_2&#8243; _builder_version=&#8220;4.6.5&#8243; _module_preset=&#8220;default&#8220; global_colors_info=&#8220;{}&#8220;][et_pb_image src=&#8220;https:\/\/www.nordictransport.org\/wp-content\/uploads\/2023\/06\/NTF2023_WEB_DAY2-74.jpg&#8220; title_text=&#8220;NTF2023_WEB_DAY2-74&#8243; _builder_version=&#8220;4.11.2&#8243; _module_preset=&#8220;default&#8220; global_colors_info=&#8220;{}&#8220;][\/et_pb_image][\/et_pb_column][et_pb_column type=&#8220;1_2&#8243; _builder_version=&#8220;4.6.5&#8243; _module_preset=&#8220;default&#8220; global_colors_info=&#8220;{}&#8220;][et_pb_text _builder_version=&#8220;4.8.2&#8243; _module_preset=&#8220;default&#8220; custom_margin=&#8220;-14px|||||&#8220; custom_padding=&#8220;17px|||||&#8220; global_colors_info=&#8220;{}&#8220;]<\/p>\n<h4>Mikilv\u00e6gi \u00f6flugra norr\u00e6nna samtaka<\/h4>\n<p>\u00c1 Nor\u00f0url\u00f6ndum eru m\u00f6rg l\u00edtil og st\u00f3r fyrirt\u00e6ki sem eiga vi\u00f0skipti vi\u00f0 allan heiminn.<\/p>\n<p>\u00c1 milli Nor\u00f0urlandanna eru sterk tengsl og vi\u00f0 deilum langri og r\u00edkri s\u00f6gu. Vi\u00f0 h\u00f6fum sterkar hef\u00f0ir \u00feegar kemur a\u00f0 samvinnu og l\u00fd\u00f0r\u00e6\u00f0i. \u00c1 Nor\u00f0url\u00f6ndum erum vi\u00f0 me\u00f0 einstakt og heims\u00feekkt velfer\u00f0arl\u00edkan sem er aflei\u00f0ing sterkra verkal\u00fd\u00f0sf\u00e9laga \u00ed samvinnu vi\u00f0 atvinnurekendur og stj\u00f3rnm\u00e1lamenn.\u00a0<\/p>\n<p>\u00der\u00e1tt fyrir a\u00f0 vi\u00f0 s\u00e9um l\u00edtil hvert fyrir sig hafa Nor\u00f0url\u00f6ndin sameiginlega skapa\u00f0 sterka r\u00f6dd b\u00e6\u00f0i \u00ed Evr\u00f3pu og umheiminum. Finnland, Noregur, Sv\u00ed\u00fej\u00f3\u00f0, \u00cdsland og Danm\u00f6rk me\u00f0 F\u00e6reyjum hafa skapa\u00f0 einstaka fyrirmynd fyrir samstarf yfir landam\u00e6ri \u2013 norr\u00e6na l\u00edkani\u00f0.<\/p>\n<p>NTF vill stu\u00f0la a\u00f0 \u00feess h\u00e1ttar samstarfi og l\u00edtur \u00e1 \u00fea\u00f0 sem mikilv\u00e6gt verkefni a\u00f0 halda \u00e1fram a\u00f0 verja norr\u00e6na l\u00edkani\u00f0 og dreifa \u00feessari tegund af samstarfi yfir landam\u00e6ri til allra heimsins.<\/p>\n<p>[\/et_pb_text][\/et_pb_column][\/et_pb_row][et_pb_row column_structure=&#8220;1_3,1_3,1_3&#8243; _builder_version=&#8220;4.6.5&#8243; _module_preset=&#8220;default&#8220; global_colors_info=&#8220;{}&#8220;][et_pb_column type=&#8220;1_3&#8243; _builder_version=&#8220;4.6.5&#8243; _module_preset=&#8220;default&#8220; global_colors_info=&#8220;{}&#8220;][et_pb_text _builder_version=&#8220;4.8.2&#8243; _module_preset=&#8220;default&#8220; global_colors_info=&#8220;{}&#8220;]<\/p>\n<h3>Facebook<\/h3>\n<p>[\/et_pb_text][et_pb_code _builder_version=&#8220;4.6.5&#8243; _module_preset=&#8220;default&#8220; custom_margin=&#8220;-2px|||||&#8220; global_colors_info=&#8220;{}&#8220;]<\/p>\n<div id=\"fb-root\"><\/div>\n<p><!-- [et_pb_line_break_holder] --><script async defer crossorigin=\"anonymous\" src=\"https:\/\/connect.facebook.net\/en_GB\/sdk.js#xfbml=1&#038;version=v8.0\" nonce=\"2I2FOEDA\"><\/script><!-- [et_pb_line_break_holder] --><\/p>\n<div class=\"fb-page\" data-href=\"https:\/\/www.facebook.com\/NordicTransportWorkersFederation\" data-tabs=\"timeline\" data-width=\"\" data-height=\"\" data-small-header=\"true\" data-adapt-container-width=\"true\" data-hide-cover=\"false\" data-show-facepile=\"false\">\n<blockquote cite=\"https:\/\/www.facebook.com\/NordicTransportWorkersFederation\" class=\"fb-xfbml-parse-ignore\"><p><a href=\"https:\/\/www.facebook.com\/NordicTransportWorkersFederation\">Nordic Transport Workers&#039; Federation<\/a><\/p><\/blockquote>\n<\/div>\n<p>[\/et_pb_code][\/et_pb_column][et_pb_column type=&#8220;1_3&#8243; _builder_version=&#8220;4.6.5&#8243; _module_preset=&#8220;default&#8220; global_colors_info=&#8220;{}&#8220;][et_pb_text _builder_version=&#8220;4.11.2&#8243; _module_preset=&#8220;default&#8220; custom_margin=&#8220;||16px|||&#8220; hover_enabled=&#8220;0&#8243; global_colors_info=&#8220;{}&#8220; content_last_edited=&#8220;off|tablet&#8220; sticky_enabled=&#8220;0&#8243;]<\/p>\n<h3>NTF Guidelines for the future<\/h3>\n<p>[\/et_pb_text][et_pb_image src=&#8220;https:\/\/www.nordictransport.org\/wp-content\/uploads\/2023\/08\/Guidelines-2.jpg&#8220; title_text=&#8220;Guidelines (2)&#8220; _builder_version=&#8220;4.11.2&#8243; _module_preset=&#8220;default&#8220; custom_margin=&#8220;24px|||||&#8220; border_width_all=&#8220;1px&#8220; border_color_all=&#8220;#001233&#8243; global_colors_info=&#8220;{}&#8220;][\/et_pb_image][et_pb_button button_url=&#8220;https:\/\/www.nordictransport.org\/wp-content\/uploads\/2023\/08\/Annex7-NTF-guidelines-for-the-future-2023-2028.pdf&#8220; button_text=&#8220;Open the document (pdf)&#8220; _builder_version=&#8220;4.11.2&#8243; _module_preset=&#8220;default&#8220; global_colors_info=&#8220;{}&#8220;][\/et_pb_button][et_pb_text _builder_version=&#8220;4.11.2&#8243; _module_preset=&#8220;default&#8220; link_option_url=&#8220;https:\/\/nordictransport.org\/platformworkers&#8220; hover_enabled=&#8220;0&#8243; global_colors_info=&#8220;{}&#8220; sticky_enabled=&#8220;0&#8243;]<\/p>\n<h4>Platform work in the Nordic countries<\/h4>\n<p><a href=\"https:\/\/www.nordictransport.org\/is\/platform-workers\/\">www.nordictransport.org\/en\/platformworkers<\/a><\/p>\n<p>[\/et_pb_text][\/et_pb_column][et_pb_column type=&#8220;1_3&#8243; _builder_version=&#8220;4.6.5&#8243; _module_preset=&#8220;default&#8220; global_colors_info=&#8220;{}&#8220;][et_pb_text _builder_version=&#8220;4.8.2&#8243; _module_preset=&#8220;default&#8220; global_colors_info=&#8220;{}&#8220;]<\/p>\n<h3>ITF news<\/h3>\n<p>[\/et_pb_text][et_pb_code _builder_version=&#8220;4.6.5&#8243; _module_preset=&#8220;default&#8220; custom_margin=&#8220;-12px|||||&#8220; global_colors_info=&#8220;{}&#8220;]<div class=\"wprss_ajax\" data-id=\"rss9457190095\"><img src=\"https:\/\/www.nordictransport.org\/wp-content\/plugins\/wp-rss-retriever\/inc\/imgs\/ajax-loader.gif\" alt=\"Loading RSS Feed\" width=\"16\" height=\"16\"><\/div>[\/et_pb_code][\/et_pb_column][\/et_pb_row][\/et_pb_section]<\/p>\n","protected":false},"excerpt":{"rendered":"<p>NTF var stofna\u00f0 svo snemma sem \u00e1ri\u00f0 1908 me\u00f0 \u00fea\u00f0 a\u00f0 markmi\u00f0i a\u00f0 sameina norr\u00e6n flutningast\u00e9ttarf\u00e9l\u00f6g. \u00cd dag er NTF f\u00e9lag 40 mismunandi st\u00e9ttarf\u00e9laga fyrir flutningaf\u00f3lk \u00ed Finnlandi, Noregi, Sv\u00ed\u00fej\u00f3\u00f0, \u00cdslandi og Danm\u00f6rku me\u00f0 F\u00e6reyjum. Alls erum vi\u00f0 fulltr\u00faar 340.000 f\u00e9lagsmanna \u2013 flutningaf\u00f3lks \u00ed sj\u00f6 mismunandi starfsgreinum. Me\u00f0 \u00fev\u00ed a\u00f0 vinna saman \u00fevert \u00e1 landam\u00e6ri [&hellip;]<\/p>\n","protected":false},"author":1,"featured_media":0,"parent":0,"menu_order":0,"comment_status":"closed","ping_status":"closed","template":"","meta":{"_et_pb_use_builder":"on","_et_pb_old_content":"","_et_gb_content_width":""},"_links":{"self":[{"href":"https:\/\/www.nordictransport.org\/is\/wp-json\/wp\/v2\/pages\/1616"}],"collection":[{"href":"https:\/\/www.nordictransport.org\/is\/wp-json\/wp\/v2\/pages"}],"about":[{"href":"https:\/\/www.nordictransport.org\/is\/wp-json\/wp\/v2\/types\/page"}],"author":[{"embeddable":true,"href":"https:\/\/www.nordictransport.org\/is\/wp-json\/wp\/v2\/users\/1"}],"replies":[{"embeddable":true,"href":"https:\/\/www.nordictransport.org\/is\/wp-json\/wp\/v2\/comments?post=1616"}],"version-history":[{"count":29,"href":"https:\/\/www.nordictransport.org\/is\/wp-json\/wp\/v2\/pages\/1616\/revisions"}],"predecessor-version":[{"id":2742,"href":"https:\/\/www.nordictransport.org\/is\/wp-json\/wp\/v2\/pages\/1616\/revisions\/2742"}],"wp:attachment":[{"href":"https:\/\/www.nordictransport.org\/is\/wp-json\/wp\/v2\/media?parent=1616"}],"curies":[{"name":"wp","href":"https:\/\/api.w.org\/{rel}","templated":true}]}}