{"id":1683,"date":"2021-08-25T16:26:52","date_gmt":"2021-08-25T14:26:52","guid":{"rendered":"https:\/\/www.nordictransport.org\/cookies\/"},"modified":"2022-11-16T11:52:29","modified_gmt":"2022-11-16T09:52:29","slug":"cookies","status":"publish","type":"page","link":"https:\/\/www.nordictransport.org\/is\/cookies\/","title":{"rendered":"Cookies"},"content":{"rendered":"<p>[et_pb_section fb_built=&#8220;1&#8243; fullwidth=&#8220;on&#8220; admin_label=&#8220;Hero Section&#8220; _builder_version=&#8220;4.9.4&#8243; background_image=&#8220;https:\/\/www.nordictransport.org\/wp-content\/uploads\/2021\/05\/iStock-1182485588-scaled.jpg&#8220; global_colors_info=&#8220;{}&#8220;][et_pb_fullwidth_header title=&#8220;Cookies&#8220; text_orientation=&#8220;center&#8220; header_fullscreen=&#8220;on&#8220; background_overlay_color=&#8220;rgba(0,0,0,0.5)&#8220; title_font_color=&#8220;#ffffff&#8220; subhead_font_color=&#8220;#ffffff&#8220; _builder_version=&#8220;4.9.4&#8243; title_font=&#8220;Nunito||||||||&#8220; title_text_color=&#8220;#ffffff&#8220; title_font_size=&#8220;80px&#8220; content_font=&#8220;||||||||&#8220; subhead_font=&#8220;Open Sans||||||||&#8220; subhead_text_color=&#8220;#ffffff&#8220; subhead_font_size=&#8220;24px&#8220; subhead_line_height=&#8220;1.6em&#8220; background_color=&#8220;rgba(255, 255, 255, 0)&#8220; background_enable_image=&#8220;off&#8220; custom_button_one=&#8220;on&#8220; button_one_text_size=&#8220;14px&#8220; button_one_text_color=&#8220;#ffffff&#8220; button_one_bg_color=&#8220;#0099e5&#8243; button_one_border_width=&#8220;12px&#8220; button_one_border_color=&#8220;#0099e5&#8243; button_one_border_radius=&#8220;0px&#8220; button_one_letter_spacing=&#8220;2px&#8220; button_one_font=&#8220;Nunito|700||on|||||&#8220; button_one_use_icon=&#8220;off&#8220; background_layout=&#8220;light&#8220; animation_style=&#8220;fade&#8220; title_font_size_tablet=&#8220;&#8220; title_font_size_phone=&#8220;48px&#8220; title_font_size_last_edited=&#8220;on|phone&#8220; subhead_font_size_tablet=&#8220;&#8220; subhead_font_size_phone=&#8220;&#8220; subhead_font_size_last_edited=&#8220;on|phone&#8220; button_one_text_color_hover=&#8220;#ffffff&#8220; button_one_border_color_hover=&#8220;#0099e5&#8243; button_one_border_radius_hover=&#8220;0px&#8220; button_one_letter_spacing_hover=&#8220;2px&#8220; button_one_bg_color_hover=&#8220;#0099e5&#8243; global_colors_info=&#8220;{}&#8220; button_one_text_size__hover_enabled=&#8220;off&#8220; button_two_text_size__hover_enabled=&#8220;off&#8220; button_one_text_color__hover_enabled=&#8220;on&#8220; button_one_text_color__hover=&#8220;#ffffff&#8220; button_two_text_color__hover_enabled=&#8220;off&#8220; button_one_border_width__hover_enabled=&#8220;off&#8220; button_two_border_width__hover_enabled=&#8220;off&#8220; button_one_border_color__hover_enabled=&#8220;on&#8220; button_one_border_color__hover=&#8220;#0099e5&#8243; button_two_border_color__hover_enabled=&#8220;off&#8220; button_one_border_radius__hover_enabled=&#8220;on&#8220; button_one_border_radius__hover=&#8220;0px&#8220; button_two_border_radius__hover_enabled=&#8220;off&#8220; button_one_letter_spacing__hover_enabled=&#8220;on&#8220; button_one_letter_spacing__hover=&#8220;2px&#8220; button_two_letter_spacing__hover_enabled=&#8220;off&#8220; button_one_bg_color__hover_enabled=&#8220;on&#8220; button_one_bg_color__hover=&#8220;#0099e5&#8243; button_two_bg_color__hover_enabled=&#8220;off&#8220;][\/et_pb_fullwidth_header][\/et_pb_section][et_pb_section fb_built=&#8220;1&#8243; admin_label=&#8220;Our Story Section&#8220; _builder_version=&#8220;3.22&#8243; custom_padding=&#8220;8px||110px|||&#8220; global_colors_info=&#8220;{}&#8220;][et_pb_row admin_label=&#8220;Title Area&#8220; _builder_version=&#8220;3.25&#8243; custom_padding=&#8220;42px|0px|27px|0px||&#8220; global_colors_info=&#8220;{}&#8220;][et_pb_column type=&#8220;4_4&#8243; _builder_version=&#8220;3.25&#8243; custom_padding=&#8220;|||&#8220; global_colors_info=&#8220;{}&#8220; custom_padding__hover=&#8220;|||&#8220;][et_pb_text admin_label=&#8220;Title&#8220; _builder_version=&#8220;4.10.8&#8243; text_font=&#8220;||||||||&#8220; header_font=&#8220;||||||||&#8220; header_2_font=&#8220;Nunito||||||||&#8220; header_2_text_align=&#8220;center&#8220; header_2_text_color=&#8220;#263954&#8243; header_2_font_size=&#8220;36px&#8220; header_2_line_height=&#8220;1.4em&#8220; max_width=&#8220;600px&#8220; module_alignment=&#8220;center&#8220; custom_margin=&#8220;||5px|&#8220; animation_style=&#8220;fold&#8220; animation_direction=&#8220;bottom&#8220; animation_intensity_fold=&#8220;20%&#8220; animation_starting_opacity=&#8220;100%&#8220; hover_enabled=&#8220;0&#8243; global_colors_info=&#8220;{}&#8220; sticky_enabled=&#8220;0&#8243;]<\/p>\n<div class=\"et_pb_module et_pb_text et_pb_text_1  et_pb_text_align_left et_pb_bg_layout_light\">\n<div class=\"et_pb_text_inner\">\n<h2 class=\"et_pb_text_inner\" style=\"text-align: left;\">Om Cookies<\/h2>\n<p>En cookie \u00e4r en liten textfil som webbplatsen du bes\u00f6ker sparar p\u00e5 din dator. H\u00e4r f\u00e5r du information om hur cookies anv\u00e4nds p\u00e5 v\u00e5r webbplats. V\u00e5r str\u00e4van \u00e4r att anv\u00e4nda s\u00e5 f\u00e5 kakor (cookies) som m\u00f6jligt.<\/p>\n<h4 class=\"et_pb_text_inner\" style=\"text-align: left;\">AcceptCookies<\/h4>\n<p class=\"et_pb_text_inner\" style=\"text-align: left;\">Det \u00e4r en cookie som s\u00e4tts av oss. Denna cookie anv\u00e4nds f\u00f6r att g\u00f6mma informationstexten om att webbplatsen anv\u00e4nder sig av cookies, f\u00f6r de bes\u00f6kare som redan st\u00e4ngt den. Den sparas endast s\u00e5 l\u00e4nge det \u00e4r n\u00f6dv\u00e4ndigt (normalt 1 \u00e5r).<\/p>\n<h4 class=\"et_pb_text_inner\" style=\"text-align: left;\">SessionID<\/h4>\n<p class=\"et_pb_text_inner\" style=\"text-align: left;\">Det \u00e4r en cookie som s\u00e4tts av oss. Den anv\u00e4nds f\u00f6r att h\u00e5lla koll p\u00e5 bes\u00f6k p\u00e5 webbplatsen som \u00e4r associerad med en viss bes\u00f6kares webbl\u00e4sare och klient. Cookien kr\u00e4vs f\u00f6r att webbplatsen ska fungera korrekt, och den skapas automatiskt. Cookien inneh\u00e5ller ingen personlig information. Bes\u00f6karen kan inte anv\u00e4nda webbplatsens fulla kapacitet utan denna cookie. Den sparas under sessionen och f\u00f6rsvinner n\u00e4r du st\u00e4nger din webbl\u00e4sare.<\/p>\n<h4 class=\"et_pb_text_inner\" style=\"text-align: left;\">Analysverktyg f\u00f6r webbstatistik<\/h4>\n<p class=\"et_pb_module et_pb_text et_pb_text_1  et_pb_text_align_left et_pb_bg_layout_light\">Vi anv\u00e4nder v\u00e5r leverant\u00f6rs funktion f\u00f6r webbstatistik. Den \u00e4r anonymiserad och ger oss en f\u00f6renklad bild \u00f6ver endast de g\u00e5nger webbplatsen bes\u00f6kts.<\/p>\n<h4 class=\"et_pb_text_inner\" style=\"text-align: left;\">Hur st\u00e4nger jag av kakor?<\/h4>\n<p class=\"et_pb_text_inner\" style=\"text-align: left;\">Om du inte vill till\u00e5ta lagring av kakor p\u00e5 din dator kan du st\u00e4nga av det i din webbl\u00e4sares inst\u00e4llningar. D\u00e5 kommer inga kakor att lagras.<\/p>\n<h4 class=\"et_pb_text_inner\" style=\"text-align: left;\">Mer information<\/h4>\n<p class=\"et_pb_text_inner\" style=\"text-align: left;\">Mer information om cookies och elektronisk kommunikation finns p\u00e5 Post- och Telestyrelsens webbplats.<a href=\"https:\/\/www.pts.se\/\" target=\"_blank\" rel=\"noopener\" https:=\"\" www=\"\" pts=\"\" se=\"\" a=\"\"><\/a><\/p>\n<\/div>\n<\/div>\n<p>[\/et_pb_text][et_pb_divider color=&#8220;#0099e5&#8243; divider_position=&#8220;center&#8220; divider_weight=&#8220;2px&#8220; _builder_version=&#8220;3.2&#8243; max_width=&#8220;50px&#8220; module_alignment=&#8220;center&#8220; global_colors_info=&#8220;{}&#8220;][\/et_pb_divider][\/et_pb_column][\/et_pb_row][et_pb_row admin_label=&#8220;Text Area&#8220; _builder_version=&#8220;3.25&#8243; global_colors_info=&#8220;{}&#8220;][et_pb_column type=&#8220;4_4&#8243; _builder_version=&#8220;3.25&#8243; custom_padding=&#8220;|||&#8220; global_colors_info=&#8220;{}&#8220; custom_padding__hover=&#8220;|||&#8220;][et_pb_divider _builder_version=&#8220;4.6.5&#8243; _module_preset=&#8220;default&#8220; global_colors_info=&#8220;{}&#8220;][\/et_pb_divider][\/et_pb_column][\/et_pb_row][\/et_pb_section]<\/p>\n","protected":false},"excerpt":{"rendered":"<p>Om Cookies En cookie \u00e4r en liten textfil som webbplatsen du bes\u00f6ker sparar p\u00e5 din dator. H\u00e4r f\u00e5r du information om hur cookies anv\u00e4nds p\u00e5 v\u00e5r webbplats. V\u00e5r str\u00e4van \u00e4r att anv\u00e4nda s\u00e5 f\u00e5 kakor (cookies) som m\u00f6jligt. AcceptCookies Det \u00e4r en cookie som s\u00e4tts av oss. Denna cookie anv\u00e4nds f\u00f6r att g\u00f6mma informationstexten om [&hellip;]<\/p>\n","protected":false},"author":1,"featured_media":0,"parent":0,"menu_order":0,"comment_status":"closed","ping_status":"closed","template":"","meta":{"_et_pb_use_builder":"on","_et_pb_old_content":"","_et_gb_content_width":""},"_links":{"self":[{"href":"https:\/\/www.nordictransport.org\/is\/wp-json\/wp\/v2\/pages\/1683"}],"collection":[{"href":"https:\/\/www.nordictransport.org\/is\/wp-json\/wp\/v2\/pages"}],"about":[{"href":"https:\/\/www.nordictransport.org\/is\/wp-json\/wp\/v2\/types\/page"}],"author":[{"embeddable":true,"href":"https:\/\/www.nordictransport.org\/is\/wp-json\/wp\/v2\/users\/1"}],"replies":[{"embeddable":true,"href":"https:\/\/www.nordictransport.org\/is\/wp-json\/wp\/v2\/comments?post=1683"}],"version-history":[{"count":4,"href":"https:\/\/www.nordictransport.org\/is\/wp-json\/wp\/v2\/pages\/1683\/revisions"}],"predecessor-version":[{"id":2478,"href":"https:\/\/www.nordictransport.org\/is\/wp-json\/wp\/v2\/pages\/1683\/revisions\/2478"}],"wp:attachment":[{"href":"https:\/\/www.nordictransport.org\/is\/wp-json\/wp\/v2\/media?parent=1683"}],"curies":[{"name":"wp","href":"https:\/\/api.w.org\/{rel}","templated":true}]}}