{"id":1698,"date":"2021-08-25T16:41:51","date_gmt":"2021-08-25T14:41:51","guid":{"rendered":"https:\/\/www.nordictransport.org\/tengilidir-ntf\/"},"modified":"2023-08-21T12:03:28","modified_gmt":"2023-08-21T10:03:28","slug":"tengilidir-ntf","status":"publish","type":"page","link":"https:\/\/www.nordictransport.org\/is\/tengilidir-ntf\/","title":{"rendered":"Tengili\u00f0ir NTF"},"content":{"rendered":"<p>[et_pb_section fb_built=&#8220;1&#8243; fullwidth=&#8220;on&#8220; admin_label=&#8220;Hero Section&#8220; _builder_version=&#8220;4.6.5&#8243; background_color=&#8220;#d6d6d6&#8243; background_image=&#8220;https:\/\/www.nordictransport.org\/wp-content\/uploads\/2020\/12\/KontaktaOss-scaled.jpg&#8220; global_colors_info=&#8220;{}&#8220;][et_pb_fullwidth_header title=&#8220;Haf\u00f0u samband vi\u00f0 okkur&#8220; text_orientation=&#8220;center&#8220; header_fullscreen=&#8220;on&#8220; background_overlay_color=&#8220;rgba(0,0,0,0.5)&#8220; title_font_color=&#8220;#ffffff&#8220; subhead_font_color=&#8220;#ffffff&#8220; admin_label=&#8220;Fullwidth Header&#8220; _builder_version=&#8220;4.6.5&#8243; title_font=&#8220;Nunito||||||||&#8220; title_text_color=&#8220;#ffffff&#8220; title_font_size=&#8220;80px&#8220; content_font=&#8220;||||||||&#8220; subhead_font=&#8220;Open Sans||||||||&#8220; subhead_text_color=&#8220;#ffffff&#8220; subhead_font_size=&#8220;24px&#8220; subhead_line_height=&#8220;1.6em&#8220; background_color=&#8220;rgba(255, 255, 255, 0)&#8220; background_enable_image=&#8220;off&#8220; custom_button_one=&#8220;on&#8220; button_one_text_size=&#8220;14px&#8220; button_one_text_color=&#8220;#ffffff&#8220; button_one_bg_color=&#8220;#0099e5&#8243; button_one_border_width=&#8220;12px&#8220; button_one_border_color=&#8220;#0099e5&#8243; button_one_border_radius=&#8220;0px&#8220; button_one_letter_spacing=&#8220;2px&#8220; button_one_font=&#8220;Nunito|700||on|||||&#8220; button_one_use_icon=&#8220;off&#8220; background_layout=&#8220;light&#8220; animation_style=&#8220;fade&#8220; title_font_size_tablet=&#8220;&#8220; title_font_size_phone=&#8220;48px&#8220; title_font_size_last_edited=&#8220;on|phone&#8220; subhead_font_size_tablet=&#8220;&#8220; subhead_font_size_phone=&#8220;&#8220; subhead_font_size_last_edited=&#8220;on|phone&#8220; border_radii_image=&#8220;off||||&#8220; button_one_text_color_hover=&#8220;#ffffff&#8220; button_one_border_color_hover=&#8220;#0099e5&#8243; button_one_border_radius_hover=&#8220;0px&#8220; button_one_letter_spacing_hover=&#8220;2px&#8220; button_one_bg_color_hover=&#8220;#0099e5&#8243; global_colors_info=&#8220;{}&#8220; button_one_text_size__hover_enabled=&#8220;off&#8220; button_two_text_size__hover_enabled=&#8220;off&#8220; button_one_text_color__hover_enabled=&#8220;on&#8220; button_one_text_color__hover=&#8220;#ffffff&#8220; button_two_text_color__hover_enabled=&#8220;off&#8220; button_one_border_width__hover_enabled=&#8220;off&#8220; button_two_border_width__hover_enabled=&#8220;off&#8220; button_one_border_color__hover_enabled=&#8220;on&#8220; button_one_border_color__hover=&#8220;#0099e5&#8243; button_two_border_color__hover_enabled=&#8220;off&#8220; button_one_border_radius__hover_enabled=&#8220;on&#8220; button_one_border_radius__hover=&#8220;0px&#8220; button_two_border_radius__hover_enabled=&#8220;off&#8220; button_one_letter_spacing__hover_enabled=&#8220;on&#8220; button_one_letter_spacing__hover=&#8220;2px&#8220; button_two_letter_spacing__hover_enabled=&#8220;off&#8220; button_one_bg_color__hover_enabled=&#8220;on&#8220; button_one_bg_color__hover=&#8220;#0099e5&#8243; button_two_bg_color__hover_enabled=&#8220;off&#8220;][\/et_pb_fullwidth_header][\/et_pb_section][et_pb_section fb_built=&#8220;1&#8243; admin_label=&#8220;FAQ Section&#8220; _builder_version=&#8220;3.22&#8243; background_color=&#8220;#f7f7f7&#8243; custom_padding=&#8220;40px||56px|||&#8220; global_colors_info=&#8220;{}&#8220;][et_pb_row admin_label=&#8220;Title Area&#8220; _builder_version=&#8220;3.25&#8243; custom_padding=&#8220;||4px|||&#8220; global_colors_info=&#8220;{}&#8220;][et_pb_column type=&#8220;4_4&#8243; _builder_version=&#8220;3.25&#8243; custom_padding=&#8220;|||&#8220; global_colors_info=&#8220;{}&#8220; custom_padding__hover=&#8220;|||&#8220;][et_pb_text admin_label=&#8220;Title&#8220; _builder_version=&#8220;4.9.4&#8243; text_font=&#8220;||||||||&#8220; header_font=&#8220;||||||||&#8220; header_2_font=&#8220;Nunito||||||||&#8220; header_2_text_align=&#8220;center&#8220; header_2_text_color=&#8220;#263954&#8243; header_2_font_size=&#8220;36px&#8220; header_2_line_height=&#8220;1.4em&#8220; max_width=&#8220;700px&#8220; module_alignment=&#8220;center&#8220; custom_margin=&#8220;||5px|&#8220; animation_style=&#8220;fold&#8220; animation_direction=&#8220;bottom&#8220; animation_intensity_fold=&#8220;20%&#8220; animation_starting_opacity=&#8220;100%&#8220; global_colors_info=&#8220;{}&#8220;]<\/p>\n<h2>Tengili\u00f0ir NTF<\/h2>\n<p>[\/et_pb_text][\/et_pb_column][\/et_pb_row][et_pb_row _builder_version=&#8220;4.11.2&#8243; _module_preset=&#8220;default&#8220; column_structure=&#8220;1_2,1_2&#8243; hover_enabled=&#8220;0&#8243; sticky_enabled=&#8220;0&#8243;][et_pb_column _builder_version=&#8220;4.11.2&#8243; _module_preset=&#8220;default&#8220; type=&#8220;1_2&#8243;][et_pb_image src=&#8220;https:\/\/www.nordictransport.org\/wp-content\/uploads\/2023\/08\/ismo_kokko_18.jpg&#8220; _builder_version=&#8220;4.11.2&#8243; _module_preset=&#8220;default&#8220; title_text=&#8220;Ismo Kokko AKT puheenjohtaja 09.12.2021. Compic\/Kimmo Brandt&#8220; align=&#8220;center&#8220; max_width=&#8220;60%&#8220; hover_enabled=&#8220;0&#8243; sticky_enabled=&#8220;0&#8243; custom_margin=&#8220;||7px|||&#8220;][\/et_pb_image][et_pb_text _builder_version=&#8220;4.11.2&#8243; _module_preset=&#8220;default&#8220; hover_enabled=&#8220;0&#8243; sticky_enabled=&#8220;0&#8243; custom_margin=&#8220;||5px|||&#8220; text_font_size=&#8220;9px&#8220; text_text_color=&#8220;#0466C8&#8243;]<\/p>\n<p style=\"text-align: center;\">Mynd: Kimmo Brandt<\/p>\n<p>[\/et_pb_text][et_pb_text _builder_version=&#8220;4.11.2&#8243; _module_preset=&#8220;default&#8220; hover_enabled=&#8220;0&#8243; sticky_enabled=&#8220;0&#8243;]<\/p>\n<p style=\"text-align: center;\"><strong>Ismo Kokko<\/strong><\/p>\n<p style=\"text-align: center;\">Forma\u00f0ur<\/p>\n<p style=\"text-align: center;\">nafn.eftirnafn@akt.fi<\/p>\n<p>[\/et_pb_text][\/et_pb_column][et_pb_column _builder_version=&#8220;4.11.2&#8243; _module_preset=&#8220;default&#8220; type=&#8220;1_2&#8243;][et_pb_image src=&#8220;https:\/\/www.nordictransport.org\/wp-content\/uploads\/2023\/08\/AnuHietala1.jpg&#8220; _builder_version=&#8220;4.11.2&#8243; _module_preset=&#8220;default&#8220; title_text=&#8220;AnuHietala1&#8243; hover_enabled=&#8220;0&#8243; sticky_enabled=&#8220;0&#8243; max_width=&#8220;75%&#8220; custom_margin=&#8220;||5px|||&#8220; align=&#8220;center&#8220;][\/et_pb_image][et_pb_text _builder_version=&#8220;4.11.2&#8243; _module_preset=&#8220;default&#8220; hover_enabled=&#8220;0&#8243; sticky_enabled=&#8220;0&#8243; custom_margin=&#8220;||5px|||&#8220; text_font_size=&#8220;9px&#8220; text_text_color=&#8220;#0466C8&#8243;]<\/p>\n<p style=\"text-align: center;\">Mynd: H\u00e5kan M\u00e5lb\u00e4ck<\/p>\n<p>[\/et_pb_text][et_pb_text _builder_version=&#8220;4.11.2&#8243; _module_preset=&#8220;default&#8220; hover_enabled=&#8220;0&#8243; sticky_enabled=&#8220;0&#8243;]<\/p>\n<p style=\"text-align: center;\"><strong>Anu Hietala<\/strong><\/p>\n<p style=\"text-align: center;\">A\u00f0alritari <\/p>\n<p style=\"text-align: center;\">Tel. +46706330231<\/p>\n<p style=\"text-align: center;\">nafn.eftirnafn@nordictransport.org<\/p>\n<p>[\/et_pb_text][\/et_pb_column][\/et_pb_row][et_pb_row _builder_version=&#8220;4.11.2&#8243; _module_preset=&#8220;default&#8220; column_structure=&#8220;1_2,1_2&#8243;][et_pb_column _builder_version=&#8220;4.11.2&#8243; _module_preset=&#8220;default&#8220; type=&#8220;1_2&#8243;][et_pb_image src=&#8220;https:\/\/www.nordictransport.org\/wp-content\/uploads\/2023\/08\/Christer.1.jpg&#8220; _builder_version=&#8220;4.11.2&#8243; _module_preset=&#8220;default&#8220; title_text=&#8220;Christer.1&#8243; align=&#8220;center&#8220; max_width=&#8220;75%&#8220; hover_enabled=&#8220;0&#8243; sticky_enabled=&#8220;0&#8243; custom_margin=&#8220;||16px|||&#8220;][\/et_pb_image][et_pb_text _builder_version=&#8220;4.11.2&#8243; _module_preset=&#8220;default&#8220; hover_enabled=&#8220;0&#8243; sticky_enabled=&#8220;0&#8243; custom_margin=&#8220;-15px||5px|||&#8220; text_font_size=&#8220;9px&#8220; text_text_color=&#8220;#0466C8&#8243;]<\/p>\n<p style=\"text-align: center;\">Mynd: H\u00e5kan M\u00e5lb\u00e4ck<\/p>\n<p>[\/et_pb_text][et_pb_text _builder_version=&#8220;4.11.2&#8243; _module_preset=&#8220;default&#8220; hover_enabled=&#8220;0&#8243; sticky_enabled=&#8220;0&#8243;]<\/p>\n<p style=\"text-align: center;\"><strong>Christer Norfall<\/strong><\/p>\n<p style=\"text-align: center;\">Samr\u00e6mari <\/p>\n<p style=\"text-align: center;\">Tel. +46706330241<\/p>\n<p style=\"text-align: center;\">nafn.eftirnafn@nordictransport.org<\/p>\n<p>[\/et_pb_text][\/et_pb_column][et_pb_column _builder_version=&#8220;4.11.2&#8243; _module_preset=&#8220;default&#8220; type=&#8220;1_2&#8243;][et_pb_image src=&#8220;https:\/\/www.nordictransport.org\/wp-content\/uploads\/2023\/08\/Lars.1.jpg&#8220; _builder_version=&#8220;4.11.2&#8243; _module_preset=&#8220;default&#8220; title_text=&#8220;Lars.1&#8243; max_width=&#8220;75%&#8220; hover_enabled=&#8220;0&#8243; sticky_enabled=&#8220;0&#8243; align=&#8220;center&#8220; custom_margin=&#8220;||10px|||&#8220;][\/et_pb_image][et_pb_text _builder_version=&#8220;4.11.2&#8243; _module_preset=&#8220;default&#8220; hover_enabled=&#8220;0&#8243; sticky_enabled=&#8220;0&#8243; custom_margin=&#8220;-9px||5px|||&#8220; text_font_size=&#8220;9px&#8220; text_text_color=&#8220;#0466C8&#8243;]<\/p>\n<p style=\"text-align: center;\">Mynd: H\u00e5kan M\u00e5lb\u00e4ck<\/p>\n<p>[\/et_pb_text][et_pb_text _builder_version=&#8220;4.11.2&#8243; _module_preset=&#8220;default&#8220; hover_enabled=&#8220;0&#8243; sticky_enabled=&#8220;0&#8243;]<\/p>\n<p style=\"text-align: center;\"><strong>Lars Lindgren<\/strong><\/p>\n<p style=\"text-align: center;\">ITF Auditor<\/p>\n<p style=\"text-align: center;\">eftirnafn_nafn@itf.org.uk<\/p>\n<p>[\/et_pb_text][\/et_pb_column][\/et_pb_row][\/et_pb_section][et_pb_section fb_built=&#8220;1&#8243; fullwidth=&#8220;on&#8220; _builder_version=&#8220;4.4.8&#8243; global_colors_info=&#8220;{}&#8220;][et_pb_fullwidth_map address=&#8220;Linn\u00e9gatan 14, 114 47 Stockholm, Sweden&#8220; zoom_level=&#8220;14&#8243; address_lat=&#8220;59.3377341&#8243; address_lng=&#8220;18.0773095&#8243; _builder_version=&#8220;4.9.4&#8243; _module_preset=&#8220;default&#8220; global_colors_info=&#8220;{}&#8220;][et_pb_map_pin title=&#8220;Norr\u00e6na flutningamannasambandi\u00f0&#8220; pin_address=&#8220;Linn\u00e9gatan 14, 114 47 Stockholm, Sweden&#8220; pin_address_lat=&#8220;59.3377341&#8243; pin_address_lng=&#8220;18.0773095&#8243; _builder_version=&#8220;4.9.4&#8243; _module_preset=&#8220;default&#8220; global_colors_info=&#8220;{}&#8220;][\/et_pb_map_pin][\/et_pb_fullwidth_map][\/et_pb_section][et_pb_section fb_built=&#8220;1&#8243; _builder_version=&#8220;4.4.8&#8243; global_colors_info=&#8220;{}&#8220;][et_pb_row _builder_version=&#8220;4.4.8&#8243; global_colors_info=&#8220;{}&#8220;][et_pb_column type=&#8220;4_4&#8243; _builder_version=&#8220;4.4.8&#8243; global_colors_info=&#8220;{}&#8220;][et_pb_contact_form email=&#8220;NTF@nordictransport.org&#8220; title=&#8220;Haf\u00f0u samband vi\u00f0 okkur&#8220; success_message=&#8220;\u00deakka \u00fe\u00e9r fyrir a\u00f0 hafa samband vi\u00f0 okkur&#8220; _builder_version=&#8220;4.10.8&#8243; global_colors_info=&#8220;{}&#8220;][et_pb_contact_field field_id=&#8220;Name&#8220; field_title=&#8220;Nafn&#8220; _builder_version=&#8220;3.16&#8243; global_colors_info=&#8220;{}&#8220; button_text_size__hover_enabled=&#8220;off&#8220; button_one_text_size__hover_enabled=&#8220;off&#8220; button_two_text_size__hover_enabled=&#8220;off&#8220; button_text_color__hover_enabled=&#8220;off&#8220; button_one_text_color__hover_enabled=&#8220;off&#8220; button_two_text_color__hover_enabled=&#8220;off&#8220; button_border_width__hover_enabled=&#8220;off&#8220; button_one_border_width__hover_enabled=&#8220;off&#8220; button_two_border_width__hover_enabled=&#8220;off&#8220; button_border_color__hover_enabled=&#8220;off&#8220; button_one_border_color__hover_enabled=&#8220;off&#8220; button_two_border_color__hover_enabled=&#8220;off&#8220; button_border_radius__hover_enabled=&#8220;off&#8220; button_one_border_radius__hover_enabled=&#8220;off&#8220; button_two_border_radius__hover_enabled=&#8220;off&#8220; button_letter_spacing__hover_enabled=&#8220;off&#8220; button_one_letter_spacing__hover_enabled=&#8220;off&#8220; button_two_letter_spacing__hover_enabled=&#8220;off&#8220; button_bg_color__hover_enabled=&#8220;off&#8220; button_one_bg_color__hover_enabled=&#8220;off&#8220; button_two_bg_color__hover_enabled=&#8220;off&#8220;][\/et_pb_contact_field][et_pb_contact_field field_id=&#8220;Email&#8220; field_title=&#8220;Netfang&#8220; field_type=&#8220;email&#8220; _builder_version=&#8220;3.16&#8243; global_colors_info=&#8220;{}&#8220; button_text_size__hover_enabled=&#8220;off&#8220; button_one_text_size__hover_enabled=&#8220;off&#8220; button_two_text_size__hover_enabled=&#8220;off&#8220; button_text_color__hover_enabled=&#8220;off&#8220; button_one_text_color__hover_enabled=&#8220;off&#8220; button_two_text_color__hover_enabled=&#8220;off&#8220; button_border_width__hover_enabled=&#8220;off&#8220; button_one_border_width__hover_enabled=&#8220;off&#8220; button_two_border_width__hover_enabled=&#8220;off&#8220; button_border_color__hover_enabled=&#8220;off&#8220; button_one_border_color__hover_enabled=&#8220;off&#8220; button_two_border_color__hover_enabled=&#8220;off&#8220; button_border_radius__hover_enabled=&#8220;off&#8220; button_one_border_radius__hover_enabled=&#8220;off&#8220; button_two_border_radius__hover_enabled=&#8220;off&#8220; button_letter_spacing__hover_enabled=&#8220;off&#8220; button_one_letter_spacing__hover_enabled=&#8220;off&#8220; button_two_letter_spacing__hover_enabled=&#8220;off&#8220; button_bg_color__hover_enabled=&#8220;off&#8220; button_one_bg_color__hover_enabled=&#8220;off&#8220; button_two_bg_color__hover_enabled=&#8220;off&#8220;][\/et_pb_contact_field][et_pb_contact_field field_id=&#8220;Message&#8220; field_title=&#8220;Skilabo\u00f0&#8220; field_type=&#8220;text&#8220; fullwidth_field=&#8220;on&#8220; _builder_version=&#8220;3.16&#8243; global_colors_info=&#8220;{}&#8220; button_text_size__hover_enabled=&#8220;off&#8220; button_one_text_size__hover_enabled=&#8220;off&#8220; button_two_text_size__hover_enabled=&#8220;off&#8220; button_text_color__hover_enabled=&#8220;off&#8220; button_one_text_color__hover_enabled=&#8220;off&#8220; button_two_text_color__hover_enabled=&#8220;off&#8220; button_border_width__hover_enabled=&#8220;off&#8220; button_one_border_width__hover_enabled=&#8220;off&#8220; button_two_border_width__hover_enabled=&#8220;off&#8220; button_border_color__hover_enabled=&#8220;off&#8220; button_one_border_color__hover_enabled=&#8220;off&#8220; button_two_border_color__hover_enabled=&#8220;off&#8220; button_border_radius__hover_enabled=&#8220;off&#8220; button_one_border_radius__hover_enabled=&#8220;off&#8220; button_two_border_radius__hover_enabled=&#8220;off&#8220; button_letter_spacing__hover_enabled=&#8220;off&#8220; button_one_letter_spacing__hover_enabled=&#8220;off&#8220; button_two_letter_spacing__hover_enabled=&#8220;off&#8220; button_bg_color__hover_enabled=&#8220;off&#8220; button_one_bg_color__hover_enabled=&#8220;off&#8220; button_two_bg_color__hover_enabled=&#8220;off&#8220;][\/et_pb_contact_field][\/et_pb_contact_form][\/et_pb_column][\/et_pb_row][\/et_pb_section]<\/p>\n","protected":false},"excerpt":{"rendered":"<p>Tengili\u00f0ir NTFMynd: Kimmo BrandtIsmo Kokko Forma\u00f0ur nafn.eftirnafn@akt.fiMynd: H\u00e5kan M\u00e5lb\u00e4ckAnu Hietala A\u00f0alritari Tel. +46706330231 nafn.eftirnafn@nordictransport.orgMynd: H\u00e5kan M\u00e5lb\u00e4ckChrister Norfall Samr\u00e6mari Tel. +46706330241 nafn.eftirnafn@nordictransport.orgMynd: H\u00e5kan M\u00e5lb\u00e4ckLars Lindgren ITF Auditor eftirnafn_nafn@itf.org.uk<\/p>\n","protected":false},"author":1,"featured_media":0,"parent":0,"menu_order":0,"comment_status":"closed","ping_status":"closed","template":"","meta":{"_et_pb_use_builder":"on","_et_pb_old_content":"","_et_gb_content_width":""},"_links":{"self":[{"href":"https:\/\/www.nordictransport.org\/is\/wp-json\/wp\/v2\/pages\/1698"}],"collection":[{"href":"https:\/\/www.nordictransport.org\/is\/wp-json\/wp\/v2\/pages"}],"about":[{"href":"https:\/\/www.nordictransport.org\/is\/wp-json\/wp\/v2\/types\/page"}],"author":[{"embeddable":true,"href":"https:\/\/www.nordictransport.org\/is\/wp-json\/wp\/v2\/users\/1"}],"replies":[{"embeddable":true,"href":"https:\/\/www.nordictransport.org\/is\/wp-json\/wp\/v2\/comments?post=1698"}],"version-history":[{"count":10,"href":"https:\/\/www.nordictransport.org\/is\/wp-json\/wp\/v2\/pages\/1698\/revisions"}],"predecessor-version":[{"id":2779,"href":"https:\/\/www.nordictransport.org\/is\/wp-json\/wp\/v2\/pages\/1698\/revisions\/2779"}],"wp:attachment":[{"href":"https:\/\/www.nordictransport.org\/is\/wp-json\/wp\/v2\/media?parent=1698"}],"curies":[{"name":"wp","href":"https:\/\/api.w.org\/{rel}","templated":true}]}}