{"id":1701,"date":"2021-08-25T16:46:58","date_gmt":"2021-08-25T14:46:58","guid":{"rendered":"https:\/\/www.nordictransport.org\/adildarsambond\/"},"modified":"2026-02-06T14:43:37","modified_gmt":"2026-02-06T12:43:37","slug":"adildarsambond","status":"publish","type":"page","link":"https:\/\/www.nordictransport.org\/is\/adildarsambond\/","title":{"rendered":"A\u00f0ildarsamb\u00f6nd"},"content":{"rendered":"<p>[et_pb_section fb_built=&#8220;1&#8243; fullwidth=&#8220;on&#8220; admin_label=&#8220;Hero Section&#8220; _builder_version=&#8220;4.11.2&#8243; background_image=&#8220;https:\/\/www.nordictransport.org\/wp-content\/uploads\/2024\/11\/ITF-2024-group-picture.jpg&#8220; global_colors_info=&#8220;{}&#8220;][et_pb_fullwidth_header title=&#8220;A\u00f0ildarsamb\u00f6nd&#8220; text_orientation=&#8220;center&#8220; header_fullscreen=&#8220;on&#8220; background_overlay_color=&#8220;rgba(0,0,0,0.5)&#8220; title_font_color=&#8220;#ffffff&#8220; subhead_font_color=&#8220;#ffffff&#8220; _builder_version=&#8220;4.8.2&#8243; title_font=&#8220;Nunito||||||||&#8220; title_text_color=&#8220;#ffffff&#8220; title_font_size=&#8220;80px&#8220; content_font=&#8220;||||||||&#8220; subhead_font=&#8220;Open Sans||||||||&#8220; subhead_text_color=&#8220;#ffffff&#8220; subhead_font_size=&#8220;24px&#8220; subhead_line_height=&#8220;1.6em&#8220; background_color=&#8220;rgba(255,255,255,0)&#8220; background_enable_image=&#8220;off&#8220; custom_button_one=&#8220;on&#8220; button_one_text_size=&#8220;14px&#8220; button_one_text_color=&#8220;#ffffff&#8220; button_one_bg_color=&#8220;#0099e5&#8243; button_one_border_width=&#8220;12px&#8220; button_one_border_color=&#8220;#0099e5&#8243; button_one_border_radius=&#8220;0px&#8220; button_one_letter_spacing=&#8220;2px&#8220; button_one_font=&#8220;Nunito|700||on|||||&#8220; button_one_use_icon=&#8220;off&#8220; background_layout=&#8220;light&#8220; animation_style=&#8220;fade&#8220; title_text_color_last_edited=&#8220;off|tablet&#8220; title_font_size_tablet=&#8220;57px&#8220; title_font_size_phone=&#8220;31px&#8220; title_font_size_last_edited=&#8220;on|phone&#8220; subhead_font_size_tablet=&#8220;&#8220; subhead_font_size_phone=&#8220;&#8220; subhead_font_size_last_edited=&#8220;on|phone&#8220; button_one_text_color_hover=&#8220;#ffffff&#8220; button_one_border_color_hover=&#8220;#0099e5&#8243; button_one_border_radius_hover=&#8220;0px&#8220; button_one_letter_spacing_hover=&#8220;2px&#8220; button_one_bg_color_hover=&#8220;#0099e5&#8243; global_colors_info=&#8220;{}&#8220; button_one_text_size__hover_enabled=&#8220;off&#8220; button_two_text_size__hover_enabled=&#8220;off&#8220; button_one_text_color__hover_enabled=&#8220;on&#8220; button_one_text_color__hover=&#8220;#ffffff&#8220; button_two_text_color__hover_enabled=&#8220;off&#8220; button_one_border_width__hover_enabled=&#8220;off&#8220; button_two_border_width__hover_enabled=&#8220;off&#8220; button_one_border_color__hover_enabled=&#8220;on&#8220; button_one_border_color__hover=&#8220;#0099e5&#8243; button_two_border_color__hover_enabled=&#8220;off&#8220; button_one_border_radius__hover_enabled=&#8220;on&#8220; button_one_border_radius__hover=&#8220;0px&#8220; button_two_border_radius__hover_enabled=&#8220;off&#8220; button_one_letter_spacing__hover_enabled=&#8220;on&#8220; button_one_letter_spacing__hover=&#8220;2px&#8220; button_two_letter_spacing__hover_enabled=&#8220;off&#8220; button_one_bg_color__hover_enabled=&#8220;on&#8220; button_one_bg_color__hover=&#8220;#0099e5&#8243; button_two_bg_color__hover_enabled=&#8220;off&#8220;][\/et_pb_fullwidth_header][\/et_pb_section][et_pb_section fb_built=&#8220;1&#8243; admin_label=&#8220;Category Search Section&#8220; _builder_version=&#8220;4.9.4&#8243; custom_padding=&#8220;0px||42px||false|false&#8220; global_colors_info=&#8220;{}&#8220;][et_pb_row _builder_version=&#8220;4.10.1&#8243; _module_preset=&#8220;default&#8220; custom_padding=&#8220;40px|||||&#8220; global_colors_info=&#8220;{}&#8220;][et_pb_column type=&#8220;4_4&#8243; _builder_version=&#8220;4.8.2&#8243; _module_preset=&#8220;default&#8220; global_colors_info=&#8220;{}&#8220;][et_pb_text _builder_version=&#8220;4.9.4&#8243; _module_preset=&#8220;default&#8220; global_colors_info=&#8220;{}&#8220;]<\/p>\n<h2>A\u00f0ildarsamb\u00f6nd<\/h2>\n<p>A\u00f0ildarsamb\u00f6nd samtakanna starfa um allan flutningageirann \u2013 v\u00f6ruflutninga \u00e1 vegum, almenningssamg\u00f6ngur, far\u00feegaflug, j\u00e1rnbrautir, skip og fiskvei\u00f0ar, hafnir og v\u00f6rufgrei\u00f0slu og v\u00f6ruh\u00fas.<\/p>\n<p>[\/et_pb_text][\/et_pb_column][\/et_pb_row][et_pb_row column_structure=&#8220;1_2,1_2&#8243; _builder_version=&#8220;4.10.1&#8243; _module_preset=&#8220;default&#8220; custom_margin=&#8220;-12px|auto||auto||&#8220; custom_padding=&#8220;14px|||||&#8220; global_colors_info=&#8220;{}&#8220;][et_pb_column type=&#8220;1_2&#8243; _builder_version=&#8220;4.8.2&#8243; _module_preset=&#8220;default&#8220; global_colors_info=&#8220;{}&#8220;][et_pb_image src=&#8220;https:\/\/www.nordictransport.org\/wp-content\/uploads\/2021\/05\/iStock-518960428-scaled.jpg&#8220; title_text=&#8220;Nyhavn historic Copenhagen harbor&#8220; _builder_version=&#8220;4.9.4&#8243; _module_preset=&#8220;default&#8220; global_colors_info=&#8220;{}&#8220;][\/et_pb_image][\/et_pb_column][et_pb_column type=&#8220;1_2&#8243; _builder_version=&#8220;4.8.2&#8243; _module_preset=&#8220;default&#8220; global_colors_info=&#8220;{}&#8220;][et_pb_text _builder_version=&#8220;4.9.4&#8243; _module_preset=&#8220;default&#8220; global_colors_info=&#8220;{}&#8220;]<\/p>\n<h3>Danm\u00f6rk<\/h3>\n<p>______<\/p>\n<p><a title=\"\" href=\"http:\/\/www.brancheorganisationen.dk\/\" target=\"_blank\" rel=\"noopener noreferrer\">Brancheorganisationen Luftfart og Jernbane<\/a><\/p>\n<p><a title=\"\" href=\"http:\/\/www.co-sea.dk\/\" target=\"_blank\" rel=\"noopener noreferrer\">CO-S\u00f8fart<\/a><\/p>\n<p><a title=\"\" href=\"https:\/\/www.danskmetal.dk\/\" target=\"_blank\" rel=\"noopener noreferrer\">Dansk Metalarbejderforbund<\/a><\/p>\n<p><a title=\"\" href=\"https:\/\/www.3f.dk\/\" target=\"_blank\" rel=\"noopener noreferrer\">Fagligt F\u00e6lles Forbund 3F<\/a><\/p>\n<p><a title=\"\" href=\"https:\/\/www.hk.dk\/omhk\/sektor\/hk-privat\" target=\"_blank\" rel=\"noopener noreferrer\">HK\/Privat<\/a><\/p>\n<p><a title=\"\" href=\"https:\/\/www.serviceforbundet.dk\/\" target=\"_blank\" rel=\"noopener noreferrer\">Serviceforbundet<\/a><\/p>\n<p>[\/et_pb_text][\/et_pb_column][\/et_pb_row][et_pb_row column_structure=&#8220;1_2,1_2&#8243; _builder_version=&#8220;4.8.2&#8243; _module_preset=&#8220;default&#8220; custom_padding=&#8220;15px|||||&#8220; global_colors_info=&#8220;{}&#8220;][et_pb_column type=&#8220;1_2&#8243; _builder_version=&#8220;4.8.2&#8243; _module_preset=&#8220;default&#8220; global_colors_info=&#8220;{}&#8220;][et_pb_text _builder_version=&#8220;4.9.4&#8243; _module_preset=&#8220;default&#8220; global_colors_info=&#8220;{}&#8220;]<\/p>\n<h3>Finnland<\/h3>\n<p>______<\/p>\n<p><a href=\"https:\/\/www.proliitto.fi\/\">Ammattiliitto Pro<\/a><\/p>\n<p><a href=\"https:\/\/www.akt.fi\/\" target=\"_blank\" rel=\"noopener noreferrer\">Auto- ja Kuljetusalan Ty\u00f6ntekij\u00e4liitto AKT ry<\/a><\/p>\n<p><a title=\"\" href=\"https:\/\/www.iau.fi\/\" target=\"_blank\" rel=\"noopener noreferrer\">Ilmailualan Unioni IAU ry<\/a><\/p>\n<p><a title=\"http:\/\/rautl.fi\/ \u00a0\" href=\"https:\/\/www.jhl.fi\/\" target=\"_blank\" rel=\"noopener noreferrer\">JHL<\/a><\/p>\n<p><a title=\"\" href=\"https:\/\/www.raury.fi\/\" target=\"\" rel=\"noopener noreferrer\">Rautatiealan Unioni RAU ry<\/a><\/p>\n<p><a title=\"\" href=\"https:\/\/www.konepaallystoliitto.fi\/\" target=\"_blank\" rel=\"noopener noreferrer\">Suomen Konep\u00e4\u00e4llyst\u00f6liitto\u00a0<\/a><\/p>\n<p><a title=\"\" href=\"https:\/\/www.seacommand.fi\/\" target=\"_blank\" rel=\"noopener noreferrer\">Suomen Laivanp\u00e4\u00e4llyst\u00f6liitto ry<\/a><\/p>\n<p><a title=\"\" href=\"https:\/\/www.smu.fi\/\" target=\"_blank\" rel=\"noopener noreferrer\">Suomen Merimies-Unioni ry<\/a><\/p>\n<p><a title=\"\" href=\"https:\/\/www.erto.fi\/\" target=\"_blank\" rel=\"noopener noreferrer\">Toimihenkil\u00f6liitto ERTO ry<\/a><\/p>\n<p>[\/et_pb_text][\/et_pb_column][et_pb_column type=&#8220;1_2&#8243; _builder_version=&#8220;4.8.2&#8243; _module_preset=&#8220;default&#8220; global_colors_info=&#8220;{}&#8220;][et_pb_image src=&#8220;https:\/\/www.nordictransport.org\/wp-content\/uploads\/2021\/05\/iStock-609915700-scaled.jpg&#8220; title_text=&#8220;View of Ferris wheel, port and ferry in Helsinki Finland&#8220; _builder_version=&#8220;4.9.4&#8243; _module_preset=&#8220;default&#8220; global_colors_info=&#8220;{}&#8220;][\/et_pb_image][\/et_pb_column][\/et_pb_row][et_pb_row column_structure=&#8220;1_2,1_2&#8243; _builder_version=&#8220;4.8.2&#8243; _module_preset=&#8220;default&#8220; custom_padding=&#8220;14px|||||&#8220; global_colors_info=&#8220;{}&#8220;][et_pb_column type=&#8220;1_2&#8243; _builder_version=&#8220;4.8.2&#8243; _module_preset=&#8220;default&#8220; global_colors_info=&#8220;{}&#8220;][et_pb_image src=&#8220;https:\/\/www.nordictransport.org\/wp-content\/uploads\/2021\/05\/iStock-1206286339-scaled.jpg&#8220; title_text=&#8220;reflections of village at Faroe Islands&#8220; _builder_version=&#8220;4.9.4&#8243; _module_preset=&#8220;default&#8220; global_colors_info=&#8220;{}&#8220;][\/et_pb_image][\/et_pb_column][et_pb_column type=&#8220;1_2&#8243; _builder_version=&#8220;4.8.2&#8243; _module_preset=&#8220;default&#8220; global_colors_info=&#8220;{}&#8220;][et_pb_text _builder_version=&#8220;4.11.2&#8243; _module_preset=&#8220;default&#8220; hover_enabled=&#8220;0&#8243; global_colors_info=&#8220;{}&#8220; sticky_enabled=&#8220;0&#8243;]<\/p>\n<h3>F\u00e6reyjar<\/h3>\n<p><a href=\"https:\/\/www.fafelag.fo\/\">F\u00f8roya Arbei\u00f0arafelag<\/a><\/p>\n<p><a href=\"http:\/\/www.fiskimannafelag.fo\/\" target=\"_blank\" rel=\"noopener noreferrer\">F\u00f8roya Fiskimannafelag<\/a><\/p>\n<p><a href=\"https:\/\/www.haf.fo\/\">Havnar arbei\u00f0arfelag<\/a><\/p>\n<p>[\/et_pb_text][\/et_pb_column][\/et_pb_row][et_pb_row column_structure=&#8220;1_2,1_2&#8243; _builder_version=&#8220;4.8.2&#8243; _module_preset=&#8220;default&#8220; custom_padding=&#8220;14px|||||&#8220; global_colors_info=&#8220;{}&#8220;][et_pb_column type=&#8220;1_2&#8243; _builder_version=&#8220;4.8.2&#8243; _module_preset=&#8220;default&#8220; global_colors_info=&#8220;{}&#8220;][et_pb_text _builder_version=&#8220;4.9.4&#8243; _module_preset=&#8220;default&#8220; global_colors_info=&#8220;{}&#8220;]<\/p>\n<h3>\u00cdsland<\/h3>\n<p>______<\/p>\n<p><a title=\"\" href=\"http:\/\/www.fia.is\/\" target=\"_blank\" rel=\"noopener noreferrer\">F\u00e9lag \u00cdslenskra Atvinnuflugmanna\u00a0<\/a><\/p>\n<p><a title=\"\" href=\"http:\/\/www.ffi.is\/\" target=\"_blank\" rel=\"noopener noreferrer\">Flugfreyjuf\u00e9lag \u00cdslands\u00a0\u00a0<\/a><\/p>\n<p><a title=\"\" href=\"http:\/\/www.flug.is\/\" target=\"_blank\" rel=\"noopener noreferrer\">Flugvirkjaf\u00e9lag \u00cdslands\u00a0\u00a0<\/a><\/p>\n<p><a title=\"\" href=\"https:\/\/www.sjomenn.is\/\" target=\"_blank\" rel=\"noopener noreferrer\">Sj\u00f3mannaf\u00e9lag \u00cdslands<\/a><\/p>\n<p>[\/et_pb_text][\/et_pb_column][et_pb_column type=&#8220;1_2&#8243; _builder_version=&#8220;4.8.2&#8243; _module_preset=&#8220;default&#8220; global_colors_info=&#8220;{}&#8220;][et_pb_image src=&#8220;https:\/\/www.nordictransport.org\/wp-content\/uploads\/2021\/05\/iStock-486632798-scaled.jpg&#8220; title_text=&#8220;Althing reflection&#8220; _builder_version=&#8220;4.9.4&#8243; _module_preset=&#8220;default&#8220; global_colors_info=&#8220;{}&#8220;][\/et_pb_image][\/et_pb_column][\/et_pb_row][et_pb_row column_structure=&#8220;1_2,1_4,1_4&#8243; _builder_version=&#8220;4.8.2&#8243; _module_preset=&#8220;default&#8220; custom_margin=&#8220;6px|auto||auto||&#8220; custom_padding=&#8220;16px|||||&#8220; global_colors_info=&#8220;{}&#8220;][et_pb_column type=&#8220;1_2&#8243; _builder_version=&#8220;4.8.2&#8243; _module_preset=&#8220;default&#8220; global_colors_info=&#8220;{}&#8220;][et_pb_image src=&#8220;https:\/\/www.nordictransport.org\/wp-content\/uploads\/2021\/05\/iStock-502836942-scaled.jpg&#8220; title_text=&#8220;Modern buildings in Oslo with their reflection into the water&#8220; _builder_version=&#8220;4.9.4&#8243; _module_preset=&#8220;default&#8220; global_colors_info=&#8220;{}&#8220;][\/et_pb_image][\/et_pb_column][et_pb_column type=&#8220;1_4&#8243; _builder_version=&#8220;4.8.2&#8243; _module_preset=&#8220;default&#8220; global_colors_info=&#8220;{}&#8220;][et_pb_text _builder_version=&#8220;4.11.2&#8243; _module_preset=&#8220;default&#8220; global_colors_info=&#8220;{}&#8220;]<\/p>\n<h3>Noregur<\/h3>\n<p>______<\/p>\n<p><a href=\"https:\/\/www.dnmf.no\/Sider\/default.aspx\">Det Norske Maskinistforbund\u00a0\u00a0<\/a><\/p>\n<p><a href=\"https:\/\/www.fagforbundet.no\/\">Fagforbundet i Norge\u00a0\u00a0<\/a><\/p>\n<p><a href=\"https:\/\/www.fellesforbundet.no\/\">Fellesforbundet\u00a0\u00a0<\/a><\/p>\n<p><a href=\"http:\/\/www.hkinfo.no\/\">Handel og Kontor i Norge\u00a0\u00a0<\/a><\/p>\n<p><a href=\"https:\/\/www.industrienergi.no\/\">Industri Energi <\/a><\/p>\n<p><a href=\"https:\/\/kabinansattesforbund.no\/\">Kabinansattes Forbund<\/a><\/p>\n<p><a href=\"http:\/\/njf.no\/\">Norsk Jernbaneforbund\u00a0<\/a><\/p>\n<p><a href=\"http:\/\/www.lokmann.no\/\">Norsk Lokomotivmannsforbund\u00a0\u00a0<\/a><\/p>\n<p>[\/et_pb_text][\/et_pb_column][et_pb_column type=&#8220;1_4&#8243; _builder_version=&#8220;4.8.2&#8243; _module_preset=&#8220;default&#8220; global_colors_info=&#8220;{}&#8220;][et_pb_text content_tablet=&#8220;<\/p>\n<\/p>\n<p><a href=%22https:\/\/www.sjomannsforbundet.no\/%22>Norsk Sj\u00f8mannsforbund <\/a><\/p>\n<p><a href=%22https:\/\/nsof.no\/%22>Norsk Sj\u00f8offisersforbund <\/a><\/p>\n<p><a href=%22http:\/\/www.ntl.no\/forside%22>Norsk Tjenestemannslag <\/a><\/p>\n<p><a href=%22https:\/\/www.parat.com\/%22>Parat <\/a><\/p>\n<p><a href=%22https:\/\/www.ytf.no\/%22>Yrkestrafikkforbundet<\/a><\/p>\n<p>&#8220; content_phone=&#8220;<\/p>\n<p><a href=%22https:\/\/www.sjomannsforbundet.no\/%22>Norsk Sj\u00f8mannsforbund <\/a><\/p>\n<p><a href=%22https:\/\/nsof.no\/%22>Norsk Sj\u00f8offisersforbund <\/a><\/p>\n<p><a href=%22http:\/\/www.ntl.no\/forside%22>Norsk Tjenestemannslag <\/a><\/p>\n<p><a href=%22https:\/\/www.parat.com\/%22>Parat <\/a><\/p>\n<p><a href=%22https:\/\/www.ytf.no\/%22>Yrkestrafikkforbundet<\/a><\/p>\n<p>&#8220; content_last_edited=&#8220;on|phone&#8220; _builder_version=&#8220;4.9.4&#8243; _module_preset=&#8220;default&#8220; custom_margin=&#8220;-3px||||false|false&#8220; custom_margin_tablet=&#8220;0px||||false|false&#8220; custom_margin_phone=&#8220;-17px||||false|false&#8220; custom_margin_last_edited=&#8220;on|desktop&#8220; global_colors_info=&#8220;{}&#8220;]<\/p>\n<h2>\u00a0<\/h2>\n<p>&nbsp;<\/p>\n<p><a href=\"https:\/\/www.sjomannsforbundet.no\/\">Norsk Sj\u00f8mannsforbund\u00a0\u00a0<\/a><\/p>\n<p><a href=\"https:\/\/nsof.no\/\">Norsk Sj\u00f8offisersforbund\u00a0\u00a0<\/a><\/p>\n<p><a href=\"http:\/\/www.ntl.no\/forside\">Norsk Tjenestemannslag\u00a0\u00a0<\/a><\/p>\n<p><a href=\"https:\/\/www.parat.com\/\">Parat\u00a0\u00a0<\/a><\/p>\n<p><a href=\"https:\/\/www.ytf.no\/\">Yrkestrafikkforbundet<\/a><\/p>\n<p>[\/et_pb_text][\/et_pb_column][\/et_pb_row][et_pb_row column_structure=&#8220;1_2,1_2&#8243; _builder_version=&#8220;4.8.2&#8243; _module_preset=&#8220;default&#8220; custom_padding=&#8220;16px|||||&#8220; global_colors_info=&#8220;{}&#8220;][et_pb_column type=&#8220;1_2&#8243; _builder_version=&#8220;4.8.2&#8243; _module_preset=&#8220;default&#8220; global_colors_info=&#8220;{}&#8220;][et_pb_text _builder_version=&#8220;4.9.4&#8243; _module_preset=&#8220;default&#8220; global_colors_info=&#8220;{}&#8220;]<\/p>\n<h3>Sv\u00ed\u00fej\u00f3\u00f0<\/h3>\n<p>______<\/p>\n<p><a title=\"\" href=\"https:\/\/www.st.org\/\" target=\"_blank\" rel=\"noopener noreferrer\">Fackf\u00f6rbundet ST\u00a0<\/a><\/p>\n<p><a title=\"\" href=\"https:\/\/www.ledarna.se\/branschforeningar\/ledarna-inom-transport-logistik\/\" target=\"_blank\" rel=\"noopener noreferrer\">Ledarna\u00a0\u00a0<\/a><\/p>\n<p><a title=\"\" href=\"https:\/\/www.seko.se\/\" target=\"_blank\" rel=\"noopener noreferrer\">Seko, Service- och kommunikationsfacket\u00a0<\/a><\/p>\n<p><a title=\"\" href=\"http:\/\/www.sjobefalsforeningen.se\/\" target=\"_blank\" rel=\"noopener noreferrer\">Sj\u00f6bef\u00e4lsf\u00f6reningen\u00a0\u00a0<\/a><\/p>\n<p><a title=\"\" href=\"https:\/\/www.kommunal.se\/\" target=\"_blank\" rel=\"noopener noreferrer\">Svenska Kommunalarbetaref\u00f6rbundet\u00a0\u00a0<\/a><\/p>\n<p><a title=\"\" href=\"https:\/\/www.transport.se\/\" target=\"_blank\" rel=\"noopener noreferrer\">Svenska Transportarbetaref\u00f6rbundet\u00a0\u00a0<\/a><\/p>\n<p><a title=\"\" href=\"https:\/\/www.unionen.se\/\" target=\"_blank\" rel=\"noopener noreferrer\">Unionen<\/a><\/p>\n<p>[\/et_pb_text][\/et_pb_column][et_pb_column type=&#8220;1_2&#8243; _builder_version=&#8220;4.8.2&#8243; _module_preset=&#8220;default&#8220; global_colors_info=&#8220;{}&#8220;][et_pb_image src=&#8220;https:\/\/www.nordictransport.org\/wp-content\/uploads\/2021\/05\/iStock-1296515366-scaled.jpg&#8220; title_text=&#8220;Stockholm City Hall, Sweden&#8220; _builder_version=&#8220;4.9.4&#8243; _module_preset=&#8220;default&#8220; global_colors_info=&#8220;{}&#8220;][\/et_pb_image][\/et_pb_column][\/et_pb_row][\/et_pb_section]<\/p>\n","protected":false},"excerpt":{"rendered":"<p>A\u00f0ildarsamb\u00f6nd A\u00f0ildarsamb\u00f6nd samtakanna starfa um allan flutningageirann \u2013 v\u00f6ruflutninga \u00e1 vegum, almenningssamg\u00f6ngur, far\u00feegaflug, j\u00e1rnbrautir, skip og fiskvei\u00f0ar, hafnir og v\u00f6rufgrei\u00f0slu og v\u00f6ruh\u00fas.Danm\u00f6rk ______ Brancheorganisationen Luftfart og Jernbane CO-S\u00f8fart Dansk Metalarbejderforbund Fagligt F\u00e6lles Forbund 3F HK\/Privat ServiceforbundetFinnland ______ Ammattiliitto Pro Auto- ja Kuljetusalan Ty\u00f6ntekij\u00e4liitto AKT ry Ilmailualan Unioni IAU ry JHL Rautatiealan Unioni RAU ry Suomen [&hellip;]<\/p>\n","protected":false},"author":1,"featured_media":0,"parent":0,"menu_order":0,"comment_status":"closed","ping_status":"closed","template":"","meta":{"_et_pb_use_builder":"on","_et_pb_old_content":"","_et_gb_content_width":""},"_links":{"self":[{"href":"https:\/\/www.nordictransport.org\/is\/wp-json\/wp\/v2\/pages\/1701"}],"collection":[{"href":"https:\/\/www.nordictransport.org\/is\/wp-json\/wp\/v2\/pages"}],"about":[{"href":"https:\/\/www.nordictransport.org\/is\/wp-json\/wp\/v2\/types\/page"}],"author":[{"embeddable":true,"href":"https:\/\/www.nordictransport.org\/is\/wp-json\/wp\/v2\/users\/1"}],"replies":[{"embeddable":true,"href":"https:\/\/www.nordictransport.org\/is\/wp-json\/wp\/v2\/comments?post=1701"}],"version-history":[{"count":31,"href":"https:\/\/www.nordictransport.org\/is\/wp-json\/wp\/v2\/pages\/1701\/revisions"}],"predecessor-version":[{"id":3159,"href":"https:\/\/www.nordictransport.org\/is\/wp-json\/wp\/v2\/pages\/1701\/revisions\/3159"}],"wp:attachment":[{"href":"https:\/\/www.nordictransport.org\/is\/wp-json\/wp\/v2\/media?parent=1701"}],"curies":[{"name":"wp","href":"https:\/\/api.w.org\/{rel}","templated":true}]}}