{"id":1704,"date":"2021-08-25T16:55:12","date_gmt":"2021-08-25T14:55:12","guid":{"rendered":"https:\/\/www.nordictransport.org\/skipulag\/"},"modified":"2023-03-10T16:40:34","modified_gmt":"2023-03-10T14:40:34","slug":"skipulag","status":"publish","type":"page","link":"https:\/\/www.nordictransport.org\/is\/skipulag\/","title":{"rendered":"Skipulag"},"content":{"rendered":"<p>[et_pb_section fb_built=&#8220;1&#8243; fullwidth=&#8220;on&#8220; admin_label=&#8220;Hero Section&#8220; _builder_version=&#8220;4.9.4&#8243; background_image=&#8220;https:\/\/www.nordictransport.org\/wp-content\/uploads\/2020\/12\/NTFbakgrund-scaled.jpg&#8220; background_position=&#8220;top_center&#8220; module_alignment=&#8220;center&#8220; filter_brightness=&#8220;160%&#8220; filter_contrast=&#8220;127%&#8220; global_colors_info=&#8220;{}&#8220;][et_pb_fullwidth_header title=&#8220;Skipulag&#8220; text_orientation=&#8220;center&#8220; header_fullscreen=&#8220;on&#8220; background_overlay_color=&#8220;rgba(0,0,0,0.5)&#8220; title_font_color=&#8220;#ffffff&#8220; subhead_font_color=&#8220;#ffffff&#8220; _builder_version=&#8220;4.8.2&#8243; title_font=&#8220;Nunito||||||||&#8220; title_text_align=&#8220;center&#8220; title_text_color=&#8220;#979DAC&#8220; title_font_size=&#8220;67px&#8220; content_font=&#8220;||||||||&#8220; subhead_font=&#8220;Open Sans||||||||&#8220; subhead_text_color=&#8220;#ffffff&#8220; subhead_font_size=&#8220;24px&#8220; subhead_line_height=&#8220;1.6em&#8220; background_color=&#8220;rgba(255, 255, 255, 0)&#8220; background_enable_image=&#8220;off&#8220; custom_button_one=&#8220;on&#8220; button_one_text_size=&#8220;14px&#8220; button_one_text_color=&#8220;#ffffff&#8220; button_one_bg_color=&#8220;#0099e5&#8243; button_one_border_width=&#8220;12px&#8220; button_one_border_color=&#8220;#0099e5&#8243; button_one_border_radius=&#8220;0px&#8220; button_one_letter_spacing=&#8220;2px&#8220; button_one_font=&#8220;Nunito|700||on|||||&#8220; button_one_use_icon=&#8220;off&#8220; background_layout=&#8220;light&#8220; animation_style=&#8220;fade&#8220; title_font_size_tablet=&#8220;&#8220; title_font_size_phone=&#8220;42px&#8220; title_font_size_last_edited=&#8220;on|phone&#8220; subhead_font_size_tablet=&#8220;&#8220; subhead_font_size_phone=&#8220;&#8220; subhead_font_size_last_edited=&#8220;on|phone&#8220; button_one_text_color_hover=&#8220;#ffffff&#8220; button_one_border_color_hover=&#8220;#0099e5&#8243; button_one_border_radius_hover=&#8220;0px&#8220; button_one_letter_spacing_hover=&#8220;2px&#8220; button_one_bg_color_hover=&#8220;#0099e5&#8243; global_colors_info=&#8220;{}&#8220; button_one_text_size__hover_enabled=&#8220;off&#8220; button_two_text_size__hover_enabled=&#8220;off&#8220; button_one_text_color__hover_enabled=&#8220;on&#8220; button_one_text_color__hover=&#8220;#ffffff&#8220; button_two_text_color__hover_enabled=&#8220;off&#8220; button_one_border_width__hover_enabled=&#8220;off&#8220; button_two_border_width__hover_enabled=&#8220;off&#8220; button_one_border_color__hover_enabled=&#8220;on&#8220; button_one_border_color__hover=&#8220;#0099e5&#8243; button_two_border_color__hover_enabled=&#8220;off&#8220; button_one_border_radius__hover_enabled=&#8220;on&#8220; button_one_border_radius__hover=&#8220;0px&#8220; button_two_border_radius__hover_enabled=&#8220;off&#8220; button_one_letter_spacing__hover_enabled=&#8220;on&#8220; button_one_letter_spacing__hover=&#8220;2px&#8220; button_two_letter_spacing__hover_enabled=&#8220;off&#8220; button_one_bg_color__hover_enabled=&#8220;on&#8220; button_one_bg_color__hover=&#8220;#0099e5&#8243; button_two_bg_color__hover_enabled=&#8220;off&#8220; button_one_text__hover_enabled=&#8220;on|desktop&#8220;][\/et_pb_fullwidth_header][\/et_pb_section][et_pb_section fb_built=&#8220;1&#8243; _builder_version=&#8220;4.8.2&#8243; _module_preset=&#8220;default&#8220; custom_margin=&#8220;40px|||||&#8220; custom_padding=&#8220;4px||6px|||&#8220; global_colors_info=&#8220;{}&#8220;][et_pb_row _builder_version=&#8220;4.8.2&#8243; _module_preset=&#8220;default&#8220; custom_margin=&#8220;|auto|-5px|auto||&#8220; custom_padding=&#8220;9px|||||&#8220; global_colors_info=&#8220;{}&#8220;][et_pb_column type=&#8220;4_4&#8243; _builder_version=&#8220;4.8.2&#8243; _module_preset=&#8220;default&#8220; global_colors_info=&#8220;{}&#8220;][et_pb_text _builder_version=&#8220;4.9.4&#8243; _module_preset=&#8220;default&#8220; global_colors_info=&#8220;{}&#8220;]<\/p>\n<h2>Skipulag og starfsemi<\/h2>\n<p>NTF er samband, \u00fear sem h\u00e6sta stigi\u00f0 er \u00feingi\u00f0, sem hittist \u00e1 fimm \u00e1ra fresti. \u00deingi\u00f0 \u00e1kve\u00f0ur me\u00f0al annars stefnum\u00f6rkun starfseminnar, l\u00f6g, a\u00f0ildargjald og skipar stj\u00f3rn.<\/p>\n<p>\u00c1 milli funda \u00feingsins er starfi\u00f0 leitt af stj\u00f3rn, sem samanstendur af \u00ferett\u00e1n manns.<\/p>\n<p>Deildirnar sj\u00f6 eru mikilv\u00e6gur li\u00f0ur \u00ed starfsemi sambandsins. Deildirnar bera \u00e1byrg\u00f0 \u00e1 \u00feeirri starfsemi sem tengist \u00feeirra eigin svi\u00f0i. \u00cd tengslum vi\u00f0 hvert \u00feing velur hver deild s\u00edna starfsnefnd.<\/p>\n<p>NTF skiptist \u00ed sj\u00f6 megindeildir og s\u00e9rstaka kvennanefnd:<\/p>\n<ul>\n<li>far\u00feegaflug<\/li>\n<li>v\u00f6ruflutningar \u00e1 vegum (s\u00e9rstakur umhverfish\u00f3pur)<\/li>\n<li>hafnir<\/li>\n<li>j\u00e1rnbrautir<\/li>\n<li>almenningssamg\u00f6ngur (s\u00e9rstakur vinnuh\u00f3pur fyrir leigub\u00edla)<\/li>\n<li>sj\u00f3flutningar og fiskvei\u00f0ar<\/li>\n<li>v\u00f6ruafgrei\u00f0sla og v\u00f6ruh\u00fas<\/li>\n<li>kvennanefnd<\/li>\n<\/ul>\n<p>Dagleg starfsemi fer fram \u00e1 skrifstofunni \u00ed Stokkh\u00f3lmi.<\/p>\n<p>[\/et_pb_text][\/et_pb_column][\/et_pb_row][et_pb_row _builder_version=&#8220;4.8.2&#8243; _module_preset=&#8220;default&#8220; custom_margin=&#8220;|auto|-1px|auto||&#8220; custom_padding=&#8220;13px||0px|||&#8220; global_colors_info=&#8220;{}&#8220;][et_pb_column type=&#8220;4_4&#8243; _builder_version=&#8220;4.8.2&#8243; _module_preset=&#8220;default&#8220; global_colors_info=&#8220;{}&#8220;][et_pb_divider _builder_version=&#8220;4.8.2&#8243; _module_preset=&#8220;default&#8220; global_colors_info=&#8220;{}&#8220;][\/et_pb_divider][\/et_pb_column][\/et_pb_row][\/et_pb_section][et_pb_section fb_built=&#8220;1&#8243; admin_label=&#8220;Our Story Section&#8220; _builder_version=&#8220;4.8.2&#8243; width=&#8220;99.7%&#8220; custom_margin=&#8220;1px|||||&#8220; custom_padding=&#8220;2px||22px|||&#8220; global_colors_info=&#8220;{}&#8220;][et_pb_row column_structure=&#8220;1_2,1_2&#8243; _builder_version=&#8220;4.8.2&#8243; _module_preset=&#8220;default&#8220; custom_padding=&#8220;5px||29px|||&#8220; global_colors_info=&#8220;{}&#8220;][et_pb_column type=&#8220;1_2&#8243; _builder_version=&#8220;4.6.5&#8243; _module_preset=&#8220;default&#8220; global_colors_info=&#8220;{}&#8220;][et_pb_text _builder_version=&#8220;4.9.4&#8243; _module_preset=&#8220;default&#8220; width=&#8220;85%&#8220; custom_padding=&#8220;||8px|||&#8220; global_colors_info=&#8220;{}&#8220;]<\/p>\n<h3>Far\u00feegaflug<\/h3>\n<p>\u00dear eru f\u00e9lagsmenn sem starfa \u00ed fluggeiranum, svo sem hle\u00f0slumenn, innritunarstarfsf\u00f3lk, flug\u00e1h\u00f6fn og flugmenn.<\/p>\n<p>Deildin er \u00e6tlu\u00f0 til a\u00f0 fylgjast me\u00f0 n\u00fdjungum \u00ed flugi og \u00e1skorunum vegna l\u00e1ggjaldaflugf\u00e9laga (LCC). Vinnur me\u00f0 m\u00e1lefni eins og f\u00e9lagsleg undirbo\u00f0, n\u00e6tur- og vaktavinnu, \u00f6ryggism\u00e1l og stafr\u00e6na v\u00e6\u00f0ingu. \u00c1vallt \u00ed n\u00e1nu samstarfi vi\u00f0 ETF og ITF.<\/p>\n<p>[\/et_pb_text][\/et_pb_column][et_pb_column type=&#8220;1_2&#8243; _builder_version=&#8220;4.6.5&#8243; _module_preset=&#8220;default&#8220; global_colors_info=&#8220;{}&#8220;][et_pb_image src=&#8220;https:\/\/www.nordictransport.org\/wp-content\/uploads\/2020\/12\/Civilflyg-scaled.jpg&#8220; title_text=&#8220;Pre-flight safety demonstration&#8220; _builder_version=&#8220;4.8.2&#8243; _module_preset=&#8220;default&#8220; width=&#8220;85%&#8220; global_colors_info=&#8220;{}&#8220;][\/et_pb_image][\/et_pb_column][\/et_pb_row][et_pb_row column_structure=&#8220;1_2,1_2&#8243; _builder_version=&#8220;4.8.2&#8243; _module_preset=&#8220;default&#8220; custom_padding=&#8220;4px|||||&#8220; global_colors_info=&#8220;{}&#8220;][et_pb_column type=&#8220;1_2&#8243; _builder_version=&#8220;4.8.2&#8243; _module_preset=&#8220;default&#8220; global_colors_info=&#8220;{}&#8220;][et_pb_image src=&#8220;https:\/\/www.nordictransport.org\/wp-content\/uploads\/2020\/12\/NTFbild3-scaled.jpg&#8220; title_text=&#8220;Semi-Truck Crossing Oresund Bridge&#8220; _builder_version=&#8220;4.8.2&#8243; _module_preset=&#8220;default&#8220; width=&#8220;85%&#8220; global_colors_info=&#8220;{}&#8220;][\/et_pb_image][\/et_pb_column][et_pb_column type=&#8220;1_2&#8243; _builder_version=&#8220;4.8.2&#8243; _module_preset=&#8220;default&#8220; global_colors_info=&#8220;{}&#8220;][et_pb_text _builder_version=&#8220;4.8.2&#8243; _module_preset=&#8220;default&#8220; width=&#8220;85%&#8220; custom_margin=&#8220;||-5px|||&#8220; global_colors_info=&#8220;{}&#8220;]<\/p>\n<h3>V\u00f6ruflutningar \u00e1 vegum<\/h3>\n<p>\u00dear eru f\u00e9lagsmenn \u00ed starfsgreinum eins og \u00f6kumenn\u00a0 flutningaf\u00e9laga, sendib\u00edlstj\u00f3rar og \u00f6kumenn \u00ed n\u00fdja \u201egigg\u201c-hagkerfinu.<\/p>\n<p>\u00cd deildinni er unni\u00f0 a\u00f0 m\u00e1lefnum eins og innlei\u00f0ingu hreyfanleikapakka ESB, stafr\u00e6nni v\u00e6\u00f0ingu og t\u00e6kni, misnotkun vinnuafls \u00e1 norr\u00e6num vinnumarka\u00f0i og flutningai\u00f0na\u00f0i framt\u00ed\u00f0arinnar. S\u00e9rstakur umhverfish\u00f3pur tilheyrir einnig deildinni.<\/p>\n<p>[\/et_pb_text][\/et_pb_column][\/et_pb_row][et_pb_row column_structure=&#8220;1_2,1_2&#8243; _builder_version=&#8220;4.8.2&#8243; _module_preset=&#8220;default&#8220; custom_padding=&#8220;5px|||||&#8220; global_colors_info=&#8220;{}&#8220;][et_pb_column type=&#8220;1_2&#8243; _builder_version=&#8220;4.6.5&#8243; _module_preset=&#8220;default&#8220; global_colors_info=&#8220;{}&#8220;][et_pb_text _builder_version=&#8220;4.8.2&#8243; _module_preset=&#8220;default&#8220; width=&#8220;85%&#8220; global_colors_info=&#8220;{}&#8220;]<\/p>\n<h3>Hafnir<\/h3>\n<p>\u00dear eru f\u00e9lagsmenn sem vinna sem hafnar- og lestunarstarfsmenn sem og ums\u00fdsluf\u00f3lk.<\/p>\n<p>Forgangsm\u00e1l deildarinnar eru a\u00f0 hafa \u00e1hrif \u00e1 \u00e1kvar\u00f0anir ESB, FOC-herfer\u00f0ina fyrir sanngjarna skipaflutninga, herfer\u00f0 ITF sem kallast <em>lashing<\/em> og verndar- og \u00f6ryggism\u00e1l eins og eitru\u00f0 efni \u00ed flutningag\u00e1mum.<\/p>\n<p>[\/et_pb_text][\/et_pb_column][et_pb_column type=&#8220;1_2&#8243; _builder_version=&#8220;4.6.5&#8243; _module_preset=&#8220;default&#8220; global_colors_info=&#8220;{}&#8220;][et_pb_image src=&#8220;https:\/\/www.nordictransport.org\/wp-content\/uploads\/2020\/12\/Hamn-scaled.jpg&#8220; title_text=&#8220;Drone shooting. Harbor, overhead view, sea.&#8220; _builder_version=&#8220;4.8.2&#8243; _module_preset=&#8220;default&#8220; width=&#8220;85%&#8220; custom_padding=&#8220;0px|||||&#8220; global_colors_info=&#8220;{}&#8220;][\/et_pb_image][\/et_pb_column][\/et_pb_row][et_pb_row column_structure=&#8220;1_2,1_2&#8243; _builder_version=&#8220;4.6.5&#8243; _module_preset=&#8220;default&#8220; custom_padding=&#8220;6px|||||&#8220; global_colors_info=&#8220;{}&#8220;][et_pb_column type=&#8220;1_2&#8243; _builder_version=&#8220;4.6.5&#8243; _module_preset=&#8220;default&#8220; global_colors_info=&#8220;{}&#8220;][et_pb_image src=&#8220;https:\/\/www.nordictransport.org\/wp-content\/uploads\/2020\/12\/Jarnvag-scaled.jpg&#8220; title_text=&#8220;Red train on the central station in Copenhagen, Denmark&#8220; _builder_version=&#8220;4.8.2&#8243; _module_preset=&#8220;default&#8220; width=&#8220;85%&#8220; global_colors_info=&#8220;{}&#8220;][\/et_pb_image][\/et_pb_column][et_pb_column type=&#8220;1_2&#8243; _builder_version=&#8220;4.6.5&#8243; _module_preset=&#8220;default&#8220; global_colors_info=&#8220;{}&#8220;][et_pb_text _builder_version=&#8220;4.11.2&#8243; _module_preset=&#8220;default&#8220; width=&#8220;85%&#8220; custom_margin=&#8220;||-3px|||&#8220; custom_padding=&#8220;||0px|||&#8220; hover_enabled=&#8220;0&#8243; global_colors_info=&#8220;{}&#8220; sticky_enabled=&#8220;0&#8243;]<\/p>\n<h3>J\u00e1rnbrautir<\/h3>\n<p>\u00dear eru f\u00e9lagsmenn sem vinna vi\u00f0 vi\u00f0hald j\u00e1rnbrauta, mi\u00f0as\u00f6lu, lestar\u00e1hafnir og lestarstj\u00f3ra.<\/p>\n<p>\u00cd deildinni er l\u00f6g\u00f0 \u00e1hersla \u00e1 m\u00e1lefni sem tengjast \u00fer\u00f3un j\u00e1rnbrautageirans \u00e1 Nor\u00f0url\u00f6ndum og \u00ed Evr\u00f3pu, al\u00fej\u00f3\u00f0legar j\u00e1rnbrautarl\u00ednur, st\u00e9ttarf\u00e9lagssamt\u00f6k, opinber innkaup og f\u00e9lagsleg undirbo\u00f0.<\/p>\n<p>[\/et_pb_text][\/et_pb_column][\/et_pb_row][et_pb_row column_structure=&#8220;1_2,1_2&#8243; _builder_version=&#8220;4.6.5&#8243; _module_preset=&#8220;default&#8220; custom_padding=&#8220;6px|||||&#8220; global_colors_info=&#8220;{}&#8220;][et_pb_column type=&#8220;1_2&#8243; _builder_version=&#8220;4.6.5&#8243; _module_preset=&#8220;default&#8220; global_colors_info=&#8220;{}&#8220;][et_pb_text _builder_version=&#8220;4.8.2&#8243; _module_preset=&#8220;default&#8220; width=&#8220;85%&#8220; global_colors_info=&#8220;{}&#8220;]<\/p>\n<h3>Almenningssamg\u00f6ngur<\/h3>\n<p>\u00dear eru f\u00e9lagsmenn sem vinna sem sporvagnsstj\u00f3rar, r\u00fatub\u00edlstj\u00f3rar, leigub\u00edlstj\u00f3rar og starfsf\u00f3lk s\u00edma\u00fej\u00f3nustu leigub\u00edla.<\/p>\n<p>\u00c1herslusvi\u00f0 deildarinnar eru opinber innkaup, stafr\u00e6n vinnsla og t\u00e6kni, loftslags- og umhverfis\u00e1hrif, hreyfanleikapakki ESB, fj\u00f6lbreytni og \u00f3gnir og ofbeldi, a\u00f0 koma \u00ed veg fyrir alls kyns neikv\u00e6\u00f0a mismunun \u00e1 grundvelli kyns, aldurs, kynhneig\u00f0ar, \u00fej\u00f3\u00f0ernis, tr\u00faarbrag\u00f0a, tr\u00faar og menningarlegs bakgrunns. Deildinni tilheyrir einnig skipa\u00f0ur vinnuh\u00f3pur leigub\u00edla.\u00a0<\/p>\n<p>[\/et_pb_text][\/et_pb_column][et_pb_column type=&#8220;1_2&#8243; _builder_version=&#8220;4.6.5&#8243; _module_preset=&#8220;default&#8220; global_colors_info=&#8220;{}&#8220;][et_pb_image src=&#8220;https:\/\/www.nordictransport.org\/wp-content\/uploads\/2020\/12\/KP-scaled.jpg&#8220; title_text=&#8220;Buses in traffic&#8220; _builder_version=&#8220;4.8.2&#8243; _module_preset=&#8220;default&#8220; width=&#8220;85%&#8220; global_colors_info=&#8220;{}&#8220;][\/et_pb_image][\/et_pb_column][\/et_pb_row][et_pb_row column_structure=&#8220;1_2,1_2&#8243; _builder_version=&#8220;4.6.5&#8243; _module_preset=&#8220;default&#8220; custom_padding=&#8220;5px|||||&#8220; global_colors_info=&#8220;{}&#8220;][et_pb_column type=&#8220;1_2&#8243; _builder_version=&#8220;4.6.5&#8243; _module_preset=&#8220;default&#8220; global_colors_info=&#8220;{}&#8220;][et_pb_image src=&#8220;https:\/\/www.nordictransport.org\/wp-content\/uploads\/2020\/12\/Sjo-scaled.jpg&#8220; title_text=&#8220;Icebreaker on Antarctica&#8220; _builder_version=&#8220;4.8.2&#8243; _module_preset=&#8220;default&#8220; width=&#8220;85%&#8220; global_colors_info=&#8220;{}&#8220;][\/et_pb_image][\/et_pb_column][et_pb_column type=&#8220;1_2&#8243; _builder_version=&#8220;4.6.5&#8243; _module_preset=&#8220;default&#8220; global_colors_info=&#8220;{}&#8220;][et_pb_text _builder_version=&#8220;4.8.2&#8243; _module_preset=&#8220;default&#8220; width=&#8220;85%&#8220; global_colors_info=&#8220;{}&#8220;]<\/p>\n<h3>Sj\u00f3flutningar og fiskvei\u00f0ar<\/h3>\n<p>\u00dear er skipstj\u00f3rar, yfirv\u00e9lstj\u00f3rar, yfirmenn \u00e1 sj\u00f3, t\u00e6kniyfirmenn, yfirmenn, anna\u00f0 starfsf\u00f3lk, sj\u00f3menn, v\u00e9lamenn og fiskimenn. Verkefni deildarinnar \u00e1 n\u00e6stu \u00e1rum eru herfer\u00f0in gegn \u00fe\u00e6gindaf\u00e1num (FOC) og h\u00f6fnum me\u00f0 \u00fe\u00e6gindaf\u00e1na (POC), herfer\u00f0 ITF sem kallast lasing og eftirfylgni vi\u00f0 A\u00feenu-stefnuna \u00e1 Eystrasaltssv\u00e6\u00f0inu.<\/p>\n<p>[\/et_pb_text][\/et_pb_column][\/et_pb_row][et_pb_row column_structure=&#8220;1_2,1_2&#8243; _builder_version=&#8220;4.6.5&#8243; _module_preset=&#8220;default&#8220; custom_padding=&#8220;5px|||||&#8220; global_colors_info=&#8220;{}&#8220;][et_pb_column type=&#8220;1_2&#8243; _builder_version=&#8220;4.6.5&#8243; _module_preset=&#8220;default&#8220; global_colors_info=&#8220;{}&#8220;][et_pb_text _builder_version=&#8220;4.8.2&#8243; _module_preset=&#8220;default&#8220; width=&#8220;85%&#8220; global_colors_info=&#8220;{}&#8220;]<\/p>\n<h3>V\u00f6ruafgrei\u00f0sla og v\u00f6ruh\u00fas<\/h3>\n<p>\u00dear eru v\u00f6ruh\u00fasa- og st\u00f6\u00f0varstarfsmenn sem og skrifstofumenn.<\/p>\n<p>Forgangssvi\u00f0 eru stafr\u00e6n v\u00e6\u00f0ing og sj\u00e1lfvirkni \u00ed v\u00f6ruh\u00fasa- og v\u00f6ruafgrei\u00f0slugeiranum og innkoma netrisa inn \u00e1 norr\u00e6na marka\u00f0inn. Deildin vinnur einnig a\u00f0 m\u00e1lefnum sem tengjast menntun og skiptum \u00e1 reynslu, kjarasamningum og m\u00f6guleika \u00e1 a\u00f0 auka \u00fe\u00e1ttt\u00f6ku hj\u00e1 st\u00e9ttarf\u00e9lagum \u00e1 Nor\u00f0url\u00f6ndum.<\/p>\n<p>[\/et_pb_text][\/et_pb_column][et_pb_column type=&#8220;1_2&#8243; _builder_version=&#8220;4.6.5&#8243; _module_preset=&#8220;default&#8220; global_colors_info=&#8220;{}&#8220;][et_pb_image src=&#8220;https:\/\/www.nordictransport.org\/wp-content\/uploads\/2020\/12\/KontaktaOss-scaled.jpg&#8220; title_text=&#8220;Ordering on-line from modern warehouse&#8220; _builder_version=&#8220;4.8.2&#8243; _module_preset=&#8220;default&#8220; width=&#8220;85%&#8220; global_colors_info=&#8220;{}&#8220;][\/et_pb_image][\/et_pb_column][\/et_pb_row][et_pb_row column_structure=&#8220;1_2,1_2&#8243; _builder_version=&#8220;4.6.5&#8243; _module_preset=&#8220;default&#8220; custom_padding=&#8220;6px|||0px||&#8220; global_colors_info=&#8220;{}&#8220;][et_pb_column type=&#8220;1_2&#8243; _builder_version=&#8220;4.6.5&#8243; _module_preset=&#8220;default&#8220; global_colors_info=&#8220;{}&#8220;][et_pb_image src=&#8220;https:\/\/www.nordictransport.org\/wp-content\/uploads\/2021\/05\/iStock-536015693-scaled.jpg&#8220; title_text=&#8220;Group of women voting during seminar&#8220; _builder_version=&#8220;4.9.4&#8243; _module_preset=&#8220;default&#8220; width=&#8220;85%&#8220; global_colors_info=&#8220;{}&#8220;][\/et_pb_image][\/et_pb_column][et_pb_column type=&#8220;1_2&#8243; _builder_version=&#8220;4.6.5&#8243; _module_preset=&#8220;default&#8220; global_colors_info=&#8220;{}&#8220;][et_pb_text _builder_version=&#8220;4.10.1&#8243; _module_preset=&#8220;default&#8220; width=&#8220;85%&#8220; global_colors_info=&#8220;{}&#8220;]<\/p>\n<h3>Kvennar\u00e1\u00f0stefnu<\/h3>\n<p>Eitt af atri\u00f0unum \u00e1 NTF-listanum yfir verkefni er a\u00f0 halda kvennar\u00e1\u00f0stefnu \u00e1 hverju \u00e1ri til a\u00f0 r\u00e6\u00f0a m\u00e1lefni sem tengjast konum, vinnumarka\u00f0i og al\u00fej\u00f3\u00f0legu samstarfi. \u00c1st\u00e6\u00f0an fyrir \u00feessu er s\u00fa a\u00f0 norr\u00e6nu st\u00e9ttarf\u00e9l\u00f6gin hafa langa hef\u00f0 fyrir \u00fev\u00ed a\u00f0 vinna a\u00f0 jafnr\u00e9ttism\u00e1lum og j\u00f6fnum \u00e1hrifum kynjana \u00e1 samt\u00f6kin og samf\u00e9lagi\u00f0 almennt.<\/p>\n<p>Kvennar\u00e1\u00f0stefna NTF samr\u00e6mir forgangsr\u00f6\u00f0un og tilnefningu norr\u00e6nna ums\u00e6kjenda fyrir evr\u00f3psku og al\u00fej\u00f3\u00f0legu kvennanefndina.<\/p>\n<p>[\/et_pb_text][\/et_pb_column][\/et_pb_row][\/et_pb_section]<\/p>\n","protected":false},"excerpt":{"rendered":"<p>Skipulag og starfsemi NTF er samband, \u00fear sem h\u00e6sta stigi\u00f0 er \u00feingi\u00f0, sem hittist \u00e1 fimm \u00e1ra fresti. \u00deingi\u00f0 \u00e1kve\u00f0ur me\u00f0al annars stefnum\u00f6rkun starfseminnar, l\u00f6g, a\u00f0ildargjald og skipar stj\u00f3rn. \u00c1 milli funda \u00feingsins er starfi\u00f0 leitt af stj\u00f3rn, sem samanstendur af \u00ferett\u00e1n manns. Deildirnar sj\u00f6 eru mikilv\u00e6gur li\u00f0ur \u00ed starfsemi sambandsins. Deildirnar bera \u00e1byrg\u00f0 \u00e1 [&hellip;]<\/p>\n","protected":false},"author":1,"featured_media":0,"parent":0,"menu_order":1,"comment_status":"closed","ping_status":"closed","template":"","meta":{"_et_pb_use_builder":"on","_et_pb_old_content":"","_et_gb_content_width":""},"_links":{"self":[{"href":"https:\/\/www.nordictransport.org\/is\/wp-json\/wp\/v2\/pages\/1704"}],"collection":[{"href":"https:\/\/www.nordictransport.org\/is\/wp-json\/wp\/v2\/pages"}],"about":[{"href":"https:\/\/www.nordictransport.org\/is\/wp-json\/wp\/v2\/types\/page"}],"author":[{"embeddable":true,"href":"https:\/\/www.nordictransport.org\/is\/wp-json\/wp\/v2\/users\/1"}],"replies":[{"embeddable":true,"href":"https:\/\/www.nordictransport.org\/is\/wp-json\/wp\/v2\/comments?post=1704"}],"version-history":[{"count":17,"href":"https:\/\/www.nordictransport.org\/is\/wp-json\/wp\/v2\/pages\/1704\/revisions"}],"predecessor-version":[{"id":2591,"href":"https:\/\/www.nordictransport.org\/is\/wp-json\/wp\/v2\/pages\/1704\/revisions\/2591"}],"wp:attachment":[{"href":"https:\/\/www.nordictransport.org\/is\/wp-json\/wp\/v2\/media?parent=1704"}],"curies":[{"name":"wp","href":"https:\/\/api.w.org\/{rel}","templated":true}]}}