{"id":1716,"date":"2021-08-26T11:26:38","date_gmt":"2021-08-26T09:26:38","guid":{"rendered":"https:\/\/www.nordictransport.org\/kjornir-fulltruar\/"},"modified":"2026-03-17T10:25:54","modified_gmt":"2026-03-17T08:25:54","slug":"kjornir-fulltruar","status":"publish","type":"page","link":"https:\/\/www.nordictransport.org\/is\/kjornir-fulltruar\/","title":{"rendered":"Kj\u00f6rnir fulltr\u00faar"},"content":{"rendered":"<p>[et_pb_section fb_built=&#8220;1&#8243; fullwidth=&#8220;on&#8220; admin_label=&#8220;Hero Section&#8220; _builder_version=&#8220;4.8.2&#8243; background_image=&#8220;https:\/\/www.nordictransport.org\/wp-content\/uploads\/2020\/12\/NTFbild3-scaled.jpg&#8220; global_colors_info=&#8220;{}&#8220;][et_pb_fullwidth_header title=&#8220;Kj\u00f6rnir fulltr\u00faar &#8220; header_fullscreen=&#8220;on&#8220; background_overlay_color=&#8220;rgba(0,0,0,0.5)&#8220; title_font_color=&#8220;#ffffff&#8220; subhead_font_color=&#8220;#ffffff&#8220; _builder_version=&#8220;4.8.2&#8243; title_font=&#8220;Nunito||||||||&#8220; title_text_align=&#8220;center&#8220; title_text_color=&#8220;#ffffff&#8220; title_font_size=&#8220;80px&#8220; content_font=&#8220;||||||||&#8220; subhead_font=&#8220;Open Sans||||||||&#8220; subhead_text_color=&#8220;#ffffff&#8220; subhead_font_size=&#8220;24px&#8220; subhead_line_height=&#8220;1.6em&#8220; background_color=&#8220;RGBA(0,0,0,0)&#8220; background_enable_image=&#8220;off&#8220; custom_button_one=&#8220;on&#8220; button_one_text_size=&#8220;14px&#8220; button_one_text_color=&#8220;#ffffff&#8220; button_one_bg_color=&#8220;#0099e5&#8243; button_one_border_width=&#8220;12px&#8220; button_one_border_color=&#8220;#0099e5&#8243; button_one_border_radius=&#8220;0px&#8220; button_one_letter_spacing=&#8220;2px&#8220; button_one_font=&#8220;Nunito|700||on|||||&#8220; button_one_use_icon=&#8220;off&#8220; background_layout=&#8220;light&#8220; animation_style=&#8220;fade&#8220; title_font_size_tablet=&#8220;&#8220; title_font_size_phone=&#8220;41px&#8220; title_font_size_last_edited=&#8220;on|phone&#8220; subhead_font_size_tablet=&#8220;&#8220; subhead_font_size_phone=&#8220;&#8220; subhead_font_size_last_edited=&#8220;on|phone&#8220; button_one_text_color_hover=&#8220;#ffffff&#8220; button_one_border_color_hover=&#8220;#0099e5&#8243; button_one_border_radius_hover=&#8220;0px&#8220; button_one_letter_spacing_hover=&#8220;2px&#8220; button_one_bg_color_hover=&#8220;#0099e5&#8243; global_colors_info=&#8220;{}&#8220; button_one_text_size__hover_enabled=&#8220;off&#8220; button_two_text_size__hover_enabled=&#8220;off&#8220; button_one_text_color__hover_enabled=&#8220;on&#8220; button_one_text_color__hover=&#8220;#ffffff&#8220; button_two_text_color__hover_enabled=&#8220;off&#8220; button_one_border_width__hover_enabled=&#8220;off&#8220; button_two_border_width__hover_enabled=&#8220;off&#8220; button_one_border_color__hover_enabled=&#8220;on&#8220; button_one_border_color__hover=&#8220;#0099e5&#8243; button_two_border_color__hover_enabled=&#8220;off&#8220; button_one_border_radius__hover_enabled=&#8220;on&#8220; button_one_border_radius__hover=&#8220;0px&#8220; button_two_border_radius__hover_enabled=&#8220;off&#8220; button_one_letter_spacing__hover_enabled=&#8220;on&#8220; button_one_letter_spacing__hover=&#8220;2px&#8220; button_two_letter_spacing__hover_enabled=&#8220;off&#8220; button_one_bg_color__hover_enabled=&#8220;on&#8220; button_one_bg_color__hover=&#8220;#0099e5&#8243; button_two_bg_color__hover_enabled=&#8220;off&#8220;][\/et_pb_fullwidth_header][\/et_pb_section][et_pb_section fb_built=&#8220;1&#8243; _builder_version=&#8220;4.8.2&#8243; _module_preset=&#8220;default&#8220; custom_padding=&#8220;4px||4px|||&#8220; global_colors_info=&#8220;{}&#8220;][et_pb_row _builder_version=&#8220;4.8.2&#8243; _module_preset=&#8220;default&#8220; custom_padding=&#8220;39px||12px|||&#8220; global_colors_info=&#8220;{}&#8220;][et_pb_column type=&#8220;4_4&#8243; _builder_version=&#8220;4.8.2&#8243; _module_preset=&#8220;default&#8220; global_colors_info=&#8220;{}&#8220;][et_pb_text _builder_version=&#8220;4.9.4&#8243; _module_preset=&#8220;default&#8220; global_colors_info=&#8220;{}&#8220;]<\/p>\n<h2>Kj\u00f6rnir fulltr\u00faar og endursko\u00f0endur<\/h2>\n<p>H\u00e6sta stig sambandsins er \u00feingi\u00f0, sem hittist \u00e1 fimm \u00e1ra fresti. \u00c1 \u00feinginu er fjalla\u00f0 um, me\u00f0al annars ,starfsemissk\u00fdrslur og \u00e1rssk\u00fdrslur, lag\u00f0ar fram till\u00f6gur og \u00e1kvar\u00f0anir um a\u00f0ildargj\u00f6ld. \u00deingi\u00f0 k\u00fds forseta sambandsins, varaforseta og 11 me\u00f0limi \u00ed stj\u00f3rn.<\/p>\n<p>\u00c1 milli \u00feingfunda er stj\u00f3rnin \u00e6\u00f0sta \u00e1kv\u00f6r\u00f0unarvald sambandsins. Stj\u00f3rnin skipar vinnunefnd sem samanstendur af fj\u00f3rum stj\u00f3rnarm\u00f6nnum fr\u00e1 mismunandi l\u00f6ndum.<\/p>\n<p>Deildirnar sj\u00f6 eru mikilv\u00e6gur li\u00f0ur \u00ed starfsemi sambandsins. Deildirnar bera \u00e1byrg\u00f0 \u00e1 \u00feeirri starfsemi sem tengist \u00feeirra eigin svi\u00f0i. \u00cd tengslum vi\u00f0 hvert \u00feing velur hver deild s\u00edna starfsnefnd.<\/p>\n<p>[\/et_pb_text][\/et_pb_column][\/et_pb_row][et_pb_row _builder_version=&#8220;4.8.2&#8243; _module_preset=&#8220;default&#8220; custom_padding=&#8220;19px||1px|||&#8220; global_colors_info=&#8220;{}&#8220;][et_pb_column type=&#8220;4_4&#8243; _builder_version=&#8220;4.8.2&#8243; _module_preset=&#8220;default&#8220; global_colors_info=&#8220;{}&#8220;][et_pb_divider _builder_version=&#8220;4.8.2&#8243; _module_preset=&#8220;default&#8220; global_colors_info=&#8220;{}&#8220;][\/et_pb_divider][\/et_pb_column][\/et_pb_row][\/et_pb_section][et_pb_section fb_built=&#8220;1&#8243; admin_label=&#8220;Category Search Section&#8220; _builder_version=&#8220;4.11.2&#8243; custom_padding=&#8220;9px||29px|||&#8220; global_colors_info=&#8220;{}&#8220;][et_pb_row column_structure=&#8220;1_2,1_2&#8243; _builder_version=&#8220;4.11.2&#8243; _module_preset=&#8220;default&#8220; global_colors_info=&#8220;{}&#8220;][et_pb_column type=&#8220;1_2&#8243; _builder_version=&#8220;4.11.2&#8243; _module_preset=&#8220;default&#8220; global_colors_info=&#8220;{}&#8220;][et_pb_text _builder_version=&#8220;4.11.2&#8243; _module_preset=&#8220;default&#8220; hover_enabled=&#8220;0&#8243; global_colors_info=&#8220;{}&#8220; sticky_enabled=&#8220;0&#8243;]<\/p>\n<h2><strong>Starfsnefnd<\/strong><\/h2>\n<p><strong>Ismo Kokko<\/strong>, AKT, Finnland (forma\u00f0ur)<\/p>\n<p><strong>Jahn Cato Bakken<\/strong>, Norsk Sj\u00f8mannsforbund, Noregur (varaforma\u00f0ur)<\/p>\n<p><strong>Flemming Overgaard<\/strong>, 3F Transport, Danm\u00f6rk (stj\u00f3rn)<\/p>\n<p><strong>Tommy Wreeth<\/strong>, Transportarbetaref\u00f6rbundet, Sv\u00ed\u00fej\u00f3\u00f0 (stj\u00f3rn)<\/p>\n<p><strong>Joachim Alatalo<\/strong>, FSU, Finnland<\/p>\n<p><strong>Robert Darelius<\/strong>, Kommunal, Sv\u00ed\u00fej\u00f3\u00f0<\/p>\n<p><strong>Gitte Geertsen<\/strong>, HK Privat, Danm\u00f6rk<\/p>\n<p><strong>Sigr\u00fan J\u00f3nsd\u00f3ttir<\/strong>, FFI, \u00cdsland<\/p>\n<p><strong>Teppo J\u00e4rnstedt<\/strong>, JHL, Finnland<\/p>\n<p><strong>Hans Lindau<\/strong>, Unionen, Sv\u00ed\u00fej\u00f3\u00f0<\/p>\n<p><strong>Johan Lindholm<\/strong>, Seko, Sv\u00ed\u00fej\u00f3\u00f0<\/p>\n<p><strong>Kasper Palm<\/strong>, Dansk Metal, Danm\u00f6rk<\/p>\n<p><strong>Terje Samuelsen<\/strong>, Fellesforbundet, Noregur<\/p>\n<p>Agreed observer:<\/p>\n<p><strong>Torfinn H\u00e5verstad<\/strong>, NJF, Noregur<\/p>\n<p>&nbsp;<\/p>\n<p>&nbsp;<\/p>\n<p>[\/et_pb_text][\/et_pb_column][et_pb_column type=&#8220;1_2&#8243; _builder_version=&#8220;4.11.2&#8243; _module_preset=&#8220;default&#8220; global_colors_info=&#8220;{}&#8220;][et_pb_image src=&#8220;https:\/\/www.nordictransport.org\/wp-content\/uploads\/2020\/12\/Gods-scaled.jpg&#8220; title_text=&#8220;winding roads at faroe islands&#8220; _builder_version=&#8220;4.11.2&#8243; _module_preset=&#8220;default&#8220; global_colors_info=&#8220;{}&#8220;][\/et_pb_image][\/et_pb_column][\/et_pb_row][et_pb_row column_structure=&#8220;1_2,1_2&#8243; _builder_version=&#8220;4.11.2&#8243; _module_preset=&#8220;default&#8220; custom_padding=&#8220;||0px|||&#8220; global_colors_info=&#8220;{}&#8220;][et_pb_column type=&#8220;1_2&#8243; _builder_version=&#8220;4.11.2&#8243; _module_preset=&#8220;default&#8220; global_colors_info=&#8220;{}&#8220;][et_pb_text _builder_version=&#8220;4.11.2&#8243; _module_preset=&#8220;default&#8220; global_colors_info=&#8220;{}&#8220;]<\/p>\n<h2><b>Endursko\u00f0endur<\/b><\/h2>\n<p><strong>Lars Mikaelsson<\/strong>, Transportarbetaref\u00f6rbundet, Sv\u00ed\u00fej\u00f3\u00f0<\/p>\n<p><strong>Mikael Lindmark<\/strong>, Seko, Sv\u00ed\u00fej\u00f3\u00f0<\/p>\n<p>[\/et_pb_text][\/et_pb_column][et_pb_column type=&#8220;1_2&#8243; _builder_version=&#8220;4.11.2&#8243; _module_preset=&#8220;default&#8220; global_colors_info=&#8220;{}&#8220;][\/et_pb_column][\/et_pb_row][et_pb_row column_structure=&#8220;1_2,1_2&#8243; _builder_version=&#8220;4.11.2&#8243; _module_preset=&#8220;default&#8220; custom_padding=&#8220;45px|||||&#8220; global_colors_info=&#8220;{}&#8220;][et_pb_column type=&#8220;1_2&#8243; _builder_version=&#8220;4.11.2&#8243; _module_preset=&#8220;default&#8220; global_colors_info=&#8220;{}&#8220;][et_pb_image src=&#8220;https:\/\/www.nordictransport.org\/wp-content\/uploads\/2023\/08\/NTF2023_WEB_DAY1-93.jpg&#8220; title_text=&#8220;NTF2023_WEB_DAY1-93&#8243; _builder_version=&#8220;4.11.2&#8243; _module_preset=&#8220;default&#8220; global_colors_info=&#8220;{}&#8220;][\/et_pb_image][\/et_pb_column][et_pb_column type=&#8220;1_2&#8243; _builder_version=&#8220;4.11.2&#8243; _module_preset=&#8220;default&#8220; global_colors_info=&#8220;{}&#8220;][et_pb_text _builder_version=&#8220;4.11.2&#8243; _module_preset=&#8220;default&#8220; global_colors_info=&#8220;{}&#8220;]<\/p>\n<h2><strong>Far\u00feegaflug:<\/strong><\/h2>\n<p><strong>Johanna Tuomaala<\/strong>, AKT, Finnland (forma\u00f0ur)<\/p>\n<p><strong>Henrik Bay-Clausen<\/strong>, 3F, Danm\u00f6rk (varaforma\u00f0ur)<\/p>\n<p><strong>Jonas Eriksson<\/strong>, Unionen, Sv\u00ed\u00fej\u00f3\u00f0 (ritari)<\/p>\n<p><strong>Fri\u00f0rik \u00d3marsson<\/strong>, FIA, \u00cdsland<\/p>\n<p><strong>Elisabeth Sundset<\/strong>, HK, Noregur<\/p>\n<p>Mynd: Pekka Rousi<\/span><\/p>\n<p>[\/et_pb_text][\/et_pb_column][\/et_pb_row][et_pb_row column_structure=&#8220;1_2,1_2&#8243; _builder_version=&#8220;4.11.2&#8243; _module_preset=&#8220;default&#8220; global_colors_info=&#8220;{}&#8220;][et_pb_column type=&#8220;1_2&#8243; _builder_version=&#8220;4.11.2&#8243; _module_preset=&#8220;default&#8220; global_colors_info=&#8220;{}&#8220;][et_pb_image src=&#8220;https:\/\/www.nordictransport.org\/wp-content\/uploads\/2023\/08\/NTF2023_WEB_DAY2-11.jpg&#8220; title_text=&#8220;NTF2023_WEB_DAY2-11&#8243; _builder_version=&#8220;4.11.2&#8243; _module_preset=&#8220;default&#8220; global_colors_info=&#8220;{}&#8220;][\/et_pb_image][\/et_pb_column][et_pb_column type=&#8220;1_2&#8243; _builder_version=&#8220;4.11.2&#8243; _module_preset=&#8220;default&#8220; global_colors_info=&#8220;{}&#8220;][et_pb_text _builder_version=&#8220;4.11.2&#8243; _module_preset=&#8220;default&#8220; custom_padding=&#8220;0px|||||&#8220; global_colors_info=&#8220;{}&#8220;]<\/p>\n<h2><strong>V\u00f6ruflutningar \u00e1 vegum:<\/strong><\/h2>\n<p><strong>Joakim Guttman<\/strong>, Transportarbetaref\u00f6rbundet, Sv\u00ed\u00fej\u00f3\u00f0 (forma\u00f0ur)<\/p>\n<p><strong>Frank Boye<\/strong>, 3F, Danm\u00f6rk (v. varaforma\u00f0ur)<\/p>\n<p><strong>Bj\u00f8rn Anders Jonassen<\/strong>, Fellesforbundet, Noregur (v. ritari)<\/p>\n<p><strong>Vesa Lackman<\/strong>, AKT, Finnland<\/p>\n<p><strong>Trude Sande<\/strong>, YTF, Noregur<\/p>\n<p>Mynd: Pekka Rousi<\/p>\n<p>[\/et_pb_text][\/et_pb_column][\/et_pb_row][et_pb_row column_structure=&#8220;1_2,1_2&#8243; _builder_version=&#8220;4.11.2&#8243; _module_preset=&#8220;default&#8220; global_colors_info=&#8220;{}&#8220;][et_pb_column type=&#8220;1_2&#8243; _builder_version=&#8220;4.11.2&#8243; _module_preset=&#8220;default&#8220; global_colors_info=&#8220;{}&#8220;][et_pb_image src=&#8220;https:\/\/www.nordictransport.org\/wp-content\/uploads\/2023\/08\/NTF2023_WEB_DAY2-8.jpg&#8220; title_text=&#8220;NTF2023_WEB_DAY2-8&#8243; _builder_version=&#8220;4.11.2&#8243; _module_preset=&#8220;default&#8220; global_colors_info=&#8220;{}&#8220;][\/et_pb_image][\/et_pb_column][et_pb_column type=&#8220;1_2&#8243; _builder_version=&#8220;4.11.2&#8243; _module_preset=&#8220;default&#8220; global_colors_info=&#8220;{}&#8220;][et_pb_text _builder_version=&#8220;4.11.2&#8243; _module_preset=&#8220;default&#8220; global_colors_info=&#8220;{}&#8220;]<\/p>\n<h2><strong>Hafnir:<\/strong><\/h2>\n<p><strong>Karsten Kristensen<\/strong>, 3F, Danm\u00f6rk (forma\u00f0ur)<\/p>\n<p><strong>Juha Anttila<\/strong>, AKT, Finnland (varaforma\u00f0ur)<\/p>\n<p><strong>Anders Gustafsson<\/strong>, Transportarbetaref\u00f6rbundet, Sv\u00ed\u00fej\u00f3\u00f0 (ritari)<\/p>\n<p><strong>Morten B\u00f8rke<\/strong>, Fellesforbundet, Noregur<\/p>\n<p><strong>Kim Fivelsdal<\/strong>, Unionen, Sv\u00ed\u00fej\u00f3\u00f0<\/p>\n<p>Mynd: Pekka Rousi<\/p>\n<p>[\/et_pb_text][\/et_pb_column][\/et_pb_row][et_pb_row column_structure=&#8220;1_2,1_2&#8243; _builder_version=&#8220;4.11.2&#8243; _module_preset=&#8220;default&#8220; global_colors_info=&#8220;{}&#8220;][et_pb_column type=&#8220;1_2&#8243; _builder_version=&#8220;4.11.2&#8243; _module_preset=&#8220;default&#8220; global_colors_info=&#8220;{}&#8220;][et_pb_image src=&#8220;https:\/\/www.nordictransport.org\/wp-content\/uploads\/2023\/08\/NTF2023_WEB_DAY2-2.jpg&#8220; title_text=&#8220;NTF2023_WEB_DAY2-2&#8243; _builder_version=&#8220;4.11.2&#8243; _module_preset=&#8220;default&#8220; global_colors_info=&#8220;{}&#8220;][\/et_pb_image][\/et_pb_column][et_pb_column type=&#8220;1_2&#8243; _builder_version=&#8220;4.11.2&#8243; _module_preset=&#8220;default&#8220; global_colors_info=&#8220;{}&#8220;][et_pb_text _builder_version=&#8220;4.11.2&#8243; _module_preset=&#8220;default&#8220; global_colors_info=&#8220;{}&#8220;]<\/p>\n<h2><strong>J\u00e1rnbrautir:<\/strong><\/h2>\n<p><strong>Ebbe Dr\u00f6gem\u00fcller<\/strong>, Dansk Jernbaneforbund, Danm\u00f6rk (forma\u00f0ur)<\/p>\n<p><strong>Torfinn H\u00e5verstad<\/strong>, NJF, Noregur, (varaforma\u00f0ur)<\/p>\n<p><strong>Carsten Michael Olesen<\/strong> <strong>Fredriksen<\/strong>, Dansk Jernbaneforbund, Danm\u00f6rk (ritari)<\/p>\n<p><strong>Teppo J\u00e4rnstedt<\/strong>, JHL, Finnland<\/p>\n<p><strong>Line Steinseth<\/strong>, NLF, Noregur<\/p>\n<p>Mynd: Pekka Rousi<\/p>\n<p>[\/et_pb_text][\/et_pb_column][\/et_pb_row][et_pb_row column_structure=&#8220;1_2,1_2&#8243; _builder_version=&#8220;4.11.2&#8243; _module_preset=&#8220;default&#8220; global_colors_info=&#8220;{}&#8220;][et_pb_column type=&#8220;1_2&#8243; _builder_version=&#8220;4.11.2&#8243; _module_preset=&#8220;default&#8220; global_colors_info=&#8220;{}&#8220;][et_pb_image src=&#8220;https:\/\/www.nordictransport.org\/wp-content\/uploads\/2023\/08\/NTF2023_WEB_DAY1-25.jpg&#8220; title_text=&#8220;NTF2023_WEB_DAY1-25&#8243; _builder_version=&#8220;4.11.2&#8243; _module_preset=&#8220;default&#8220; global_colors_info=&#8220;{}&#8220;][\/et_pb_image][\/et_pb_column][et_pb_column type=&#8220;1_2&#8243; _builder_version=&#8220;4.11.2&#8243; _module_preset=&#8220;default&#8220; global_colors_info=&#8220;{}&#8220;][et_pb_text _builder_version=&#8220;4.11.2&#8243; _module_preset=&#8220;default&#8220; global_colors_info=&#8220;{}&#8220;]<\/p>\n<h2><strong>V\u00f6ruafgrei\u00f0sla og v\u00f6ruh\u00fas:<\/strong><\/h2>\n<p><strong>Magnus Larsson<\/strong>, Transportarbetaref\u00f6rbundet, Sv\u00ed\u00fej\u00f3\u00f0 (forma\u00f0ur)<\/p>\n<p><strong>Bj\u00f8rn Anders Jonassen<\/strong>, Fellesforbundet, Noregur (varaforma\u00f0ur)<\/p>\n<p><strong>Ole Christensen<\/strong>, 3F, Danm\u00f6rk (ritari)<\/p>\n<p><strong>Samra Akhtar<\/strong>, HK i Norge, Noregur<\/p>\n<p><strong>Dan Kirkel<\/strong>, HK Privat, Danm\u00f6rk<\/p>\n<p><strong>Jari Kudjoi<\/strong>, AKT, Finnland<\/p>\n<p><strong>Heidi Nousiainen<\/strong>, Unionen, Sv\u00ed\u00fej\u00f3\u00f0<\/p>\n<p><strong>Heri Reynheim<\/strong>, <span>Havnar Arbei\u00f0arafelag,F\u00e6reyara<\/span><\/p>\n<p><p>Mynd: Pekka Rousi<\/p>\n<p>[\/et_pb_text][\/et_pb_column][\/et_pb_row][et_pb_row column_structure=&#8220;1_2,1_2&#8243; _builder_version=&#8220;4.11.2&#8243; _module_preset=&#8220;default&#8220; global_colors_info=&#8220;{}&#8220;][et_pb_column type=&#8220;1_2&#8243; _builder_version=&#8220;4.11.2&#8243; _module_preset=&#8220;default&#8220; global_colors_info=&#8220;{}&#8220;][et_pb_image src=&#8220;https:\/\/www.nordictransport.org\/wp-content\/uploads\/2023\/08\/NTF2023_WEB_DAY2-4.jpg&#8220; title_text=&#8220;NTF2023_WEB_DAY2-4&#8243; _builder_version=&#8220;4.11.2&#8243; _module_preset=&#8220;default&#8220; global_colors_info=&#8220;{}&#8220;][\/et_pb_image][\/et_pb_column][et_pb_column type=&#8220;1_2&#8243; _builder_version=&#8220;4.11.2&#8243; _module_preset=&#8220;default&#8220; global_colors_info=&#8220;{}&#8220;][et_pb_text _builder_version=&#8220;4.11.2&#8243; _module_preset=&#8220;default&#8220; global_colors_info=&#8220;{}&#8220;]<\/p>\n<h2><strong>Almenningssamg\u00f6ngur:<\/strong><\/h2>\n<p><strong>Dag-Einar Sivertsen<\/strong>, Fellesforbundet, Noregur (forma\u00f0ur)<\/p>\n<p><strong>Juha Ollas<\/strong>, AKT, Finnland (varaforma\u00f0ur)<\/p>\n<p><strong>Anna Erixon<\/strong>, Transportarbetaref\u00f6rbundet, Sv\u00ed\u00fej\u00f3\u00f0 (ritari)<\/p>\n<p><strong>J\u00f8rn Hedengran<\/strong>, 3F, Danm\u00f6rk<\/p>\n<p><p><strong>Mario Gavran<\/strong>, Kommunal, Sv\u00ed\u00fej\u00f3\u00f0<\/p>\n<p>Mynd: Pekka Rousi<\/p>\n<p>[\/et_pb_text][\/et_pb_column][\/et_pb_row][et_pb_row column_structure=&#8220;1_2,1_2&#8243; _builder_version=&#8220;4.11.2&#8243; _module_preset=&#8220;default&#8220; global_colors_info=&#8220;{}&#8220;][et_pb_column type=&#8220;1_2&#8243; _builder_version=&#8220;4.11.2&#8243; _module_preset=&#8220;default&#8220; global_colors_info=&#8220;{}&#8220;][et_pb_image src=&#8220;https:\/\/www.nordictransport.org\/wp-content\/uploads\/2023\/08\/NTF2023_WEB_DAY2-14.jpg&#8220; title_text=&#8220;NTF2023_WEB_DAY2-14&#8243; _builder_version=&#8220;4.11.2&#8243; _module_preset=&#8220;default&#8220; global_colors_info=&#8220;{}&#8220;][\/et_pb_image][\/et_pb_column][et_pb_column type=&#8220;1_2&#8243; _builder_version=&#8220;4.11.2&#8243; _module_preset=&#8220;default&#8220; global_colors_info=&#8220;{}&#8220;][et_pb_text _builder_version=&#8220;4.11.2&#8243; _module_preset=&#8220;default&#8220; global_colors_info=&#8220;{}&#8220;]<\/p>\n<h2><strong>Sj\u00f3flutningar og fiskvei\u00f0ar:<\/strong><\/h2>\n<p><strong>Ronny \u00d8ksnes<\/strong>, Norsk Sj\u00f8mannsforbund, Noregur (forma\u00f0ur)<\/p>\n<p><strong>Katrina Ansarfwe<\/strong>, Seko, Sv\u00ed\u00fej\u00f3\u00f0 (varaforma\u00f0ur)<\/p>\n<p><strong>Karsten Kristensen<\/strong>, 3F, Danm\u00f6rk (ritari)<\/p>\n<p><strong>Heikki Karla<\/strong>, Finlands Sj\u00f6mans-Union FSU, Finnland<\/p>\n<p><strong>Christian Petersen<\/strong>, Dansk Metal, Danm\u00f6rk<\/p>\n<p><strong>Jan H\u00f8jgaard<\/strong>, Fiskimannafelag, F\u00e6reyara<\/p>\n<p><strong>Hans Sande<\/strong>, Norsk Sj\u00f8offisersforbund, Noregur<\/p>\n<p><strong>Line Heimstad<\/strong>, Norsk Sj\u00f8mannsforbund, Noregur<\/p>\n<p><strong>Jonas Gardarsson<\/strong>, Sj\u00f3mannaf\u00e9lag \u00cdslands, \u00cdsland<\/p>\n<p>Mynd: Pekka Rousi<\/p>\n<p>[\/et_pb_text][\/et_pb_column][\/et_pb_row][\/et_pb_section]<\/p>\n","protected":false},"excerpt":{"rendered":"<p>Kj\u00f6rnir fulltr\u00faar og endursko\u00f0endur H\u00e6sta stig sambandsins er \u00feingi\u00f0, sem hittist \u00e1 fimm \u00e1ra fresti. \u00c1 \u00feinginu er fjalla\u00f0 um, me\u00f0al annars ,starfsemissk\u00fdrslur og \u00e1rssk\u00fdrslur, lag\u00f0ar fram till\u00f6gur og \u00e1kvar\u00f0anir um a\u00f0ildargj\u00f6ld. \u00deingi\u00f0 k\u00fds forseta sambandsins, varaforseta og 11 me\u00f0limi \u00ed stj\u00f3rn. \u00c1 milli \u00feingfunda er stj\u00f3rnin \u00e6\u00f0sta \u00e1kv\u00f6r\u00f0unarvald sambandsins. Stj\u00f3rnin skipar vinnunefnd sem samanstendur [&hellip;]<\/p>\n","protected":false},"author":1,"featured_media":0,"parent":0,"menu_order":2,"comment_status":"closed","ping_status":"closed","template":"","meta":{"_et_pb_use_builder":"on","_et_pb_old_content":"","_et_gb_content_width":""},"_links":{"self":[{"href":"https:\/\/www.nordictransport.org\/is\/wp-json\/wp\/v2\/pages\/1716"}],"collection":[{"href":"https:\/\/www.nordictransport.org\/is\/wp-json\/wp\/v2\/pages"}],"about":[{"href":"https:\/\/www.nordictransport.org\/is\/wp-json\/wp\/v2\/types\/page"}],"author":[{"embeddable":true,"href":"https:\/\/www.nordictransport.org\/is\/wp-json\/wp\/v2\/users\/1"}],"replies":[{"embeddable":true,"href":"https:\/\/www.nordictransport.org\/is\/wp-json\/wp\/v2\/comments?post=1716"}],"version-history":[{"count":107,"href":"https:\/\/www.nordictransport.org\/is\/wp-json\/wp\/v2\/pages\/1716\/revisions"}],"predecessor-version":[{"id":3167,"href":"https:\/\/www.nordictransport.org\/is\/wp-json\/wp\/v2\/pages\/1716\/revisions\/3167"}],"wp:attachment":[{"href":"https:\/\/www.nordictransport.org\/is\/wp-json\/wp\/v2\/media?parent=1716"}],"curies":[{"name":"wp","href":"https:\/\/api.w.org\/{rel}","templated":true}]}}