{"id":1740,"date":"2021-08-26T14:23:47","date_gmt":"2021-08-26T12:23:47","guid":{"rendered":"https:\/\/www.nordictransport.org\/log\/"},"modified":"2023-08-29T15:17:13","modified_gmt":"2023-08-29T13:17:13","slug":"log","status":"publish","type":"page","link":"https:\/\/www.nordictransport.org\/is\/log\/","title":{"rendered":"L\u00f6g"},"content":{"rendered":"<p>[et_pb_section fb_built=&#8220;1&#8243; fullwidth=&#8220;on&#8220; admin_label=&#8220;Hero Section&#8220; _builder_version=&#8220;3.22&#8243; global_colors_info=&#8220;{}&#8220;][et_pb_fullwidth_header title=&#8220;L\u00f6g&#8220; text_orientation=&#8220;center&#8220; header_fullscreen=&#8220;on&#8220; background_overlay_color=&#8220;rgba(0,0,0,0.5)&#8220; title_font_color=&#8220;#ffffff&#8220; subhead_font_color=&#8220;#ffffff&#8220; _builder_version=&#8220;4.6.5&#8243; title_font=&#8220;Nunito||||||||&#8220; title_text_color=&#8220;#ffffff&#8220; title_font_size=&#8220;80px&#8220; content_font=&#8220;||||||||&#8220; subhead_font=&#8220;Open Sans||||||||&#8220; subhead_text_color=&#8220;#ffffff&#8220; subhead_font_size=&#8220;24px&#8220; subhead_line_height=&#8220;1.6em&#8220; background_color=&#8220;rgba(255, 255, 255, 0)&#8220; background_image=&#8220;https:\/\/www.nordictransport.org\/wp-content\/uploads\/2020\/12\/StadgarBakgrund-scaled.jpg&#8220; custom_button_one=&#8220;on&#8220; button_one_text_size=&#8220;14px&#8220; button_one_text_color=&#8220;#ffffff&#8220; button_one_bg_color=&#8220;#0099e5&#8243; button_one_border_width=&#8220;12px&#8220; button_one_border_color=&#8220;#0099e5&#8243; button_one_border_radius=&#8220;0px&#8220; button_one_letter_spacing=&#8220;2px&#8220; button_one_font=&#8220;Nunito|700||on|||||&#8220; button_one_use_icon=&#8220;off&#8220; background_layout=&#8220;light&#8220; animation_style=&#8220;fade&#8220; title_font_size_tablet=&#8220;&#8220; title_font_size_phone=&#8220;48px&#8220; title_font_size_last_edited=&#8220;on|phone&#8220; subhead_font_size_tablet=&#8220;&#8220; subhead_font_size_phone=&#8220;&#8220; subhead_font_size_last_edited=&#8220;on|phone&#8220; button_one_text_color_hover=&#8220;#ffffff&#8220; button_one_border_color_hover=&#8220;#0099e5&#8243; button_one_border_radius_hover=&#8220;0px&#8220; button_one_letter_spacing_hover=&#8220;2px&#8220; button_one_bg_color_hover=&#8220;#0099e5&#8243; global_colors_info=&#8220;{}&#8220; button_one_text_size__hover_enabled=&#8220;off&#8220; button_two_text_size__hover_enabled=&#8220;off&#8220; button_one_text_color__hover_enabled=&#8220;on&#8220; button_one_text_color__hover=&#8220;#ffffff&#8220; button_two_text_color__hover_enabled=&#8220;off&#8220; button_one_border_width__hover_enabled=&#8220;off&#8220; button_two_border_width__hover_enabled=&#8220;off&#8220; button_one_border_color__hover_enabled=&#8220;on&#8220; button_one_border_color__hover=&#8220;#0099e5&#8243; button_two_border_color__hover_enabled=&#8220;off&#8220; button_one_border_radius__hover_enabled=&#8220;on&#8220; button_one_border_radius__hover=&#8220;0px&#8220; button_two_border_radius__hover_enabled=&#8220;off&#8220; button_one_letter_spacing__hover_enabled=&#8220;on&#8220; button_one_letter_spacing__hover=&#8220;2px&#8220; button_two_letter_spacing__hover_enabled=&#8220;off&#8220; button_one_bg_color__hover_enabled=&#8220;on&#8220; button_one_bg_color__hover=&#8220;#0099e5&#8243; button_two_bg_color__hover_enabled=&#8220;off&#8220;][\/et_pb_fullwidth_header][\/et_pb_section][et_pb_section fb_built=&#8220;1&#8243; admin_label=&#8220;All Categories Section&#8220; _builder_version=&#8220;4.9.4&#8243; custom_padding=&#8220;0px||50px||false|false&#8220; global_colors_info=&#8220;{}&#8220;][et_pb_row _builder_version=&#8220;4.6.5&#8243; _module_preset=&#8220;default&#8220; custom_padding=&#8220;40px|||||&#8220; global_colors_info=&#8220;{}&#8220;][et_pb_column type=&#8220;4_4&#8243; _builder_version=&#8220;4.6.5&#8243; _module_preset=&#8220;default&#8220; global_colors_info=&#8220;{}&#8220;][et_pb_text _builder_version=&#8220;4.11.2&#8243; _module_preset=&#8220;default&#8220; global_colors_info=&#8220;{}&#8220;]<\/p>\n<h2>L\u00f6g<\/h2>\n<p>H\u00e9r kynnum vi\u00f0 l\u00f6g NTF sem sam\u00feykkt voru \u00e1 \u00feinginu 2023.<\/p>\n<p>[\/et_pb_text][\/et_pb_column][\/et_pb_row][et_pb_row column_structure=&#8220;1_4,1_4,1_4,1_4&#8243; _builder_version=&#8220;4.11.2&#8243; _module_preset=&#8220;default&#8220; custom_padding=&#8220;7px|||||&#8220; global_colors_info=&#8220;{}&#8220;][et_pb_column type=&#8220;1_4&#8243; _builder_version=&#8220;4.8.2&#8243; _module_preset=&#8220;default&#8220; background_color=&#8220;#0466C8&#8243; link_option_url_new_window=&#8220;on&#8220; global_colors_info=&#8220;{}&#8220;][et_pb_cta title=&#8220;        &#8220; button_url=&#8220;https:\/\/www.nordictransport.org\/wp-content\/uploads\/2023\/08\/NTF-Statutes_2023-SWE-1.pdf&#8220; url_new_window=&#8220;on&#8220; button_text=&#8220;s\u00e6nska&#8220; _builder_version=&#8220;4.11.2&#8243; _module_preset=&#8220;default&#8220; header_text_color=&#8220;#FFFFFF&#8220; header_font_size=&#8220;35px&#8220; background_color=&#8220;#0466C8&#8243; background_image=&#8220;https:\/\/www.nordictransport.org\/wp-content\/uploads\/2021\/05\/iStock-1296515366-scaled.jpg&#8220; custom_button=&#8220;on&#8220; button_text_size=&#8220;15px&#8220; button_text_color=&#8220;#FFFFFF&#8220; button_bg_color=&#8220;#33415C&#8220; button_border_width=&#8220;1px&#8220; button_border_radius=&#8220;3px&#8220; button_custom_padding=&#8220;0px|35px|0px|35px|false|false&#8220; custom_padding=&#8220;82px||26px||false|false&#8220; border_color_all=&#8220;#001233&#8243; border_style_all=&#8220;solid&#8220; global_colors_info=&#8220;{}&#8220;][\/et_pb_cta][\/et_pb_column][et_pb_column type=&#8220;1_4&#8243; _builder_version=&#8220;4.8.2&#8243; _module_preset=&#8220;default&#8220; background_color=&#8220;#0466C8&#8243; link_option_url_new_window=&#8220;on&#8220; global_colors_info=&#8220;{}&#8220;][et_pb_cta title=&#8220;         &#8220; button_url=&#8220;https:\/\/www.nordictransport.org\/wp-content\/uploads\/2023\/08\/NTF_Statutes2023_FINx.pdf&#8220; url_new_window=&#8220;on&#8220; button_text=&#8220;finnska&#8220; _builder_version=&#8220;4.11.2&#8243; _module_preset=&#8220;default&#8220; header_level=&#8220;h1&#8243; header_font_size=&#8220;35px&#8220; background_color=&#8220;#0466C8&#8243; background_image=&#8220;https:\/\/www.nordictransport.org\/wp-content\/uploads\/2021\/05\/iStock-609915700-scaled.jpg&#8220; custom_button=&#8220;on&#8220; button_text_size=&#8220;15px&#8220; button_bg_color=&#8220;#33415C&#8220; button_border_width=&#8220;1px&#8220; button_custom_padding=&#8220;0px|40px|0px|40px|false|false&#8220; custom_padding=&#8220;82px||26px|||&#8220; global_colors_info=&#8220;{}&#8220;][\/et_pb_cta][\/et_pb_column][et_pb_column type=&#8220;1_4&#8243; _builder_version=&#8220;4.8.2&#8243; _module_preset=&#8220;default&#8220; link_option_url_new_window=&#8220;on&#8220; global_colors_info=&#8220;{}&#8220;][et_pb_cta title=&#8220;         &#8220; button_url=&#8220;https:\/\/www.nordictransport.org\/wp-content\/uploads\/2023\/08\/Icelandic_NTF-Statutes_2023.pdf&#8220; url_new_window=&#8220;on&#8220; button_text=&#8220;\u00edslenska&#8220; _builder_version=&#8220;4.11.2&#8243; _module_preset=&#8220;default&#8220; header_level=&#8220;h1&#8243; header_font_size=&#8220;35px&#8220; background_color=&#8220;#0466C8&#8243; background_image=&#8220;https:\/\/www.nordictransport.org\/wp-content\/uploads\/2021\/05\/iStock-486632798-scaled.jpg&#8220; custom_button=&#8220;on&#8220; button_text_size=&#8220;15px&#8220; button_bg_color=&#8220;#33415C&#8220; button_border_width=&#8220;1px&#8220; button_custom_padding=&#8220;0px|40px|0px|40px|false|false&#8220; custom_padding=&#8220;82px||26px|||&#8220; global_colors_info=&#8220;{}&#8220;][\/et_pb_cta][\/et_pb_column][et_pb_column type=&#8220;1_4&#8243; _builder_version=&#8220;4.8.2&#8243; _module_preset=&#8220;default&#8220; link_option_url_new_window=&#8220;on&#8220; global_colors_info=&#8220;{}&#8220;][et_pb_cta title=&#8220;         &#8220; button_url=&#8220;https:\/\/www.nordictransport.org\/wp-content\/uploads\/2023\/08\/English_NTF-Statutes_2023.pdf&#8220; url_new_window=&#8220;on&#8220; button_text=&#8220;ensku&#8220; _builder_version=&#8220;4.11.2&#8243; _module_preset=&#8220;default&#8220; header_level=&#8220;h1&#8243; header_font_size=&#8220;35px&#8220; background_color=&#8220;#0466C8&#8243; background_image=&#8220;https:\/\/www.nordictransport.org\/wp-content\/uploads\/2023\/08\/London2.jpg&#8220; custom_button=&#8220;on&#8220; button_text_size=&#8220;15px&#8220; button_bg_color=&#8220;#33415C&#8220; button_border_width=&#8220;1px&#8220; button_custom_padding=&#8220;0px|40px|0px|40px|false|false&#8220; custom_padding=&#8220;82px||26px|||&#8220; hover_enabled=&#8220;0&#8243; global_colors_info=&#8220;{}&#8220; sticky_enabled=&#8220;0&#8243;][\/et_pb_cta][\/et_pb_column][\/et_pb_row][\/et_pb_section]<\/p>\n","protected":false},"excerpt":{"rendered":"<p>L\u00f6g H\u00e9r kynnum vi\u00f0 l\u00f6g NTF sem sam\u00feykkt voru \u00e1 \u00feinginu 2023.<\/p>\n","protected":false},"author":1,"featured_media":0,"parent":0,"menu_order":4,"comment_status":"closed","ping_status":"closed","template":"","meta":{"_et_pb_use_builder":"on","_et_pb_old_content":"","_et_gb_content_width":""},"_links":{"self":[{"href":"https:\/\/www.nordictransport.org\/is\/wp-json\/wp\/v2\/pages\/1740"}],"collection":[{"href":"https:\/\/www.nordictransport.org\/is\/wp-json\/wp\/v2\/pages"}],"about":[{"href":"https:\/\/www.nordictransport.org\/is\/wp-json\/wp\/v2\/types\/page"}],"author":[{"embeddable":true,"href":"https:\/\/www.nordictransport.org\/is\/wp-json\/wp\/v2\/users\/1"}],"replies":[{"embeddable":true,"href":"https:\/\/www.nordictransport.org\/is\/wp-json\/wp\/v2\/comments?post=1740"}],"version-history":[{"count":15,"href":"https:\/\/www.nordictransport.org\/is\/wp-json\/wp\/v2\/pages\/1740\/revisions"}],"predecessor-version":[{"id":2815,"href":"https:\/\/www.nordictransport.org\/is\/wp-json\/wp\/v2\/pages\/1740\/revisions\/2815"}],"wp:attachment":[{"href":"https:\/\/www.nordictransport.org\/is\/wp-json\/wp\/v2\/media?parent=1740"}],"curies":[{"name":"wp","href":"https:\/\/api.w.org\/{rel}","templated":true}]}}